{"id":3466,"date":"2020-04-08T10:00:33","date_gmt":"2020-04-08T08:00:33","guid":{"rendered":"https:\/\/nova.depoles.com\/trgovina\/brusenje-flisa-srednje-scls82-40x620-mm-sv620ls82\/"},"modified":"2025-12-17T23:44:49","modified_gmt":"2025-12-17T22:44:49","slug":"brusenje-flisa-srednje-scls82-40x620-mm-sv620ls82","status":"publish","type":"product","link":"https:\/\/www.depoles.com\/hr\/trgovina\/brusenje-flisa-srednje-scls82-40x620-mm-sv620ls82\/","title":{"rendered":"Bru\u0161enje filca srednje SCLS82 40x620 mm SV620LS82"},"content":{"rendered":"<p><strong>Tehni\u010dni podatki:<\/strong><\/p>\n<ul>\n<li><strong>Te\u017ea:<\/strong>\n<ul>\n<li>Bruto te\u017ea: 0,50 kg<\/li>\n<li>Netto te\u017ea: 0,40 kg<\/li>\n<\/ul>\n<\/li>\n<li><strong>Embala\u017ea:<\/strong>\n<ul>\n<li>\u0160irina embala\u017ee: 400 mm<\/li>\n<li>Vi\u0161ina embala\u017ee: 300 mm<\/li>\n<li>Dol\u017eina embala\u017ee: 600 mm<\/li>\n<\/ul>\n<\/li>\n<li><strong>Splo\u0161ni podatki:<\/strong>\n<ul>\n<li>EAN koda: 9120058375453<\/li>\n<\/ul>\n<\/li>\n<\/ul>\n","protected":false},"excerpt":{"rendered":"<p>Tehni\u010dni podatki: Te\u017ea: Bruto te\u017ea: 0,50 kg Netto te\u017ea: 0,40 kg Embala\u017ea: \u0160irina embala\u017ee: 400 mm Vi\u0161ina embala\u017ee: 300 mm Dol\u017eina embala\u017ee: 600 mm Splo\u0161ni podatki: EAN koda: 9120058375453<\/p>\n","protected":false},"featured_media":3467,"template":"","meta":[],"product_brand":[],"product_cat":[1045,1043],"product_tag":[],"class_list":{"0":"post-3466","1":"product","2":"type-product","3":"status-publish","4":"has-post-thumbnail","6":"product_cat-pripomocki-kovine","7":"product_cat-stroji-za-kovine","9":"first","10":"instock","11":"shipping-taxable","12":"purchasable","13":"product-type-simple"},"_links":{"self":[{"href":"https:\/\/www.depoles.com\/hr\/wp-json\/wp\/v2\/product\/3466","targetHints":{"allow":["GET"]}}],"collection":[{"href":"https:\/\/www.depoles.com\/hr\/wp-json\/wp\/v2\/product"}],"about":[{"href":"https:\/\/www.depoles.com\/hr\/wp-json\/wp\/v2\/types\/product"}],"wp:featuredmedia":[{"embeddable":true,"href":"https:\/\/www.depoles.com\/hr\/wp-json\/wp\/v2\/media\/3467"}],"wp:attachment":[{"href":"https:\/\/www.depoles.com\/hr\/wp-json\/wp\/v2\/media?parent=3466"}],"wp:term":[{"taxonomy":"product_brand","embeddable":true,"href":"https:\/\/www.depoles.com\/hr\/wp-json\/wp\/v2\/product_brand?post=3466"},{"taxonomy":"product_cat","embeddable":true,"href":"https:\/\/www.depoles.com\/hr\/wp-json\/wp\/v2\/product_cat?post=3466"},{"taxonomy":"product_tag","embeddable":true,"href":"https:\/\/www.depoles.com\/hr\/wp-json\/wp\/v2\/product_tag?post=3466"}],"curies":[{"name":"wp","href":"https:\/\/api.w.org\/{rel}","templated":true}]}}