{"id":3528,"date":"2020-04-08T09:59:38","date_gmt":"2020-04-08T07:59:38","guid":{"rendered":"https:\/\/nova.depoles.com\/trgovina\/set-brusilnega-pasu-1xk60-3xk80-3xk100-3xk120-sbm100lset\/"},"modified":"2025-12-17T23:46:43","modified_gmt":"2025-12-17T22:46:43","slug":"set-brusilnega-pasu-1xk60-3xk80-3xk100-3xk120-sbm100lset","status":"publish","type":"product","link":"https:\/\/www.depoles.com\/hr\/trgovina\/set-brusilnega-pasu-1xk60-3xk80-3xk100-3xk120-sbm100lset\/","title":{"rendered":"Set brusnog papira 1xK60 3xK80 3xK100 3xK120 SBM100LSET"},"content":{"rendered":"<p><strong>Specifikacije izdelka:<\/strong><\/p>\n<ul>\n<li><strong>Te\u017ea:<\/strong>\n<ul>\n<li>Bruto te\u017ea: 0,60 kg<\/li>\n<li>Netto te\u017ea: 0,50 kg<\/li>\n<\/ul>\n<\/li>\n<li><strong>Embala\u017ea:<\/strong>\n<ul>\n<li>Dol\u017eina embala\u017ee: 600 mm<\/li>\n<li>\u0160irina embala\u017ee: 400 mm<\/li>\n<li>Vi\u0161ina embala\u017ee: 300 mm<\/li>\n<\/ul>\n<\/li>\n<li><strong>Splo\u0161ni podatki:<\/strong>\n<ul>\n<li>EAN koda: 9120039906836<\/li>\n<\/ul>\n<\/li>\n<\/ul>\n","protected":false},"excerpt":{"rendered":"<p>Specifikacije izdelka: Te\u017ea: Bruto te\u017ea: 0,60 kg Netto te\u017ea: 0,50 kg Embala\u017ea: Dol\u017eina embala\u017ee: 600 mm \u0160irina embala\u017ee: 400 mm Vi\u0161ina embala\u017ee: 300 mm Splo\u0161ni podatki: EAN koda: 9120039906836<\/p>\n","protected":false},"featured_media":3529,"template":"","meta":[],"product_brand":[],"product_cat":[1045,1043],"product_tag":[],"class_list":{"0":"post-3528","1":"product","2":"type-product","3":"status-publish","4":"has-post-thumbnail","6":"product_cat-pripomocki-kovine","7":"product_cat-stroji-za-kovine","9":"first","10":"instock","11":"shipping-taxable","12":"purchasable","13":"product-type-simple"},"_links":{"self":[{"href":"https:\/\/www.depoles.com\/hr\/wp-json\/wp\/v2\/product\/3528","targetHints":{"allow":["GET"]}}],"collection":[{"href":"https:\/\/www.depoles.com\/hr\/wp-json\/wp\/v2\/product"}],"about":[{"href":"https:\/\/www.depoles.com\/hr\/wp-json\/wp\/v2\/types\/product"}],"wp:featuredmedia":[{"embeddable":true,"href":"https:\/\/www.depoles.com\/hr\/wp-json\/wp\/v2\/media\/3529"}],"wp:attachment":[{"href":"https:\/\/www.depoles.com\/hr\/wp-json\/wp\/v2\/media?parent=3528"}],"wp:term":[{"taxonomy":"product_brand","embeddable":true,"href":"https:\/\/www.depoles.com\/hr\/wp-json\/wp\/v2\/product_brand?post=3528"},{"taxonomy":"product_cat","embeddable":true,"href":"https:\/\/www.depoles.com\/hr\/wp-json\/wp\/v2\/product_cat?post=3528"},{"taxonomy":"product_tag","embeddable":true,"href":"https:\/\/www.depoles.com\/hr\/wp-json\/wp\/v2\/product_tag?post=3528"}],"curies":[{"name":"wp","href":"https:\/\/api.w.org\/{rel}","templated":true}]}}