{"id":3544,"date":"2020-04-08T09:59:20","date_gmt":"2020-04-08T07:59:20","guid":{"rendered":"https:\/\/nova.depoles.com\/trgovina\/rezervna-zaga-104x22x3-0x30-kam215epssb\/"},"modified":"2025-12-17T23:46:57","modified_gmt":"2025-12-17T22:46:57","slug":"rezervna-zaga-104x22x3-0x30-kam215epssb","status":"publish","type":"product","link":"https:\/\/www.depoles.com\/hr\/trgovina\/rezervna-zaga-104x22x3-0x30-kam215epssb\/","title":{"rendered":"Rezervna pila 104x22x3.0x30 KAM215EPSSB"},"content":{"rendered":"<p><strong>Specifikacije izdelka:<\/strong><\/p>\n<ul>\n<li><strong>Te\u017ea:<\/strong><\/li>\n<ul>\n<li>Bruto te\u017ea: 0,62 kg<\/li>\n<li>Netto te\u017ea: 0,62 kg<\/li>\n<\/ul>\n<li><strong>Embala\u017ea:<\/strong><\/li>\n<ul>\n<li>Dol\u017eina embala\u017ee: 260 mm<\/li>\n<li>\u0160irina embala\u017ee: 260 mm<\/li>\n<li>Vi\u0161ina embala\u017ee: 5 mm<\/li>\n<\/ul>\n<\/ul>\n","protected":false},"excerpt":{"rendered":"<p>Specifikacije izdelka: Te\u017ea: Bruto te\u017ea: 0,62 kg Netto te\u017ea: 0,62 kg Embala\u017ea: Dol\u017eina embala\u017ee: 260 mm \u0160irina embala\u017ee: 260 mm Vi\u0161ina embala\u017ee: 5 mm<\/p>\n","protected":false},"featured_media":3545,"template":"","meta":[],"product_brand":[],"product_cat":[1045,1043],"product_tag":[],"class_list":{"0":"post-3544","1":"product","2":"type-product","3":"status-publish","4":"has-post-thumbnail","6":"product_cat-pripomocki-kovine","7":"product_cat-stroji-za-kovine","9":"first","10":"instock","11":"shipping-taxable","12":"purchasable","13":"product-type-simple"},"_links":{"self":[{"href":"https:\/\/www.depoles.com\/hr\/wp-json\/wp\/v2\/product\/3544","targetHints":{"allow":["GET"]}}],"collection":[{"href":"https:\/\/www.depoles.com\/hr\/wp-json\/wp\/v2\/product"}],"about":[{"href":"https:\/\/www.depoles.com\/hr\/wp-json\/wp\/v2\/types\/product"}],"wp:featuredmedia":[{"embeddable":true,"href":"https:\/\/www.depoles.com\/hr\/wp-json\/wp\/v2\/media\/3545"}],"wp:attachment":[{"href":"https:\/\/www.depoles.com\/hr\/wp-json\/wp\/v2\/media?parent=3544"}],"wp:term":[{"taxonomy":"product_brand","embeddable":true,"href":"https:\/\/www.depoles.com\/hr\/wp-json\/wp\/v2\/product_brand?post=3544"},{"taxonomy":"product_cat","embeddable":true,"href":"https:\/\/www.depoles.com\/hr\/wp-json\/wp\/v2\/product_cat?post=3544"},{"taxonomy":"product_tag","embeddable":true,"href":"https:\/\/www.depoles.com\/hr\/wp-json\/wp\/v2\/product_tag?post=3544"}],"curies":[{"name":"wp","href":"https:\/\/api.w.org\/{rel}","templated":true}]}}