{"id":3556,"date":"2020-04-08T09:59:09","date_gmt":"2020-04-08T07:59:09","guid":{"rendered":"https:\/\/nova.depoles.com\/trgovina\/zagin-list-zaga-za-kovino-cc-355-mm-mks355sb\/"},"modified":"2026-02-12T13:56:58","modified_gmt":"2026-02-12T12:56:58","slug":"zagin-list-zaga-za-kovino-cc-355-mm-mks355sb","status":"publish","type":"product","link":"https:\/\/www.depoles.com\/hr\/trgovina\/zagin-list-zaga-za-kovino-cc-355-mm-mks355sb\/","title":{"rendered":"List pile\/metalna pila CC 355 mm MKS355SB"},"content":{"rendered":"<p><strong>Tehni\u010dni podatki:<\/strong><\/p>\n<ul>\n<li><strong>Te\u017ea:<\/strong>\n<ul>\n<li>Bruto te\u017ea: 1,50 kg<\/li>\n<li>Netto te\u017ea: 1,30 kg<\/li>\n<\/ul>\n<\/li>\n<li><strong>Embala\u017ea:<\/strong>\n<ul>\n<li>Dol\u017eina embala\u017ee: 365 mm<\/li>\n<li>\u0160irina embala\u017ee: 365 mm<\/li>\n<li>Vi\u0161ina embala\u017ee: 20 mm<\/li>\n<\/ul>\n<\/li>\n<li><strong>Splo\u0161ni podatki:<\/strong>\n<ul>\n<li>EAN koda: 9120039903873<\/li>\n<\/ul>\n<\/li>\n<\/ul>\n","protected":false},"excerpt":{"rendered":"<p>Tehni\u010dni podatki: Te\u017ea: Bruto te\u017ea: 1,50 kg Netto te\u017ea: 1,30 kg Embala\u017ea: Dol\u017eina embala\u017ee: 365 mm \u0160irina embala\u017ee: 365 mm Vi\u0161ina embala\u017ee: 20 mm Splo\u0161ni podatki: EAN koda: 9120039903873<\/p>\n","protected":false},"featured_media":3557,"template":"","meta":[],"product_brand":[],"product_cat":[1055,1045,1043],"product_tag":[],"class_list":{"0":"post-3556","1":"product","2":"type-product","3":"status-publish","4":"has-post-thumbnail","6":"product_cat-krozne-zage-za-kovino","7":"product_cat-pripomocki-kovine","8":"product_cat-stroji-za-kovine","10":"first","11":"onbackorder","12":"shipping-taxable","13":"purchasable","14":"product-type-simple"},"_links":{"self":[{"href":"https:\/\/www.depoles.com\/hr\/wp-json\/wp\/v2\/product\/3556","targetHints":{"allow":["GET"]}}],"collection":[{"href":"https:\/\/www.depoles.com\/hr\/wp-json\/wp\/v2\/product"}],"about":[{"href":"https:\/\/www.depoles.com\/hr\/wp-json\/wp\/v2\/types\/product"}],"wp:featuredmedia":[{"embeddable":true,"href":"https:\/\/www.depoles.com\/hr\/wp-json\/wp\/v2\/media\/3557"}],"wp:attachment":[{"href":"https:\/\/www.depoles.com\/hr\/wp-json\/wp\/v2\/media?parent=3556"}],"wp:term":[{"taxonomy":"product_brand","embeddable":true,"href":"https:\/\/www.depoles.com\/hr\/wp-json\/wp\/v2\/product_brand?post=3556"},{"taxonomy":"product_cat","embeddable":true,"href":"https:\/\/www.depoles.com\/hr\/wp-json\/wp\/v2\/product_cat?post=3556"},{"taxonomy":"product_tag","embeddable":true,"href":"https:\/\/www.depoles.com\/hr\/wp-json\/wp\/v2\/product_tag?post=3556"}],"curies":[{"name":"wp","href":"https:\/\/api.w.org\/{rel}","templated":true}]}}