{"id":3564,"date":"2020-04-08T09:59:00","date_gmt":"2020-04-08T07:59:00","guid":{"rendered":"https:\/\/nova.depoles.com\/trgovina\/kroglicni-lezaj-v-zivo-sredisce-mt3-kgrmk3hq\/"},"modified":"2026-02-12T13:45:58","modified_gmt":"2026-02-12T12:45:58","slug":"kroglicni-lezaj-v-zivo-sredisce-mt3-kgrmk3hq","status":"publish","type":"product","link":"https:\/\/www.depoles.com\/hr\/trgovina\/kroglicni-lezaj-v-zivo-sredisce-mt3-kgrmk3hq\/","title":{"rendered":"Rotiraju\u0107i vrh za tokarilice MT3 KGRMK3HQ"},"content":{"rendered":"<p><strong>Specifikacije izdelka<\/strong><\/p>\n<ul>\n<li><strong>Te\u017ea<\/strong>\n<ul>\n<li>Bruto te\u017ea: 1 kg<\/li>\n<li>Netto te\u017ea: 0,80 kg<\/li>\n<\/ul>\n<\/li>\n<li><strong>Embala\u017ea<\/strong>\n<ul>\n<li>Dol\u017eina embala\u017ee: 150 mm<\/li>\n<li>\u0160irina embala\u017ee: 80 mm<\/li>\n<li>Vi\u0161ina embala\u017ee: 80 mm<\/li>\n<\/ul>\n<\/li>\n<li><strong>Splo\u0161ni podatki<\/strong>\n<ul>\n<li>EAN koda: 9120039904627<\/li>\n<\/ul>\n<\/li>\n<\/ul>\n","protected":false},"excerpt":{"rendered":"<p>Specifikacije izdelka Te\u017ea Bruto te\u017ea: 1 kg Netto te\u017ea: 0,80 kg Embala\u017ea Dol\u017eina embala\u017ee: 150 mm \u0160irina embala\u017ee: 80 mm Vi\u0161ina embala\u017ee: 80 mm Splo\u0161ni podatki EAN koda: 9120039904627<\/p>\n","protected":false},"featured_media":3565,"template":"","meta":[],"product_brand":[],"product_cat":[1045,1043],"product_tag":[],"class_list":{"0":"post-3564","1":"product","2":"type-product","3":"status-publish","4":"has-post-thumbnail","6":"product_cat-pripomocki-kovine","7":"product_cat-stroji-za-kovine","9":"first","10":"instock","11":"shipping-taxable","12":"purchasable","13":"product-type-simple"},"_links":{"self":[{"href":"https:\/\/www.depoles.com\/hr\/wp-json\/wp\/v2\/product\/3564","targetHints":{"allow":["GET"]}}],"collection":[{"href":"https:\/\/www.depoles.com\/hr\/wp-json\/wp\/v2\/product"}],"about":[{"href":"https:\/\/www.depoles.com\/hr\/wp-json\/wp\/v2\/types\/product"}],"wp:featuredmedia":[{"embeddable":true,"href":"https:\/\/www.depoles.com\/hr\/wp-json\/wp\/v2\/media\/3565"}],"wp:attachment":[{"href":"https:\/\/www.depoles.com\/hr\/wp-json\/wp\/v2\/media?parent=3564"}],"wp:term":[{"taxonomy":"product_brand","embeddable":true,"href":"https:\/\/www.depoles.com\/hr\/wp-json\/wp\/v2\/product_brand?post=3564"},{"taxonomy":"product_cat","embeddable":true,"href":"https:\/\/www.depoles.com\/hr\/wp-json\/wp\/v2\/product_cat?post=3564"},{"taxonomy":"product_tag","embeddable":true,"href":"https:\/\/www.depoles.com\/hr\/wp-json\/wp\/v2\/product_tag?post=3564"}],"curies":[{"name":"wp","href":"https:\/\/api.w.org\/{rel}","templated":true}]}}