{"id":3582,"date":"2020-04-08T09:58:37","date_gmt":"2020-04-08T07:58:37","guid":{"rendered":"https:\/\/nova.depoles.com\/trgovina\/metrika-set-tap-set-gbm110tin\/"},"modified":"2026-02-12T13:49:23","modified_gmt":"2026-02-12T12:49:23","slug":"metrika-set-tap-set-gbm110tin","status":"publish","type":"product","link":"https:\/\/www.depoles.com\/hr\/trgovina\/metrika-set-tap-set-gbm110tin\/","title":{"rendered":"Metrika set &amp; tap set GBM110TIN"},"content":{"rendered":"<p><strong>Tehni\u010dne specifikacije:<\/strong><\/p>\n<ul>\n<li><strong>Te\u017ea:<\/strong>\n<ul>\n<li>Bruto te\u017ea: 7 kg<\/li>\n<li>Netto te\u017ea: 6,50 kg<\/li>\n<\/ul>\n<\/li>\n<li><strong>Embala\u017ea:<\/strong>\n<ul>\n<li>Dol\u017eina embala\u017ee: 500 mm<\/li>\n<li>\u0160irina embala\u017ee: 400 mm<\/li>\n<li>Vi\u0161ina embala\u017ee: 100 mm<\/li>\n<\/ul>\n<\/li>\n<li><strong>Splo\u0161ni podatki:<\/strong>\n<ul>\n<li>EAN koda: 9120039904245<\/li>\n<\/ul>\n<\/li>\n<\/ul>\n","protected":false},"excerpt":{"rendered":"<h3>Opis izdelka<\/h3>\n<p>Komplet vsebuje 110 kosov orodja s TIN prevleko, vklju\u010dno s predrezalniki, rezkarji in matricami v razli\u010dnih velikostih. V kompletu so tudi klju\u010di za enostavno uporabo.<\/p>\n<ul>\n<li>110 kosov orodja s TIN prevleko<\/li>\n<li>Predrezalniki, rezkarji in matrice v naslednjih velikostih: M2x0,4, M3x0,5, M4x0,7, M5x0,8, M6x0,75, M6x1,0, M7x0,75, M7x1,0, M8x0,75, M8x1,0, M8x1,25, M9x0,75, M9x1,0, M9x1,25, M10x0,75, M10x1,0, M10x1,25, M10x1,5, M11x0,75, M11x1,0, M11x1,25, M11x1,5, M12x0,75, M12x1,0, M12x1,25, M12x1,5, M12x1,75, M14x1,0, M14x1,25, M14x1,5, M14x2,0, M16x1,0, M16x1,5, M16x2,0, M18x1,5<\/li>\n<li>2 klju\u010da<\/li>\n<li>1 T-klju\u010d iz pipe<\/li>\n<\/ul>\n","protected":false},"featured_media":3583,"template":"","meta":[],"product_brand":[],"product_cat":[1045,1043],"product_tag":[],"class_list":{"0":"post-3582","1":"product","2":"type-product","3":"status-publish","4":"has-post-thumbnail","6":"product_cat-pripomocki-kovine","7":"product_cat-stroji-za-kovine","9":"first","10":"instock","11":"shipping-taxable","12":"purchasable","13":"product-type-simple"},"_links":{"self":[{"href":"https:\/\/www.depoles.com\/hr\/wp-json\/wp\/v2\/product\/3582","targetHints":{"allow":["GET"]}}],"collection":[{"href":"https:\/\/www.depoles.com\/hr\/wp-json\/wp\/v2\/product"}],"about":[{"href":"https:\/\/www.depoles.com\/hr\/wp-json\/wp\/v2\/types\/product"}],"wp:featuredmedia":[{"embeddable":true,"href":"https:\/\/www.depoles.com\/hr\/wp-json\/wp\/v2\/media\/3583"}],"wp:attachment":[{"href":"https:\/\/www.depoles.com\/hr\/wp-json\/wp\/v2\/media?parent=3582"}],"wp:term":[{"taxonomy":"product_brand","embeddable":true,"href":"https:\/\/www.depoles.com\/hr\/wp-json\/wp\/v2\/product_brand?post=3582"},{"taxonomy":"product_cat","embeddable":true,"href":"https:\/\/www.depoles.com\/hr\/wp-json\/wp\/v2\/product_cat?post=3582"},{"taxonomy":"product_tag","embeddable":true,"href":"https:\/\/www.depoles.com\/hr\/wp-json\/wp\/v2\/product_tag?post=3582"}],"curies":[{"name":"wp","href":"https:\/\/api.w.org\/{rel}","templated":true}]}}