{"id":3601,"date":"2020-04-08T09:58:15","date_gmt":"2020-04-08T07:58:15","guid":{"rendered":"https:\/\/nova.depoles.com\/trgovina\/koncni-mlin-z-2-in-4-rezalnikom-ffs12\/"},"modified":"2026-02-12T13:45:48","modified_gmt":"2026-02-12T12:45:48","slug":"koncni-mlin-z-2-in-4-rezalnikom-ffs12","status":"publish","type":"product","link":"https:\/\/www.depoles.com\/hr\/trgovina\/koncni-mlin-z-2-in-4-rezalnikom-ffs12\/","title":{"rendered":"Zavr\u0161ni mlin s 2 i 4 reza\u010dem FFS12"},"content":{"rendered":"<p><strong>Tehni\u010dni podatki:<\/strong><\/p>\n<ul>\n<li><strong>Te\u017ea:<\/strong>\n<ul>\n<li>Bruto te\u017ea: 7 kg<\/li>\n<li>Netto te\u017ea: 6 kg<\/li>\n<\/ul>\n<\/li>\n<li><strong>Embala\u017ea:<\/strong>\n<ul>\n<li>Dol\u017eina embala\u017ee: 350 mm<\/li>\n<li>\u0160irina embala\u017ee: 250 mm<\/li>\n<li>Vi\u0161ina embala\u017ee: 250 mm<\/li>\n<\/ul>\n<\/li>\n<li><strong>Splo\u0161ni podatki:<\/strong>\n<ul>\n<li>EAN koda: 9120058370083<\/li>\n<\/ul>\n<\/li>\n<\/ul>\n","protected":false},"excerpt":{"rendered":"<p>Set 12 kosov vrtalnih svedrov, velikosti od 3 do 12 mm, z TiN prevleko za dalj\u0161o obstojnost in bolj\u0161o u\u010dinkovitost.<\/p>\n","protected":false},"featured_media":3602,"template":"","meta":[],"product_brand":[],"product_cat":[1045,1043],"product_tag":[],"class_list":{"0":"post-3601","1":"product","2":"type-product","3":"status-publish","4":"has-post-thumbnail","6":"product_cat-pripomocki-kovine","7":"product_cat-stroji-za-kovine","9":"first","10":"instock","11":"shipping-taxable","12":"purchasable","13":"product-type-simple"},"_links":{"self":[{"href":"https:\/\/www.depoles.com\/hr\/wp-json\/wp\/v2\/product\/3601","targetHints":{"allow":["GET"]}}],"collection":[{"href":"https:\/\/www.depoles.com\/hr\/wp-json\/wp\/v2\/product"}],"about":[{"href":"https:\/\/www.depoles.com\/hr\/wp-json\/wp\/v2\/types\/product"}],"wp:featuredmedia":[{"embeddable":true,"href":"https:\/\/www.depoles.com\/hr\/wp-json\/wp\/v2\/media\/3602"}],"wp:attachment":[{"href":"https:\/\/www.depoles.com\/hr\/wp-json\/wp\/v2\/media?parent=3601"}],"wp:term":[{"taxonomy":"product_brand","embeddable":true,"href":"https:\/\/www.depoles.com\/hr\/wp-json\/wp\/v2\/product_brand?post=3601"},{"taxonomy":"product_cat","embeddable":true,"href":"https:\/\/www.depoles.com\/hr\/wp-json\/wp\/v2\/product_cat?post=3601"},{"taxonomy":"product_tag","embeddable":true,"href":"https:\/\/www.depoles.com\/hr\/wp-json\/wp\/v2\/product_tag?post=3601"}],"curies":[{"name":"wp","href":"https:\/\/api.w.org\/{rel}","templated":true}]}}