{"id":3617,"date":"2020-04-08T09:57:57","date_gmt":"2020-04-08T07:57:57","guid":{"rendered":"https:\/\/nova.depoles.com\/trgovina\/list-tracna-zaga-za-kovino-niro-inox-bs-275-m42-2480x27x09mm-6-10-zpz-bs275gpniro_6-10\/"},"modified":"2025-12-17T15:32:26","modified_gmt":"2025-12-17T14:32:26","slug":"list-tracna-zaga-za-kovino-niro-inox-bs-275-m42-2480x27x09mm-6-10-zpz-bs275gpniro_6-10","status":"publish","type":"product","link":"https:\/\/www.depoles.com\/hr\/trgovina\/list-tracna-zaga-za-kovino-niro-inox-bs-275-m42-2480x27x09mm-6-10-zpz-bs275gpniro_6-10\/","title":{"rendered":"List tra\u010dne pile za metal NIRO INOX BS 275 M42 2480x27x0,9mm 6\/10 ZpZ"},"content":{"rendered":"<p><strong>Tehni\u010dni podatki<\/strong><\/p>\n<ul>\n<li><strong>Te\u017ea<\/strong>\n<ul>\n<li>Bruto te\u017ea: 0,44 kg<\/li>\n<li>Netto te\u017ea: 0,42 kg<\/li>\n<\/ul>\n<\/li>\n<li><strong>Embala\u017ea<\/strong>\n<ul>\n<li>Dol\u017eina embala\u017ee: 1000 mm<\/li>\n<li>\u0160irina embala\u017ee: 500 mm<\/li>\n<li>Vi\u0161ina embala\u017ee: 100 mm<\/li>\n<\/ul>\n<\/li>\n<li><strong>Splo\u0161ni podatki<\/strong>\n<ul>\n<li>EAN koda: 9120039906386<\/li>\n<\/ul>\n<\/li>\n<\/ul>\n","protected":false},"excerpt":{"rendered":"<p>Tehni\u010dni podatki Te\u017ea Bruto te\u017ea: 0,44 kg Netto te\u017ea: 0,42 kg Embala\u017ea Dol\u017eina embala\u017ee: 1000 mm \u0160irina embala\u017ee: 500 mm Vi\u0161ina embala\u017ee: 100 mm Splo\u0161ni podatki EAN koda: 9120039906386<\/p>\n","protected":false},"featured_media":3618,"template":"","meta":[],"product_brand":[],"product_cat":[1045,1043,1060],"product_tag":[],"class_list":{"0":"post-3617","1":"product","2":"type-product","3":"status-publish","4":"has-post-thumbnail","6":"product_cat-pripomocki-kovine","7":"product_cat-stroji-za-kovine","8":"product_cat-tracne-zage-za-kovino","10":"first","11":"instock","12":"shipping-taxable","13":"purchasable","14":"product-type-simple"},"_links":{"self":[{"href":"https:\/\/www.depoles.com\/hr\/wp-json\/wp\/v2\/product\/3617","targetHints":{"allow":["GET"]}}],"collection":[{"href":"https:\/\/www.depoles.com\/hr\/wp-json\/wp\/v2\/product"}],"about":[{"href":"https:\/\/www.depoles.com\/hr\/wp-json\/wp\/v2\/types\/product"}],"wp:featuredmedia":[{"embeddable":true,"href":"https:\/\/www.depoles.com\/hr\/wp-json\/wp\/v2\/media\/3618"}],"wp:attachment":[{"href":"https:\/\/www.depoles.com\/hr\/wp-json\/wp\/v2\/media?parent=3617"}],"wp:term":[{"taxonomy":"product_brand","embeddable":true,"href":"https:\/\/www.depoles.com\/hr\/wp-json\/wp\/v2\/product_brand?post=3617"},{"taxonomy":"product_cat","embeddable":true,"href":"https:\/\/www.depoles.com\/hr\/wp-json\/wp\/v2\/product_cat?post=3617"},{"taxonomy":"product_tag","embeddable":true,"href":"https:\/\/www.depoles.com\/hr\/wp-json\/wp\/v2\/product_tag?post=3617"}],"curies":[{"name":"wp","href":"https:\/\/api.w.org\/{rel}","templated":true}]}}