{"id":3621,"date":"2020-04-08T09:57:54","date_gmt":"2020-04-08T07:57:54","guid":{"rendered":"https:\/\/nova.depoles.com\/trgovina\/tracna-zaga-hss-2455x25x09mm-t-8-mm-bs260ghss_8\/"},"modified":"2025-12-17T23:47:45","modified_gmt":"2025-12-17T22:47:45","slug":"tracna-zaga-hss-2455x25x09mm-t-8-mm-bs260ghss_8","status":"publish","type":"product","link":"https:\/\/www.depoles.com\/hr\/trgovina\/tracna-zaga-hss-2455x25x09mm-t-8-mm-bs260ghss_8\/","title":{"rendered":"Tra\u010dna pila HSS 2455x25x0,9mm T 8 mm BS260GHSS_8"},"content":{"rendered":"<p><strong>Tehni\u010dni podatki:<\/strong><\/p>\n<ul>\n<li><strong>Te\u017ea:<\/strong>\n<ul>\n<li>Bruto te\u017ea: 0,41 kg<\/li>\n<li>Netto te\u017ea: 0,39 kg<\/li>\n<\/ul>\n<\/li>\n<li><strong>Embala\u017ea:<\/strong>\n<ul>\n<li>Dol\u017eina embala\u017ee: 1200 mm<\/li>\n<li>\u0160irina embala\u017ee: 800 mm<\/li>\n<li>Vi\u0161ina embala\u017ee: 55 mm<\/li>\n<\/ul>\n<\/li>\n<li><strong>Splo\u0161ni podatki:<\/strong>\n<ul>\n<li>EAN koda: 9120058373039<\/li>\n<\/ul>\n<\/li>\n<\/ul>\n","protected":false},"excerpt":{"rendered":"<p>Tehni\u010dni podatki: Te\u017ea: Bruto te\u017ea: 0,41 kg Netto te\u017ea: 0,39 kg Embala\u017ea: Dol\u017eina embala\u017ee: 1200 mm \u0160irina embala\u017ee: 800 mm Vi\u0161ina embala\u017ee: 55 mm Splo\u0161ni podatki: EAN koda: 9120058373039<\/p>\n","protected":false},"featured_media":3622,"template":"","meta":[],"product_brand":[],"product_cat":[1045,1043],"product_tag":[],"class_list":{"0":"post-3621","1":"product","2":"type-product","3":"status-publish","4":"has-post-thumbnail","6":"product_cat-pripomocki-kovine","7":"product_cat-stroji-za-kovine","9":"first","10":"instock","11":"shipping-taxable","12":"purchasable","13":"product-type-simple"},"_links":{"self":[{"href":"https:\/\/www.depoles.com\/hr\/wp-json\/wp\/v2\/product\/3621","targetHints":{"allow":["GET"]}}],"collection":[{"href":"https:\/\/www.depoles.com\/hr\/wp-json\/wp\/v2\/product"}],"about":[{"href":"https:\/\/www.depoles.com\/hr\/wp-json\/wp\/v2\/types\/product"}],"wp:featuredmedia":[{"embeddable":true,"href":"https:\/\/www.depoles.com\/hr\/wp-json\/wp\/v2\/media\/3622"}],"wp:attachment":[{"href":"https:\/\/www.depoles.com\/hr\/wp-json\/wp\/v2\/media?parent=3621"}],"wp:term":[{"taxonomy":"product_brand","embeddable":true,"href":"https:\/\/www.depoles.com\/hr\/wp-json\/wp\/v2\/product_brand?post=3621"},{"taxonomy":"product_cat","embeddable":true,"href":"https:\/\/www.depoles.com\/hr\/wp-json\/wp\/v2\/product_cat?post=3621"},{"taxonomy":"product_tag","embeddable":true,"href":"https:\/\/www.depoles.com\/hr\/wp-json\/wp\/v2\/product_tag?post=3621"}],"curies":[{"name":"wp","href":"https:\/\/api.w.org\/{rel}","templated":true}]}}