{"id":3623,"date":"2020-04-08T09:57:52","date_gmt":"2020-04-08T07:57:52","guid":{"rendered":"https:\/\/nova.depoles.com\/trgovina\/list-tracna-zaga-niro-za-inox-bs-210-m42-2080x20x09mm-6-10-zpz-bs210gpniro_6-10\/"},"modified":"2026-03-03T20:06:14","modified_gmt":"2026-03-03T19:06:14","slug":"list-tracna-zaga-niro-za-inox-bs-210-m42-2080x20x09mm-6-10-zpz-bs210gpniro_6-10","status":"publish","type":"product","link":"https:\/\/www.depoles.com\/hr\/trgovina\/list-tracna-zaga-niro-za-inox-bs-210-m42-2080x20x09mm-6-10-zpz-bs210gpniro_6-10\/","title":{"rendered":"LIST TRA\u010cNE PILE NIRO za INOX BS 210 M42 2080x20x0,9mm 6\/10 ZpZ BS210 TOP NIRO_6 \/ 10"},"content":{"rendered":"<p><strong>Tehni\u010dni podatki<\/strong><\/p>\n<ul>\n<li><strong>Te\u017ea<\/strong>\n<ul>\n<li>Bruto te\u017ea: 0,28 kg<\/li>\n<li>Netto te\u017ea: 0,26 kg<\/li>\n<\/ul>\n<\/li>\n<li><strong>Pakiranje<\/strong>\n<ul>\n<li>Dol\u017eina pakiranja: 1000 mm<\/li>\n<li>\u0160irina pakiranja: 500 mm<\/li>\n<li>Vi\u0161ina pakiranja: 100 mm<\/li>\n<\/ul>\n<\/li>\n<li><strong>Splo\u0161ni podatki<\/strong>\n<ul>\n<li>EAN koda: 9120039909806<\/li>\n<\/ul>\n<\/li>\n<\/ul>\n","protected":false},"excerpt":{"rendered":"<p>Tehni\u010dni podatki Te\u017ea Bruto te\u017ea: 0,28 kg Netto te\u017ea: 0,26 kg Pakiranje Dol\u017eina pakiranja: 1000 mm \u0160irina pakiranja: 500 mm Vi\u0161ina pakiranja: 100 mm Splo\u0161ni podatki EAN koda: 9120039909806<\/p>\n","protected":false},"featured_media":3624,"template":"","meta":[],"product_brand":[],"product_cat":[1045,1043,1060],"product_tag":[],"class_list":{"0":"post-3623","1":"product","2":"type-product","3":"status-publish","4":"has-post-thumbnail","6":"product_cat-pripomocki-kovine","7":"product_cat-stroji-za-kovine","8":"product_cat-tracne-zage-za-kovino","10":"first","11":"instock","12":"shipping-taxable","13":"purchasable","14":"product-type-simple"},"_links":{"self":[{"href":"https:\/\/www.depoles.com\/hr\/wp-json\/wp\/v2\/product\/3623","targetHints":{"allow":["GET"]}}],"collection":[{"href":"https:\/\/www.depoles.com\/hr\/wp-json\/wp\/v2\/product"}],"about":[{"href":"https:\/\/www.depoles.com\/hr\/wp-json\/wp\/v2\/types\/product"}],"wp:featuredmedia":[{"embeddable":true,"href":"https:\/\/www.depoles.com\/hr\/wp-json\/wp\/v2\/media\/3624"}],"wp:attachment":[{"href":"https:\/\/www.depoles.com\/hr\/wp-json\/wp\/v2\/media?parent=3623"}],"wp:term":[{"taxonomy":"product_brand","embeddable":true,"href":"https:\/\/www.depoles.com\/hr\/wp-json\/wp\/v2\/product_brand?post=3623"},{"taxonomy":"product_cat","embeddable":true,"href":"https:\/\/www.depoles.com\/hr\/wp-json\/wp\/v2\/product_cat?post=3623"},{"taxonomy":"product_tag","embeddable":true,"href":"https:\/\/www.depoles.com\/hr\/wp-json\/wp\/v2\/product_tag?post=3623"}],"curies":[{"name":"wp","href":"https:\/\/api.w.org\/{rel}","templated":true}]}}