{"id":3627,"date":"2020-04-08T09:57:48","date_gmt":"2020-04-08T07:57:48","guid":{"rendered":"https:\/\/nova.depoles.com\/trgovina\/list-tracna-zaga-bs-210-hss-2110x20x08mm-t-8mm-bs210-hss_8\/"},"modified":"2026-03-03T20:07:39","modified_gmt":"2026-03-03T19:07:39","slug":"list-tracna-zaga-bs-210-hss-2110x20x08mm-t-8mm-bs210-hss_8","status":"publish","type":"product","link":"https:\/\/www.depoles.com\/hr\/trgovina\/list-tracna-zaga-bs-210-hss-2110x20x08mm-t-8mm-bs210-hss_8\/","title":{"rendered":"LIST TRA\u010cNE PILE BS 210HSS 2110x20x0,8mm T 8mm BS210 HSS_8"},"content":{"rendered":"<p><strong>Specifikacije izdelka<\/strong><\/p>\n<ul>\n<li><strong>Te\u017ea<\/strong>\n<ul>\n<li>Bruto te\u017ea: 0,26 kg<\/li>\n<li>Netto te\u017ea: 0,24 kg<\/li>\n<\/ul>\n<\/li>\n<li><strong>Embala\u017ea<\/strong>\n<ul>\n<li>Dol\u017eina embala\u017ee: 1000 mm<\/li>\n<li>\u0160irina embala\u017ee: 500 mm<\/li>\n<li>Vi\u0161ina embala\u017ee: 100 mm<\/li>\n<\/ul>\n<\/li>\n<li><strong>Splo\u0161ni podatki<\/strong>\n<ul>\n<li>EAN koda: 9120058373008<\/li>\n<\/ul>\n<\/li>\n<\/ul>\n","protected":false},"excerpt":{"rendered":"<p>Specifikacije izdelka Te\u017ea Bruto te\u017ea: 0,26 kg Netto te\u017ea: 0,24 kg Embala\u017ea Dol\u017eina embala\u017ee: 1000 mm \u0160irina embala\u017ee: 500 mm Vi\u0161ina embala\u017ee: 100 mm Splo\u0161ni podatki EAN koda: 9120058373008<\/p>\n","protected":false},"featured_media":3628,"template":"","meta":[],"product_brand":[],"product_cat":[1045,1043,1060],"product_tag":[],"class_list":{"0":"post-3627","1":"product","2":"type-product","3":"status-publish","4":"has-post-thumbnail","6":"product_cat-pripomocki-kovine","7":"product_cat-stroji-za-kovine","8":"product_cat-tracne-zage-za-kovino","10":"first","11":"instock","12":"shipping-taxable","13":"purchasable","14":"product-type-simple"},"_links":{"self":[{"href":"https:\/\/www.depoles.com\/hr\/wp-json\/wp\/v2\/product\/3627","targetHints":{"allow":["GET"]}}],"collection":[{"href":"https:\/\/www.depoles.com\/hr\/wp-json\/wp\/v2\/product"}],"about":[{"href":"https:\/\/www.depoles.com\/hr\/wp-json\/wp\/v2\/types\/product"}],"wp:featuredmedia":[{"embeddable":true,"href":"https:\/\/www.depoles.com\/hr\/wp-json\/wp\/v2\/media\/3628"}],"wp:attachment":[{"href":"https:\/\/www.depoles.com\/hr\/wp-json\/wp\/v2\/media?parent=3627"}],"wp:term":[{"taxonomy":"product_brand","embeddable":true,"href":"https:\/\/www.depoles.com\/hr\/wp-json\/wp\/v2\/product_brand?post=3627"},{"taxonomy":"product_cat","embeddable":true,"href":"https:\/\/www.depoles.com\/hr\/wp-json\/wp\/v2\/product_cat?post=3627"},{"taxonomy":"product_tag","embeddable":true,"href":"https:\/\/www.depoles.com\/hr\/wp-json\/wp\/v2\/product_tag?post=3627"}],"curies":[{"name":"wp","href":"https:\/\/api.w.org\/{rel}","templated":true}]}}