{"id":3635,"date":"2020-04-08T09:57:41","date_gmt":"2020-04-08T07:57:41","guid":{"rendered":"https:\/\/nova.depoles.com\/trgovina\/list-tracna-zaga-bs-115-128-hss-1638x13x065mm-14-zpz-bs115128hss_14\/"},"modified":"2026-03-03T19:58:26","modified_gmt":"2026-03-03T18:58:26","slug":"list-tracna-zaga-bs-115-128-hss-1638x13x065mm-14-zpz-bs115128hss_14","status":"publish","type":"product","link":"https:\/\/www.depoles.com\/hr\/trgovina\/list-tracna-zaga-bs-115-128-hss-1638x13x065mm-14-zpz-bs115128hss_14\/","title":{"rendered":"LIST TRA\u010cNE PILE BS 115\/128 HSS 1638x13x0,65mm 14 ZpZ"},"content":{"rendered":"<p><strong>Tehni\u010dni podatki:<\/strong><\/p>\n<ul>\n<li><strong>Te\u017ea:<\/strong>\n<ul>\n<li>Bruto te\u017ea: 0,12 kg<\/li>\n<li>Netto te\u017ea: 0,10 kg<\/li>\n<\/ul>\n<\/li>\n<li><strong>Embala\u017ea:<\/strong>\n<ul>\n<li>Dol\u017eina embala\u017ee: 1.000 mm<\/li>\n<li>\u0160irina embala\u017ee: 500 mm<\/li>\n<li>Vi\u0161ina embala\u017ee: 100 mm<\/li>\n<\/ul>\n<\/li>\n<li><strong>Splo\u0161ni podatki:<\/strong>\n<ul>\n<li>EAN koda: 9120039906409<\/li>\n<\/ul>\n<\/li>\n<\/ul>\n","protected":false},"excerpt":{"rendered":"<p>kvalitetni HSS list za tra\u010dno \u017eago namenjen razrezu pohistevnega \u017eeleza<\/p>\n","protected":false},"featured_media":3636,"template":"","meta":[],"product_brand":[],"product_cat":[1045,1043,1060],"product_tag":[],"class_list":{"0":"post-3635","1":"product","2":"type-product","3":"status-publish","4":"has-post-thumbnail","6":"product_cat-pripomocki-kovine","7":"product_cat-stroji-za-kovine","8":"product_cat-tracne-zage-za-kovino","10":"first","11":"instock","12":"shipping-taxable","13":"purchasable","14":"product-type-simple"},"_links":{"self":[{"href":"https:\/\/www.depoles.com\/hr\/wp-json\/wp\/v2\/product\/3635","targetHints":{"allow":["GET"]}}],"collection":[{"href":"https:\/\/www.depoles.com\/hr\/wp-json\/wp\/v2\/product"}],"about":[{"href":"https:\/\/www.depoles.com\/hr\/wp-json\/wp\/v2\/types\/product"}],"wp:featuredmedia":[{"embeddable":true,"href":"https:\/\/www.depoles.com\/hr\/wp-json\/wp\/v2\/media\/3636"}],"wp:attachment":[{"href":"https:\/\/www.depoles.com\/hr\/wp-json\/wp\/v2\/media?parent=3635"}],"wp:term":[{"taxonomy":"product_brand","embeddable":true,"href":"https:\/\/www.depoles.com\/hr\/wp-json\/wp\/v2\/product_brand?post=3635"},{"taxonomy":"product_cat","embeddable":true,"href":"https:\/\/www.depoles.com\/hr\/wp-json\/wp\/v2\/product_cat?post=3635"},{"taxonomy":"product_tag","embeddable":true,"href":"https:\/\/www.depoles.com\/hr\/wp-json\/wp\/v2\/product_tag?post=3635"}],"curies":[{"name":"wp","href":"https:\/\/api.w.org\/{rel}","templated":true}]}}