{"id":3645,"date":"2020-04-08T09:57:31","date_gmt":"2020-04-08T07:57:31","guid":{"rendered":"https:\/\/nova.depoles.com\/trgovina\/drzalo-rezalnega-orodja-z-visino-noza-ash10\/"},"modified":"2026-02-12T13:44:07","modified_gmt":"2026-02-12T12:44:07","slug":"drzalo-rezalnega-orodja-z-visino-noza-ash10","status":"publish","type":"product","link":"https:\/\/www.depoles.com\/hr\/trgovina\/drzalo-rezalnega-orodja-z-visino-noza-ash10\/","title":{"rendered":"Dr\u017ea\u010d reznog alata s visinom no\u017ea ASH10"},"content":{"rendered":"<p><strong>Tehni\u010dni podatki<\/strong><\/p>\n<ul>\n<li><strong>Te\u017ea<\/strong>\n<ul>\n<li>Bruto te\u017ea: 0,05 kg<\/li>\n<li>Netto te\u017ea: 0,03 kg<\/li>\n<\/ul>\n<\/li>\n<li><strong>Embala\u017ea<\/strong>\n<ul>\n<li>\u0160irina embala\u017ee: 75 mm<\/li>\n<li>Dol\u017eina embala\u017ee: 100 mm<\/li>\n<li>Vi\u0161ina embala\u017ee: 10 mm<\/li>\n<\/ul>\n<\/li>\n<li><strong>Splo\u0161ni podatki<\/strong>\n<ul>\n<li>EAN koda: 9120058378171<\/li>\n<\/ul>\n<\/li>\n<\/ul>\n","protected":false},"excerpt":{"rendered":"<p>Tehni\u010dni podatki Te\u017ea Bruto te\u017ea: 0,05 kg Netto te\u017ea: 0,03 kg Embala\u017ea \u0160irina embala\u017ee: 75 mm Dol\u017eina embala\u017ee: 100 mm Vi\u0161ina embala\u017ee: 10 mm Splo\u0161ni podatki EAN koda: 9120058378171<\/p>\n","protected":false},"featured_media":3646,"template":"","meta":[],"product_brand":[],"product_cat":[1045,1043],"product_tag":[],"class_list":{"0":"post-3645","1":"product","2":"type-product","3":"status-publish","4":"has-post-thumbnail","6":"product_cat-pripomocki-kovine","7":"product_cat-stroji-za-kovine","9":"first","10":"instock","11":"shipping-taxable","12":"purchasable","13":"product-type-simple"},"_links":{"self":[{"href":"https:\/\/www.depoles.com\/hr\/wp-json\/wp\/v2\/product\/3645","targetHints":{"allow":["GET"]}}],"collection":[{"href":"https:\/\/www.depoles.com\/hr\/wp-json\/wp\/v2\/product"}],"about":[{"href":"https:\/\/www.depoles.com\/hr\/wp-json\/wp\/v2\/types\/product"}],"wp:featuredmedia":[{"embeddable":true,"href":"https:\/\/www.depoles.com\/hr\/wp-json\/wp\/v2\/media\/3646"}],"wp:attachment":[{"href":"https:\/\/www.depoles.com\/hr\/wp-json\/wp\/v2\/media?parent=3645"}],"wp:term":[{"taxonomy":"product_brand","embeddable":true,"href":"https:\/\/www.depoles.com\/hr\/wp-json\/wp\/v2\/product_brand?post=3645"},{"taxonomy":"product_cat","embeddable":true,"href":"https:\/\/www.depoles.com\/hr\/wp-json\/wp\/v2\/product_cat?post=3645"},{"taxonomy":"product_tag","embeddable":true,"href":"https:\/\/www.depoles.com\/hr\/wp-json\/wp\/v2\/product_tag?post=3645"}],"curies":[{"name":"wp","href":"https:\/\/api.w.org\/{rel}","templated":true}]}}