{"id":3647,"date":"2020-04-08T09:57:29","date_gmt":"2020-04-08T07:57:29","guid":{"rendered":"https:\/\/nova.depoles.com\/trgovina\/drzalo-orodja-za-locevanje-z-nozem-ash16s\/"},"modified":"2026-02-12T13:53:30","modified_gmt":"2026-02-12T12:53:30","slug":"drzalo-orodja-za-locevanje-z-nozem-ash16s","status":"publish","type":"product","link":"https:\/\/www.depoles.com\/hr\/trgovina\/drzalo-orodja-za-locevanje-z-nozem-ash16s\/","title":{"rendered":"Dr\u017ea\u010d alata za odvajanje s no\u017eem ASH16S"},"content":{"rendered":"<p><strong>Tehni\u010dni podatki:<\/strong><\/p>\n<ul>\n<li><strong>Te\u017ea:<\/strong>\n<ul>\n<li>Bruto te\u017ea: 0,10 kg<\/li>\n<li>Netto te\u017ea: 0,08 kg<\/li>\n<\/ul>\n<\/li>\n<li><strong>Embala\u017ea:<\/strong>\n<ul>\n<li>\u0160irina embala\u017ee: 100 mm<\/li>\n<li>Vi\u0161ina embala\u017ee: 30 mm<\/li>\n<li>Dol\u017eina embala\u017ee: 200 mm<\/li>\n<\/ul>\n<\/li>\n<li><strong>Splo\u0161ni podatki:<\/strong>\n<ul>\n<li>EAN koda: 9120039909707<\/li>\n<\/ul>\n<\/li>\n<\/ul>\n","protected":false},"excerpt":{"rendered":"<h3>Poudarki<\/h3>\n<ul>\n<li>Hitro orodje za menjavo<\/li>\n<li>Priklju\u010dki za SWH20<\/li>\n<li>Vklju\u010den no\u017e 16 mm<\/li>\n<\/ul>\n","protected":false},"featured_media":3648,"template":"","meta":[],"product_brand":[],"product_cat":[1045,1043],"product_tag":[],"class_list":{"0":"post-3647","1":"product","2":"type-product","3":"status-publish","4":"has-post-thumbnail","6":"product_cat-pripomocki-kovine","7":"product_cat-stroji-za-kovine","9":"first","10":"instock","11":"shipping-taxable","12":"purchasable","13":"product-type-simple"},"_links":{"self":[{"href":"https:\/\/www.depoles.com\/hr\/wp-json\/wp\/v2\/product\/3647","targetHints":{"allow":["GET"]}}],"collection":[{"href":"https:\/\/www.depoles.com\/hr\/wp-json\/wp\/v2\/product"}],"about":[{"href":"https:\/\/www.depoles.com\/hr\/wp-json\/wp\/v2\/types\/product"}],"wp:featuredmedia":[{"embeddable":true,"href":"https:\/\/www.depoles.com\/hr\/wp-json\/wp\/v2\/media\/3648"}],"wp:attachment":[{"href":"https:\/\/www.depoles.com\/hr\/wp-json\/wp\/v2\/media?parent=3647"}],"wp:term":[{"taxonomy":"product_brand","embeddable":true,"href":"https:\/\/www.depoles.com\/hr\/wp-json\/wp\/v2\/product_brand?post=3647"},{"taxonomy":"product_cat","embeddable":true,"href":"https:\/\/www.depoles.com\/hr\/wp-json\/wp\/v2\/product_cat?post=3647"},{"taxonomy":"product_tag","embeddable":true,"href":"https:\/\/www.depoles.com\/hr\/wp-json\/wp\/v2\/product_tag?post=3647"}],"curies":[{"name":"wp","href":"https:\/\/api.w.org\/{rel}","templated":true}]}}