{"id":3651,"date":"2020-04-08T09:57:23","date_gmt":"2020-04-08T07:57:23","guid":{"rendered":"https:\/\/nova.depoles.com\/trgovina\/analogni-kazalnik-celjusti-amu1\/"},"modified":"2026-02-12T13:55:49","modified_gmt":"2026-02-12T12:55:49","slug":"analogni-kazalnik-celjusti-amu1","status":"publish","type":"product","link":"https:\/\/www.depoles.com\/hr\/trgovina\/analogni-kazalnik-celjusti-amu1\/","title":{"rendered":"Analogni pokaziva\u010d \u010deljusti AMU1"},"content":{"rendered":"<p><strong>Tehni\u010dne specifikacije:<\/strong><\/p>\n<ul>\n<li><strong>Te\u017ea:<\/strong>\n<ul>\n<li>Bruto te\u017ea: 0,22 kg<\/li>\n<li>Netto te\u017ea: 0,20 kg<\/li>\n<\/ul>\n<\/li>\n<li><strong>Embalaza:<\/strong>\n<ul>\n<li>Dol\u017eina embala\u017ee: 156 mm<\/li>\n<li>\u0160irina embala\u017ee: 92 mm<\/li>\n<li>Vi\u0161ina embala\u017ee: 71 mm<\/li>\n<\/ul>\n<\/li>\n<li><strong>Splo\u0161ni podatki:<\/strong>\n<ul>\n<li>EAN koda: 9120039909677<\/li>\n<\/ul>\n<\/li>\n<\/ul>\n","protected":false},"excerpt":{"rendered":"<h3>Poudarki<\/h3>\n<ul>\n<li>Razpon merjenja: 0-10 mm<\/li>\n<li>Lo\u010dljivost: 0,01 mm<\/li>\n<\/ul>\n","protected":false},"featured_media":3652,"template":"","meta":[],"product_brand":[],"product_cat":[1045,1043],"product_tag":[],"class_list":{"0":"post-3651","1":"product","2":"type-product","3":"status-publish","4":"has-post-thumbnail","6":"product_cat-pripomocki-kovine","7":"product_cat-stroji-za-kovine","9":"first","10":"instock","11":"shipping-taxable","12":"purchasable","13":"product-type-simple"},"_links":{"self":[{"href":"https:\/\/www.depoles.com\/hr\/wp-json\/wp\/v2\/product\/3651","targetHints":{"allow":["GET"]}}],"collection":[{"href":"https:\/\/www.depoles.com\/hr\/wp-json\/wp\/v2\/product"}],"about":[{"href":"https:\/\/www.depoles.com\/hr\/wp-json\/wp\/v2\/types\/product"}],"wp:featuredmedia":[{"embeddable":true,"href":"https:\/\/www.depoles.com\/hr\/wp-json\/wp\/v2\/media\/3652"}],"wp:attachment":[{"href":"https:\/\/www.depoles.com\/hr\/wp-json\/wp\/v2\/media?parent=3651"}],"wp:term":[{"taxonomy":"product_brand","embeddable":true,"href":"https:\/\/www.depoles.com\/hr\/wp-json\/wp\/v2\/product_brand?post=3651"},{"taxonomy":"product_cat","embeddable":true,"href":"https:\/\/www.depoles.com\/hr\/wp-json\/wp\/v2\/product_cat?post=3651"},{"taxonomy":"product_tag","embeddable":true,"href":"https:\/\/www.depoles.com\/hr\/wp-json\/wp\/v2\/product_tag?post=3651"}],"curies":[{"name":"wp","href":"https:\/\/api.w.org\/{rel}","templated":true}]}}