{"id":3673,"date":"2020-04-08T09:56:57","date_gmt":"2020-04-08T07:56:57","guid":{"rendered":"https:\/\/nova.depoles.com\/trgovina\/reduktor-mk4-mk3-redmk43\/"},"modified":"2026-03-06T14:00:57","modified_gmt":"2026-03-06T13:00:57","slug":"reduktor-mk4-mk3-redmk43","status":"publish","type":"product","link":"https:\/\/www.depoles.com\/hr\/trgovina\/reduktor-mk4-mk3-redmk43\/","title":{"rendered":"Reduktor MK4&gt; MK3 REDMK43"},"content":{"rendered":"<table>\n<tbody>\n<tr>\n<th colspan=\"2\">Tehni\u010dni podatki<\/th>\n<\/tr>\n<tr>\n<th colspan=\"2\"><strong>Te\u017ea<\/strong><\/th>\n<\/tr>\n<tr>\n<td>Bruto te\u017ea (kg)<\/td>\n<td>0,25<\/td>\n<\/tr>\n<tr>\n<td>Netto te\u017ea (kg)<\/td>\n<td>0,25<\/td>\n<\/tr>\n<tr>\n<th colspan=\"2\"><strong>Embala\u017ea<\/strong><\/th>\n<\/tr>\n<tr>\n<td>Dol\u017eina embala\u017ee (mm)<\/td>\n<td>20<\/td>\n<\/tr>\n<tr>\n<td>\u0160irina embala\u017ee (mm)<\/td>\n<td>20<\/td>\n<\/tr>\n<tr>\n<td>Vi\u0161ina embala\u017ee (mm)<\/td>\n<td>150<\/td>\n<\/tr>\n<tr>\n<th colspan=\"2\"><strong>Splo\u0161ni podatki<\/strong><\/th>\n<\/tr>\n<tr>\n<td>EAN koda<\/td>\n<td>9120058370724<\/td>\n<\/tr>\n<\/tbody>\n<\/table>\n","protected":false},"excerpt":{"rendered":"<p>Tehni\u010dni podatki Te\u017ea Bruto te\u017ea (kg) 0,25 Netto te\u017ea (kg) 0,25 Embala\u017ea Dol\u017eina embala\u017ee (mm) 20 \u0160irina embala\u017ee (mm) 20 Vi\u0161ina embala\u017ee (mm) 150 Splo\u0161ni podatki EAN koda 9120058370724<\/p>\n","protected":false},"featured_media":3674,"template":"","meta":[],"product_brand":[],"product_cat":[1045,1043],"product_tag":[],"class_list":{"0":"post-3673","1":"product","2":"type-product","3":"status-publish","4":"has-post-thumbnail","6":"product_cat-pripomocki-kovine","7":"product_cat-stroji-za-kovine","9":"first","10":"instock","11":"shipping-taxable","12":"purchasable","13":"product-type-simple"},"_links":{"self":[{"href":"https:\/\/www.depoles.com\/hr\/wp-json\/wp\/v2\/product\/3673","targetHints":{"allow":["GET"]}}],"collection":[{"href":"https:\/\/www.depoles.com\/hr\/wp-json\/wp\/v2\/product"}],"about":[{"href":"https:\/\/www.depoles.com\/hr\/wp-json\/wp\/v2\/types\/product"}],"wp:featuredmedia":[{"embeddable":true,"href":"https:\/\/www.depoles.com\/hr\/wp-json\/wp\/v2\/media\/3674"}],"wp:attachment":[{"href":"https:\/\/www.depoles.com\/hr\/wp-json\/wp\/v2\/media?parent=3673"}],"wp:term":[{"taxonomy":"product_brand","embeddable":true,"href":"https:\/\/www.depoles.com\/hr\/wp-json\/wp\/v2\/product_brand?post=3673"},{"taxonomy":"product_cat","embeddable":true,"href":"https:\/\/www.depoles.com\/hr\/wp-json\/wp\/v2\/product_cat?post=3673"},{"taxonomy":"product_tag","embeddable":true,"href":"https:\/\/www.depoles.com\/hr\/wp-json\/wp\/v2\/product_tag?post=3673"}],"curies":[{"name":"wp","href":"https:\/\/api.w.org\/{rel}","templated":true}]}}