{"id":3685,"date":"2020-04-08T09:56:45","date_gmt":"2020-04-08T07:56:45","guid":{"rendered":"https:\/\/nova.depoles.com\/trgovina\/konus-mk2-b16-dmk216\/"},"modified":"2026-04-06T21:45:22","modified_gmt":"2026-04-06T19:45:22","slug":"konus-mk2-b16-dmk216","status":"publish","type":"product","link":"https:\/\/www.depoles.com\/hr\/trgovina\/konus-mk2-b16-dmk216\/","title":{"rendered":"Konus MK2 \/ B16 DMK216"},"content":{"rendered":"<table>\n<tr>\n<th colspan=\"2\"><strong>Tehni\u010dni podatki<\/strong><\/th>\n<\/tr>\n<tr>\n<th colspan=\"2\"><strong>Te\u017ea<\/strong><\/th>\n<\/tr>\n<tr>\n<td>Bruto te\u017ea (kg)<\/td>\n<td>0,20<\/td>\n<\/tr>\n<tr>\n<td>Netto te\u017ea (kg)<\/td>\n<td>0,10<\/td>\n<\/tr>\n<tr>\n<th colspan=\"2\"><strong>Embala\u017ea<\/strong><\/th>\n<\/tr>\n<tr>\n<td>Dol\u017eina embala\u017ee (mm)<\/td>\n<td>130<\/td>\n<\/tr>\n<tr>\n<td>\u0160irina embala\u017ee (mm)<\/td>\n<td>50<\/td>\n<\/tr>\n<tr>\n<td>Vi\u0161ina embala\u017ee (mm)<\/td>\n<td>50<\/td>\n<\/tr>\n<tr>\n<th colspan=\"2\"><strong>Splo\u0161ni podatki<\/strong><\/th>\n<\/tr>\n<tr>\n<td>EAN koda<\/td>\n<td>9120039904429<\/td>\n<\/tr>\n<\/table>\n","protected":false},"excerpt":{"rendered":"<p>Tehni\u010dni podatki Te\u017ea Bruto te\u017ea (kg) 0,20 Netto te\u017ea (kg) 0,10 Embala\u017ea Dol\u017eina embala\u017ee (mm) 130 \u0160irina embala\u017ee (mm) 50 Vi\u0161ina embala\u017ee (mm) 50 Splo\u0161ni podatki EAN koda 9120039904429<\/p>\n","protected":false},"featured_media":3686,"template":"","meta":[],"product_brand":[],"product_cat":[1045,1043],"product_tag":[],"class_list":{"0":"post-3685","1":"product","2":"type-product","3":"status-publish","4":"has-post-thumbnail","6":"product_cat-pripomocki-kovine","7":"product_cat-stroji-za-kovine","9":"first","10":"instock","11":"shipping-taxable","12":"purchasable","13":"product-type-simple"},"_links":{"self":[{"href":"https:\/\/www.depoles.com\/hr\/wp-json\/wp\/v2\/product\/3685","targetHints":{"allow":["GET"]}}],"collection":[{"href":"https:\/\/www.depoles.com\/hr\/wp-json\/wp\/v2\/product"}],"about":[{"href":"https:\/\/www.depoles.com\/hr\/wp-json\/wp\/v2\/types\/product"}],"wp:featuredmedia":[{"embeddable":true,"href":"https:\/\/www.depoles.com\/hr\/wp-json\/wp\/v2\/media\/3686"}],"wp:attachment":[{"href":"https:\/\/www.depoles.com\/hr\/wp-json\/wp\/v2\/media?parent=3685"}],"wp:term":[{"taxonomy":"product_brand","embeddable":true,"href":"https:\/\/www.depoles.com\/hr\/wp-json\/wp\/v2\/product_brand?post=3685"},{"taxonomy":"product_cat","embeddable":true,"href":"https:\/\/www.depoles.com\/hr\/wp-json\/wp\/v2\/product_cat?post=3685"},{"taxonomy":"product_tag","embeddable":true,"href":"https:\/\/www.depoles.com\/hr\/wp-json\/wp\/v2\/product_tag?post=3685"}],"curies":[{"name":"wp","href":"https:\/\/api.w.org\/{rel}","templated":true}]}}