{"id":3693,"date":"2020-04-08T09:56:34","date_gmt":"2020-04-08T07:56:34","guid":{"rendered":"https:\/\/nova.depoles.com\/trgovina\/vrtna-vpenjalna-glava-vlecna-palica-mt3-b16-m12-aka3b16\/"},"modified":"2026-02-12T13:42:37","modified_gmt":"2026-02-12T12:42:37","slug":"vrtna-vpenjalna-glava-vlecna-palica-mt3-b16-m12-aka3b16","status":"publish","type":"product","link":"https:\/\/www.depoles.com\/hr\/trgovina\/vrtna-vpenjalna-glava-vlecna-palica-mt3-b16-m12-aka3b16\/","title":{"rendered":"Vrtna stezna glava + vu\u010dna poluga MT3 \/ B16 \/ M12 AKA3B16"},"content":{"rendered":"<p><strong>Tehni\u010dni podatki:<\/strong><\/p>\n<ul>\n<li><strong>Te\u017ea:<\/strong>\n<ul>\n<li>Bruto te\u017ea: 0,20 kg<\/li>\n<li>Netto te\u017ea: 0,10 kg<\/li>\n<\/ul>\n<\/li>\n<li><strong>Embala\u017ea:<\/strong>\n<ul>\n<li>Dol\u017eina embala\u017ee: 150 mm<\/li>\n<li>\u0160irina embala\u017ee: 50 mm<\/li>\n<li>Vi\u0161ina embala\u017ee: 50 mm<\/li>\n<\/ul>\n<\/li>\n<li><strong>Splo\u0161ni podatki:<\/strong>\n<ul>\n<li>EAN koda: 9120039909646<\/li>\n<\/ul>\n<\/li>\n<\/ul>\n","protected":false},"excerpt":{"rendered":"<p>Tehni\u010dni podatki: Te\u017ea: Bruto te\u017ea: 0,20 kg Netto te\u017ea: 0,10 kg Embala\u017ea: Dol\u017eina embala\u017ee: 150 mm \u0160irina embala\u017ee: 50 mm Vi\u0161ina embala\u017ee: 50 mm Splo\u0161ni podatki: EAN koda: 9120039909646<\/p>\n","protected":false},"featured_media":3694,"template":"","meta":[],"product_brand":[],"product_cat":[1045,1043],"product_tag":[],"class_list":{"0":"post-3693","1":"product","2":"type-product","3":"status-publish","4":"has-post-thumbnail","6":"product_cat-pripomocki-kovine","7":"product_cat-stroji-za-kovine","9":"first","10":"instock","11":"shipping-taxable","12":"purchasable","13":"product-type-simple"},"_links":{"self":[{"href":"https:\/\/www.depoles.com\/hr\/wp-json\/wp\/v2\/product\/3693","targetHints":{"allow":["GET"]}}],"collection":[{"href":"https:\/\/www.depoles.com\/hr\/wp-json\/wp\/v2\/product"}],"about":[{"href":"https:\/\/www.depoles.com\/hr\/wp-json\/wp\/v2\/types\/product"}],"wp:featuredmedia":[{"embeddable":true,"href":"https:\/\/www.depoles.com\/hr\/wp-json\/wp\/v2\/media\/3694"}],"wp:attachment":[{"href":"https:\/\/www.depoles.com\/hr\/wp-json\/wp\/v2\/media?parent=3693"}],"wp:term":[{"taxonomy":"product_brand","embeddable":true,"href":"https:\/\/www.depoles.com\/hr\/wp-json\/wp\/v2\/product_brand?post=3693"},{"taxonomy":"product_cat","embeddable":true,"href":"https:\/\/www.depoles.com\/hr\/wp-json\/wp\/v2\/product_cat?post=3693"},{"taxonomy":"product_tag","embeddable":true,"href":"https:\/\/www.depoles.com\/hr\/wp-json\/wp\/v2\/product_tag?post=3693"}],"curies":[{"name":"wp","href":"https:\/\/api.w.org\/{rel}","templated":true}]}}