{"id":3705,"date":"2020-04-08T09:56:22","date_gmt":"2020-04-08T07:56:22","guid":{"rendered":"https:\/\/nova.depoles.com\/trgovina\/konus-mk3-mk2-redmk32\/"},"modified":"2026-02-12T13:53:29","modified_gmt":"2026-02-12T12:53:29","slug":"konus-mk3-mk2-redmk32","status":"publish","type":"product","link":"https:\/\/www.depoles.com\/hr\/trgovina\/konus-mk3-mk2-redmk32\/","title":{"rendered":"Konus MK3&gt; MK2 REDMK32"},"content":{"rendered":"<p><strong>Tehni\u010dni podatki<\/strong><\/p>\n<ul>\n<li><strong>Te\u017ea<\/strong>\n<ul>\n<li>Bruto te\u017ea: 0,22 kg<\/li>\n<li>Netto te\u017ea: 0,21 kg<\/li>\n<\/ul>\n<\/li>\n<li><strong>Pakiranje<\/strong>\n<ul>\n<li>Dol\u017eina pakiranja: 280 mm<\/li>\n<li>\u0160irina pakiranja: 220 mm<\/li>\n<li>Vi\u0161ina pakiranja: 250 mm<\/li>\n<\/ul>\n<\/li>\n<li><strong>Splo\u0161ni podatki<\/strong>\n<ul>\n<li>EAN koda: 9120058372315<\/li>\n<\/ul>\n<\/li>\n<\/ul>\n","protected":false},"excerpt":{"rendered":"<p>Tehni\u010dni podatki Te\u017ea Bruto te\u017ea: 0,22 kg Netto te\u017ea: 0,21 kg Pakiranje Dol\u017eina pakiranja: 280 mm \u0160irina pakiranja: 220 mm Vi\u0161ina pakiranja: 250 mm Splo\u0161ni podatki EAN koda: 9120058372315<\/p>\n","protected":false},"featured_media":3706,"template":"","meta":[],"product_brand":[],"product_cat":[1045,1043],"product_tag":[],"class_list":{"0":"post-3705","1":"product","2":"type-product","3":"status-publish","4":"has-post-thumbnail","6":"product_cat-pripomocki-kovine","7":"product_cat-stroji-za-kovine","9":"first","10":"instock","11":"shipping-taxable","12":"purchasable","13":"product-type-simple"},"_links":{"self":[{"href":"https:\/\/www.depoles.com\/hr\/wp-json\/wp\/v2\/product\/3705","targetHints":{"allow":["GET"]}}],"collection":[{"href":"https:\/\/www.depoles.com\/hr\/wp-json\/wp\/v2\/product"}],"about":[{"href":"https:\/\/www.depoles.com\/hr\/wp-json\/wp\/v2\/types\/product"}],"wp:featuredmedia":[{"embeddable":true,"href":"https:\/\/www.depoles.com\/hr\/wp-json\/wp\/v2\/media\/3706"}],"wp:attachment":[{"href":"https:\/\/www.depoles.com\/hr\/wp-json\/wp\/v2\/media?parent=3705"}],"wp:term":[{"taxonomy":"product_brand","embeddable":true,"href":"https:\/\/www.depoles.com\/hr\/wp-json\/wp\/v2\/product_brand?post=3705"},{"taxonomy":"product_cat","embeddable":true,"href":"https:\/\/www.depoles.com\/hr\/wp-json\/wp\/v2\/product_cat?post=3705"},{"taxonomy":"product_tag","embeddable":true,"href":"https:\/\/www.depoles.com\/hr\/wp-json\/wp\/v2\/product_tag?post=3705"}],"curies":[{"name":"wp","href":"https:\/\/api.w.org\/{rel}","templated":true}]}}