{"id":3716,"date":"2020-04-08T09:56:11","date_gmt":"2020-04-08T07:56:11","guid":{"rendered":"https:\/\/nova.depoles.com\/trgovina\/univerzalni-vpenjalni-komplet-6tlg-m8-sws6tlgm8\/"},"modified":"2025-12-17T23:48:18","modified_gmt":"2025-12-17T22:48:18","slug":"univerzalni-vpenjalni-komplet-6tlg-m8-sws6tlgm8","status":"publish","type":"product","link":"https:\/\/www.depoles.com\/hr\/trgovina\/univerzalni-vpenjalni-komplet-6tlg-m8-sws6tlgm8\/","title":{"rendered":"Univerzalni stezni komplet 6-dijelni M8 SWS6TLGM8"},"content":{"rendered":"<p><strong>Tehni\u010dni podatki<\/strong><\/p>\n<ul>\n<li><strong>Te\u017ea<\/strong>\n<ul>\n<li>Bruto te\u017ea: 22 kg<\/li>\n<li>Netto te\u017ea: 21 kg<\/li>\n<\/ul>\n<\/li>\n<li><strong>Embala\u017ea<\/strong>\n<ul>\n<li>Dol\u017eina embala\u017ee: 350 mm<\/li>\n<li>\u0160irina embala\u017ee: 250 mm<\/li>\n<li>Vi\u0161ina embala\u017ee: 150 mm<\/li>\n<\/ul>\n<\/li>\n<li><strong>Splo\u0161ni podatki<\/strong>\n<ul>\n<li>EAN koda: 9120058371790<\/li>\n<\/ul>\n<\/li>\n<\/ul>\n","protected":false},"excerpt":{"rendered":"<p>Tehni\u010dni podatki Te\u017ea Bruto te\u017ea: 22 kg Netto te\u017ea: 21 kg Embala\u017ea Dol\u017eina embala\u017ee: 350 mm \u0160irina embala\u017ee: 250 mm Vi\u0161ina embala\u017ee: 150 mm Splo\u0161ni podatki EAN koda: 9120058371790<\/p>\n","protected":false},"featured_media":3717,"template":"","meta":[],"product_brand":[],"product_cat":[1045,1043],"product_tag":[],"class_list":{"0":"post-3716","1":"product","2":"type-product","3":"status-publish","4":"has-post-thumbnail","6":"product_cat-pripomocki-kovine","7":"product_cat-stroji-za-kovine","9":"first","10":"instock","11":"shipping-taxable","12":"purchasable","13":"product-type-simple"},"_links":{"self":[{"href":"https:\/\/www.depoles.com\/hr\/wp-json\/wp\/v2\/product\/3716","targetHints":{"allow":["GET"]}}],"collection":[{"href":"https:\/\/www.depoles.com\/hr\/wp-json\/wp\/v2\/product"}],"about":[{"href":"https:\/\/www.depoles.com\/hr\/wp-json\/wp\/v2\/types\/product"}],"wp:featuredmedia":[{"embeddable":true,"href":"https:\/\/www.depoles.com\/hr\/wp-json\/wp\/v2\/media\/3717"}],"wp:attachment":[{"href":"https:\/\/www.depoles.com\/hr\/wp-json\/wp\/v2\/media?parent=3716"}],"wp:term":[{"taxonomy":"product_brand","embeddable":true,"href":"https:\/\/www.depoles.com\/hr\/wp-json\/wp\/v2\/product_brand?post=3716"},{"taxonomy":"product_cat","embeddable":true,"href":"https:\/\/www.depoles.com\/hr\/wp-json\/wp\/v2\/product_cat?post=3716"},{"taxonomy":"product_tag","embeddable":true,"href":"https:\/\/www.depoles.com\/hr\/wp-json\/wp\/v2\/product_tag?post=3716"}],"curies":[{"name":"wp","href":"https:\/\/api.w.org\/{rel}","templated":true}]}}