{"id":3728,"date":"2020-04-08T09:55:50","date_gmt":"2020-04-08T07:55:50","guid":{"rendered":"https:\/\/nova.depoles.com\/trgovina\/orodje-za-struzenje-9pcs-10mm-9tlg10\/"},"modified":"2026-02-12T13:57:03","modified_gmt":"2026-02-12T12:57:03","slug":"orodje-za-struzenje-9pcs-10mm-9tlg10","status":"publish","type":"product","link":"https:\/\/www.depoles.com\/hr\/trgovina\/orodje-za-struzenje-9pcs-10mm-9tlg10\/","title":{"rendered":"Alat za tokarenje 9 kom \/ 10mm 9TLG10"},"content":{"rendered":"<p><strong>Tehni\u010dni podatki<\/strong><\/p>\n<ul>\n<li><strong>Te\u017ea<\/strong>\n<ul>\n<li>Bruto te\u017ea: 2,50 kg<\/li>\n<li>Netto te\u017ea: 2,40 kg<\/li>\n<\/ul>\n<\/li>\n<li><strong>Embala\u017ea<\/strong>\n<ul>\n<li>Vi\u0161ina embala\u017ee: 240 mm<\/li>\n<li>\u0160irina embala\u017ee: 210 mm<\/li>\n<li>Dol\u017eina embala\u017ee: 320 mm<\/li>\n<\/ul>\n<\/li>\n<li><strong>Splo\u0161ni podatki<\/strong>\n<ul>\n<li>EAN koda: 9120058372346<\/li>\n<\/ul>\n<\/li>\n<\/ul>\n","protected":false},"excerpt":{"rendered":"<p>Tehni\u010dni podatki Te\u017ea Bruto te\u017ea: 2,50 kg Netto te\u017ea: 2,40 kg Embala\u017ea Vi\u0161ina embala\u017ee: 240 mm \u0160irina embala\u017ee: 210 mm Dol\u017eina embala\u017ee: 320 mm Splo\u0161ni podatki EAN koda: 9120058372346<\/p>\n","protected":false},"featured_media":3729,"template":"","meta":[],"product_brand":[],"product_cat":[1045,1043],"product_tag":[],"class_list":{"0":"post-3728","1":"product","2":"type-product","3":"status-publish","4":"has-post-thumbnail","6":"product_cat-pripomocki-kovine","7":"product_cat-stroji-za-kovine","9":"first","10":"instock","11":"shipping-taxable","12":"purchasable","13":"product-type-simple"},"_links":{"self":[{"href":"https:\/\/www.depoles.com\/hr\/wp-json\/wp\/v2\/product\/3728","targetHints":{"allow":["GET"]}}],"collection":[{"href":"https:\/\/www.depoles.com\/hr\/wp-json\/wp\/v2\/product"}],"about":[{"href":"https:\/\/www.depoles.com\/hr\/wp-json\/wp\/v2\/types\/product"}],"wp:featuredmedia":[{"embeddable":true,"href":"https:\/\/www.depoles.com\/hr\/wp-json\/wp\/v2\/media\/3729"}],"wp:attachment":[{"href":"https:\/\/www.depoles.com\/hr\/wp-json\/wp\/v2\/media?parent=3728"}],"wp:term":[{"taxonomy":"product_brand","embeddable":true,"href":"https:\/\/www.depoles.com\/hr\/wp-json\/wp\/v2\/product_brand?post=3728"},{"taxonomy":"product_cat","embeddable":true,"href":"https:\/\/www.depoles.com\/hr\/wp-json\/wp\/v2\/product_cat?post=3728"},{"taxonomy":"product_tag","embeddable":true,"href":"https:\/\/www.depoles.com\/hr\/wp-json\/wp\/v2\/product_tag?post=3728"}],"curies":[{"name":"wp","href":"https:\/\/api.w.org\/{rel}","templated":true}]}}