{"id":3746,"date":"2020-04-08T09:55:31","date_gmt":"2020-04-08T07:55:31","guid":{"rendered":"https:\/\/nova.depoles.com\/trgovina\/stojalo-bbm1000ms\/"},"modified":"2025-12-17T15:37:05","modified_gmt":"2025-12-17T14:37:05","slug":"stojalo-bbm1000ms","status":"publish","type":"product","link":"https:\/\/www.depoles.com\/hr\/trgovina\/stojalo-bbm1000ms\/","title":{"rendered":"STALAK BBM1000MS"},"content":{"rendered":"<p><strong>Tehni\u010dne specifikacije<\/strong><\/p>\n<table>\n<tbody>\n<tr>\n<th colspan=\"2\">Te\u017ea<\/th>\n<\/tr>\n<tr>\n<td>Bruto te\u017ea (kg)<\/td>\n<td>22<\/td>\n<\/tr>\n<tr>\n<td>Netto te\u017ea (kg)<\/td>\n<td>20<\/td>\n<\/tr>\n<tr>\n<th colspan=\"2\">Pakiranje<\/th>\n<\/tr>\n<tr>\n<td>Dol\u017eina pakiranja (mm)<\/td>\n<td>1100<\/td>\n<\/tr>\n<tr>\n<td>\u0160irina pakiranja (mm)<\/td>\n<td>110<\/td>\n<\/tr>\n<tr>\n<td>Vi\u0161ina pakiranja (mm)<\/td>\n<td>320<\/td>\n<\/tr>\n<tr>\n<th colspan=\"2\">Splo\u0161ni podatki<\/th>\n<\/tr>\n<tr>\n<td>EAN koda<\/td>\n<td>9120039907024<\/td>\n<\/tr>\n<\/tbody>\n<\/table>\n","protected":false},"excerpt":{"rendered":"<p>Tehni\u010dne specifikacije Te\u017ea Bruto te\u017ea (kg) 22 Netto te\u017ea (kg) 20 Pakiranje Dol\u017eina pakiranja (mm) 1100 \u0160irina pakiranja (mm) 110 Vi\u0161ina pakiranja (mm) 320 Splo\u0161ni podatki EAN koda 9120039907024<\/p>\n","protected":false},"featured_media":3747,"template":"","meta":[],"product_brand":[],"product_cat":[1042,1064,1043,1012,1051],"product_tag":[],"class_list":{"0":"post-3746","1":"product","2":"type-product","3":"status-publish","4":"has-post-thumbnail","6":"product_cat-elektro-omarica-razdelilec","7":"product_cat-stojala","8":"product_cat-stroji-za-kovine","9":"product_cat-stroji-za-les","10":"product_cat-upogibni-krivilni-stroji","12":"first","13":"instock","14":"shipping-taxable","15":"purchasable","16":"product-type-simple"},"_links":{"self":[{"href":"https:\/\/www.depoles.com\/hr\/wp-json\/wp\/v2\/product\/3746","targetHints":{"allow":["GET"]}}],"collection":[{"href":"https:\/\/www.depoles.com\/hr\/wp-json\/wp\/v2\/product"}],"about":[{"href":"https:\/\/www.depoles.com\/hr\/wp-json\/wp\/v2\/types\/product"}],"wp:featuredmedia":[{"embeddable":true,"href":"https:\/\/www.depoles.com\/hr\/wp-json\/wp\/v2\/media\/3747"}],"wp:attachment":[{"href":"https:\/\/www.depoles.com\/hr\/wp-json\/wp\/v2\/media?parent=3746"}],"wp:term":[{"taxonomy":"product_brand","embeddable":true,"href":"https:\/\/www.depoles.com\/hr\/wp-json\/wp\/v2\/product_brand?post=3746"},{"taxonomy":"product_cat","embeddable":true,"href":"https:\/\/www.depoles.com\/hr\/wp-json\/wp\/v2\/product_cat?post=3746"},{"taxonomy":"product_tag","embeddable":true,"href":"https:\/\/www.depoles.com\/hr\/wp-json\/wp\/v2\/product_tag?post=3746"}],"curies":[{"name":"wp","href":"https:\/\/api.w.org\/{rel}","templated":true}]}}