{"id":3752,"date":"2020-04-08T09:55:21","date_gmt":"2020-04-08T07:55:21","guid":{"rendered":"https:\/\/nova.depoles.com\/trgovina\/profesionalni-stroj-za-okroglo-upogibanje-rbm30_400v\/"},"modified":"2026-02-12T13:47:37","modified_gmt":"2026-02-12T12:47:37","slug":"profesionalni-stroj-za-okroglo-upogibanje-rbm30_400v","status":"publish","type":"product","link":"https:\/\/www.depoles.com\/hr\/trgovina\/profesionalni-stroj-za-okroglo-upogibanje-rbm30_400v\/","title":{"rendered":"Profesionalni stroj za savijanje i savijanje profila, cijevi RBM30_400V"},"content":{"rendered":"<p><strong>Tehni\u010dna specifikacija<\/strong><\/p>\n<ul>\n<li><strong>Motor<\/strong>\n<ul>\n<li>Moc motorja S1: 1100 W<\/li>\n<li>Moc motorja S6: 1600 W<\/li>\n<li>Napetost: 400 V<\/li>\n<\/ul>\n<\/li>\n<li><strong>Obdelava plo\u010devine<\/strong>\n<ul>\n<li>Maksimalna debelina stene: 1 mm<\/li>\n<li>Maksimalni premer okroglega jekla: 16 mm<\/li>\n<li>Maksimalne dimenzije kvadratnega jekla (\u0161 x v): 30 x 10 mm<\/li>\n<\/ul>\n<\/li>\n<li><strong>Te\u017ea<\/strong>\n<ul>\n<li>Bruto te\u017ea: 235 kg<\/li>\n<li>Netto te\u017ea: 200 kg<\/li>\n<\/ul>\n<\/li>\n<li><strong>Embala\u017ea<\/strong>\n<ul>\n<li>Dol\u017eina embala\u017ee: 820 mm<\/li>\n<li>\u0160irina embala\u017ee: 600 mm<\/li>\n<li>Vi\u0161ina embala\u017ee: 1250 mm<\/li>\n<\/ul>\n<\/li>\n<li><strong>Splo\u0161ni podatki<\/strong>\n<ul>\n<li>EAN koda: 9120039905983<\/li>\n<\/ul>\n<\/li>\n<\/ul>\n","protected":false},"excerpt":{"rendered":"<h3>Poudarki izdelka<\/h3>\n<p>Upogibni stroj z nastavljivim upogibnim polmerom skozi zgornjo ro\u010dico z nonius lestvico omogo\u010da natan\u010dno delo. Primeren je za upogibanje razli\u010dnih cevi in profilov, kar zagotavlja vsestransko uporabo. Stroju so prilo\u017eeni \u0161tirje razli\u010dni dovodi, ki omogo\u010dajo prilagodljivost pri delu. Odlikuje ga odli\u010dna stabilnost ter upogibni valji iz kakovostnega jekla. Delovanje je ro\u010dno, z vrtenjem v levo in desno, pri hitrosti 9 vrtljajev na minuto.<\/p>\n","protected":false},"featured_media":3753,"template":"","meta":[],"product_brand":[],"product_cat":[1043,1051],"product_tag":[],"class_list":{"0":"post-3752","1":"product","2":"type-product","3":"status-publish","4":"has-post-thumbnail","6":"product_cat-stroji-za-kovine","7":"product_cat-upogibni-krivilni-stroji","9":"first","10":"instock","11":"shipping-taxable","12":"purchasable","13":"product-type-simple"},"_links":{"self":[{"href":"https:\/\/www.depoles.com\/hr\/wp-json\/wp\/v2\/product\/3752","targetHints":{"allow":["GET"]}}],"collection":[{"href":"https:\/\/www.depoles.com\/hr\/wp-json\/wp\/v2\/product"}],"about":[{"href":"https:\/\/www.depoles.com\/hr\/wp-json\/wp\/v2\/types\/product"}],"wp:featuredmedia":[{"embeddable":true,"href":"https:\/\/www.depoles.com\/hr\/wp-json\/wp\/v2\/media\/3753"}],"wp:attachment":[{"href":"https:\/\/www.depoles.com\/hr\/wp-json\/wp\/v2\/media?parent=3752"}],"wp:term":[{"taxonomy":"product_brand","embeddable":true,"href":"https:\/\/www.depoles.com\/hr\/wp-json\/wp\/v2\/product_brand?post=3752"},{"taxonomy":"product_cat","embeddable":true,"href":"https:\/\/www.depoles.com\/hr\/wp-json\/wp\/v2\/product_cat?post=3752"},{"taxonomy":"product_tag","embeddable":true,"href":"https:\/\/www.depoles.com\/hr\/wp-json\/wp\/v2\/product_tag?post=3752"}],"curies":[{"name":"wp","href":"https:\/\/api.w.org\/{rel}","templated":true}]}}