{"id":3757,"date":"2020-04-08T09:55:18","date_gmt":"2020-04-08T07:55:18","guid":{"rendered":"https:\/\/nova.depoles.com\/trgovina\/mobilni-stroj-za-okroglo-upogibanje-rbm3\/"},"modified":"2026-02-12T13:40:42","modified_gmt":"2026-02-12T12:40:42","slug":"mobilni-stroj-za-okroglo-upogibanje-rbm3","status":"publish","type":"product","link":"https:\/\/www.depoles.com\/hr\/trgovina\/mobilni-stroj-za-okroglo-upogibanje-rbm3\/","title":{"rendered":"Mobilni stroj za savijanje i savijanje profila, cijevi RBM3"},"content":{"rendered":"<p><strong>Tehni\u010dni podatki<\/strong><\/p>\n<ul>\n<li><strong>Obdelava plo\u010devine<\/strong><\/li>\n<ul>\n<li>Najve\u010dji premer okroglega jekla: 6,5 mm (1\/4&#8242;)<\/li>\n<li>Delo tlak: 0,3 t<\/li>\n<li>Najve\u010dji kvadratni jekleni profil (l x \u0161): 25 x 5 mm (3 x 1,6&#8242;)<\/li>\n<li>Dol\u017eina ro\u010dice: 320 mm<\/li>\n<li>Premer valjev za upogibanje: 32 mm<\/li>\n<\/ul>\n<li><strong>Te\u017ea<\/strong><\/li>\n<ul>\n<li>Bruto te\u017ea: 7 kg<\/li>\n<li>Netto te\u017ea: 6 kg<\/li>\n<\/ul>\n<li><strong>Pakiranje<\/strong><\/li>\n<ul>\n<li>Dol\u017eina pakiranja: 360 mm<\/li>\n<li>\u0160irina pakiranja: 200 mm<\/li>\n<li>Vi\u0161ina pakiranja: 210 mm<\/li>\n<\/ul>\n<li><strong>Splo\u0161ni podatki<\/strong><\/li>\n<ul>\n<li>EAN koda: 9120039905075<\/li>\n<\/ul>\n<\/ul>\n","protected":false},"excerpt":{"rendered":"<p>Ta izdelek se pona\u0161a z visokokakovostnimi okroglimi upogibnimi valji premera 32 mm, ki zagotavljajo dolgo obstojnost. Dolg 320 mm ro\u010daj omogo\u010da la\u017eje upravljanje z manj napora. Trdna osnova z luknjami omogo\u010da varno pritrditev na delovno mizo, prilagoditev premera upogiba pa je enostavna zahvaljujo\u010d priro\u010dnemu kolesu. Izdelek ima dve gnani kolesci za optimalno delovanje.<\/p>\n","protected":false},"featured_media":3758,"template":"","meta":[],"product_brand":[],"product_cat":[1043,1051],"product_tag":[],"class_list":{"0":"post-3757","1":"product","2":"type-product","3":"status-publish","4":"has-post-thumbnail","6":"product_cat-stroji-za-kovine","7":"product_cat-upogibni-krivilni-stroji","9":"first","10":"instock","11":"shipping-taxable","12":"purchasable","13":"product-type-simple"},"_links":{"self":[{"href":"https:\/\/www.depoles.com\/hr\/wp-json\/wp\/v2\/product\/3757","targetHints":{"allow":["GET"]}}],"collection":[{"href":"https:\/\/www.depoles.com\/hr\/wp-json\/wp\/v2\/product"}],"about":[{"href":"https:\/\/www.depoles.com\/hr\/wp-json\/wp\/v2\/types\/product"}],"wp:featuredmedia":[{"embeddable":true,"href":"https:\/\/www.depoles.com\/hr\/wp-json\/wp\/v2\/media\/3758"}],"wp:attachment":[{"href":"https:\/\/www.depoles.com\/hr\/wp-json\/wp\/v2\/media?parent=3757"}],"wp:term":[{"taxonomy":"product_brand","embeddable":true,"href":"https:\/\/www.depoles.com\/hr\/wp-json\/wp\/v2\/product_brand?post=3757"},{"taxonomy":"product_cat","embeddable":true,"href":"https:\/\/www.depoles.com\/hr\/wp-json\/wp\/v2\/product_cat?post=3757"},{"taxonomy":"product_tag","embeddable":true,"href":"https:\/\/www.depoles.com\/hr\/wp-json\/wp\/v2\/product_tag?post=3757"}],"curies":[{"name":"wp","href":"https:\/\/api.w.org\/{rel}","templated":true}]}}