{"id":3759,"date":"2020-04-08T09:55:16","date_gmt":"2020-04-08T07:55:16","guid":{"rendered":"https:\/\/nova.depoles.com\/trgovina\/stroj-za-valjanje-upogibanje-plocevine-bbm310s\/"},"modified":"2026-03-06T14:01:35","modified_gmt":"2026-03-06T13:01:35","slug":"stroj-za-valjanje-upogibanje-plocevine-bbm310s","status":"publish","type":"product","link":"https:\/\/www.depoles.com\/hr\/trgovina\/stroj-za-valjanje-upogibanje-plocevine-bbm310s\/","title":{"rendered":"Stroj za valjanje i savijanje limova BBM310S"},"content":{"rendered":"<p><strong>Tehni\u010dni podatki<\/strong><\/p>\n<ul>\n<li><strong>Dimenzije<\/strong>\n<ul>\n<li>Delovna \u0161irina: 310 mm<\/li>\n<\/ul>\n<\/li>\n<li><strong>Obdelava plo\u010devine<\/strong>\n<ul>\n<li>Najve\u010dja debelina plo\u010devine: 1 mm<\/li>\n<li>Najve\u010dja debelina aluminija: 2 mm<\/li>\n<li>Premer zvitkov za upogibanje: 30 mm<\/li>\n<\/ul>\n<\/li>\n<li><strong>Te\u017ea<\/strong>\n<ul>\n<li>Bruto te\u017ea: 10,50 kg<\/li>\n<li>Netto te\u017ea: 9,80 kg<\/li>\n<\/ul>\n<\/li>\n<li><strong>Embala\u017ea<\/strong>\n<ul>\n<li>Vi\u0161ina embala\u017ee: 130 mm<\/li>\n<li>\u0160irina embala\u017ee: 265 mm<\/li>\n<li>Dol\u017eina embala\u017ee: 460 mm<\/li>\n<\/ul>\n<\/li>\n<li><strong>Splo\u0161ni podatki<\/strong>\n<ul>\n<li>EAN koda: 9120058373244<\/li>\n<\/ul>\n<\/li>\n<\/ul>\n","protected":false},"excerpt":{"rendered":"<h3>Opis izdelka<\/h3>\n<p>Univerzalni 3-valjni upogibni stroj je primeren za upogibanje in valjanje plo\u010devine, \u017eice ter drugih materialov. Omogo\u010da posamezne nastavitve za polmer kotanja in debelino materiala ter ima pet vzdol\u017enih utorov razli\u010dnih premerov.<\/p>\n<ul>\n<li>Univerzalni 3-valjni upogibni stroj<\/li>\n<li>Za upogibanje in valjanje plo\u010devine, \u017eice itd.<\/li>\n<li>Posamezne nastavitve za polmer kotanja in debelino materiala<\/li>\n<li>5 vzdol\u017enih utorov (\u00d8 1, 2, 3, 4 in 5 mm)<\/li>\n<li>Vice ni vklju\u010den<\/li>\n<\/ul>\n","protected":false},"featured_media":3760,"template":"","meta":[],"product_brand":[],"product_cat":[1043,1051],"product_tag":[],"class_list":{"0":"post-3759","1":"product","2":"type-product","3":"status-publish","4":"has-post-thumbnail","6":"product_cat-stroji-za-kovine","7":"product_cat-upogibni-krivilni-stroji","9":"first","10":"instock","11":"shipping-taxable","12":"purchasable","13":"product-type-simple"},"_links":{"self":[{"href":"https:\/\/www.depoles.com\/hr\/wp-json\/wp\/v2\/product\/3759","targetHints":{"allow":["GET"]}}],"collection":[{"href":"https:\/\/www.depoles.com\/hr\/wp-json\/wp\/v2\/product"}],"about":[{"href":"https:\/\/www.depoles.com\/hr\/wp-json\/wp\/v2\/types\/product"}],"wp:featuredmedia":[{"embeddable":true,"href":"https:\/\/www.depoles.com\/hr\/wp-json\/wp\/v2\/media\/3760"}],"wp:attachment":[{"href":"https:\/\/www.depoles.com\/hr\/wp-json\/wp\/v2\/media?parent=3759"}],"wp:term":[{"taxonomy":"product_brand","embeddable":true,"href":"https:\/\/www.depoles.com\/hr\/wp-json\/wp\/v2\/product_brand?post=3759"},{"taxonomy":"product_cat","embeddable":true,"href":"https:\/\/www.depoles.com\/hr\/wp-json\/wp\/v2\/product_cat?post=3759"},{"taxonomy":"product_tag","embeddable":true,"href":"https:\/\/www.depoles.com\/hr\/wp-json\/wp\/v2\/product_tag?post=3759"}],"curies":[{"name":"wp","href":"https:\/\/api.w.org\/{rel}","templated":true}]}}