{"id":3761,"date":"2020-04-08T09:55:10","date_gmt":"2020-04-08T07:55:10","guid":{"rendered":"https:\/\/nova.depoles.com\/trgovina\/univerzalni-stroj-za-okroglo-upogibanje-urb30\/"},"modified":"2026-02-12T13:44:45","modified_gmt":"2026-02-12T12:44:45","slug":"univerzalni-stroj-za-okroglo-upogibanje-urb30","status":"publish","type":"product","link":"https:\/\/www.depoles.com\/hr\/trgovina\/univerzalni-stroj-za-okroglo-upogibanje-urb30\/","title":{"rendered":"Univerzalni stroj za okruglo savijanje URB30"},"content":{"rendered":"<p><strong>Tehni\u010dna specifikacija<\/strong><\/p>\n<table>\n<tbody>\n<tr>\n<th colspan=\"2\">Obdelava plo\u010devine<\/th>\n<\/tr>\n<tr>\n<td>Najve\u010dja \u0161irina materiala (mm)<\/td>\n<td>10<\/td>\n<\/tr>\n<tr>\n<td>Najve\u010dji premer okroglega jekla (mm)<\/td>\n<td>10<\/td>\n<\/tr>\n<tr>\n<td>Najve\u010dji dimenziji kvadratnega jekla (l x h v mm)<\/td>\n<td>10 x 10<\/td>\n<\/tr>\n<tr>\n<td>Najve\u010dja vi\u0161ina materiala (mm)<\/td>\n<td>30<\/td>\n<\/tr>\n<tr>\n<th colspan=\"2\">Te\u017ea<\/th>\n<\/tr>\n<tr>\n<td>Bruto te\u017ea (kg)<\/td>\n<td>29<\/td>\n<\/tr>\n<tr>\n<td>Netto te\u017ea (kg)<\/td>\n<td>27<\/td>\n<\/tr>\n<tr>\n<th colspan=\"2\">Pakiranje<\/th>\n<\/tr>\n<tr>\n<td>Dol\u017eina pakiranja (mm)<\/td>\n<td>550<\/td>\n<\/tr>\n<tr>\n<td>\u0160irina pakiranja (mm)<\/td>\n<td>300<\/td>\n<\/tr>\n<tr>\n<td>Vi\u0161ina pakiranja (mm)<\/td>\n<td>220<\/td>\n<\/tr>\n<tr>\n<th colspan=\"2\">Splo\u0161ni podatki<\/th>\n<\/tr>\n<tr>\n<td>EAN koda<\/td>\n<td>9120039902388<\/td>\n<\/tr>\n<\/tbody>\n<\/table>\n","protected":false},"excerpt":{"rendered":"<h3>Poudarki izdelka<\/h3>\n<p>Stroj je namenjen upogibanju razli\u010dnih kovinskih obdelovancev v spiralo ali okroglo obliko. Je idealen za izdelavo balkonskih ograj, sve\u010dnikov in podobnih izdelkov. Trdna in mobilna konstrukcija omogo\u010da enostaven transport, medtem ko \u0161tiri luknje v osnovni plo\u0161\u010di zagotavljajo stabilno pritrditev na delovno mizo ali tla. Obrobljeno kolo omogo\u010da natan\u010dno in fino nastavitev upogiba.<\/p>\n","protected":false},"featured_media":3762,"template":"","meta":[],"product_brand":[],"product_cat":[1043,1051],"product_tag":[],"class_list":{"0":"post-3761","1":"product","2":"type-product","3":"status-publish","4":"has-post-thumbnail","6":"product_cat-stroji-za-kovine","7":"product_cat-upogibni-krivilni-stroji","9":"first","10":"instock","11":"shipping-taxable","12":"purchasable","13":"product-type-simple"},"_links":{"self":[{"href":"https:\/\/www.depoles.com\/hr\/wp-json\/wp\/v2\/product\/3761","targetHints":{"allow":["GET"]}}],"collection":[{"href":"https:\/\/www.depoles.com\/hr\/wp-json\/wp\/v2\/product"}],"about":[{"href":"https:\/\/www.depoles.com\/hr\/wp-json\/wp\/v2\/types\/product"}],"wp:featuredmedia":[{"embeddable":true,"href":"https:\/\/www.depoles.com\/hr\/wp-json\/wp\/v2\/media\/3762"}],"wp:attachment":[{"href":"https:\/\/www.depoles.com\/hr\/wp-json\/wp\/v2\/media?parent=3761"}],"wp:term":[{"taxonomy":"product_brand","embeddable":true,"href":"https:\/\/www.depoles.com\/hr\/wp-json\/wp\/v2\/product_brand?post=3761"},{"taxonomy":"product_cat","embeddable":true,"href":"https:\/\/www.depoles.com\/hr\/wp-json\/wp\/v2\/product_cat?post=3761"},{"taxonomy":"product_tag","embeddable":true,"href":"https:\/\/www.depoles.com\/hr\/wp-json\/wp\/v2\/product_tag?post=3761"}],"curies":[{"name":"wp","href":"https:\/\/api.w.org\/{rel}","templated":true}]}}