{"id":3764,"date":"2020-04-08T09:55:08","date_gmt":"2020-04-08T07:55:08","guid":{"rendered":"https:\/\/nova.depoles.com\/trgovina\/univerzalni-upogibni-stroj-ub100a\/"},"modified":"2026-02-12T13:56:28","modified_gmt":"2026-02-12T12:56:28","slug":"univerzalni-upogibni-stroj-ub100a","status":"publish","type":"product","link":"https:\/\/www.depoles.com\/hr\/trgovina\/univerzalni-upogibni-stroj-ub100a\/","title":{"rendered":"Univerzalni savitljivi stroj UB100A"},"content":{"rendered":"<p><strong>Tehni\u010dne specifikacije<\/strong><\/p>\n<table>\n<tbody>\n<tr>\n<th colspan=\"2\">Obdelava plo\u010devine<\/th>\n<\/tr>\n<tr>\n<td>Hladno upogibanje kvadratnega \u017eeleza (mm)<\/td>\n<td>10&#215;100<\/td>\n<\/tr>\n<tr>\n<td>Toplo upogibanje okroglega \u017eeleza (mm)<\/td>\n<td>\u00d827<\/td>\n<\/tr>\n<tr>\n<td>Toplo upogibanje kvadratnega \u017eeleza (mm)<\/td>\n<td>15&#215;100<\/td>\n<\/tr>\n<tr>\n<td>Toplo upogibanje ravnega \u017eeleza (mm)<\/td>\n<td>8&#215;100<\/td>\n<\/tr>\n<tr>\n<td>Hladno upogibanje ravnega \u017eeleza (mm)<\/td>\n<td>7&#215;100<\/td>\n<\/tr>\n<tr>\n<td>Hladno upogibanje okroglega \u017eeleza (mm)<\/td>\n<td>22<\/td>\n<\/tr>\n<tr>\n<td>Maksimalni kot upogibanja<\/td>\n<td>120\u00b0<\/td>\n<\/tr>\n<tr>\n<th colspan=\"2\">Te\u017ea<\/th>\n<\/tr>\n<tr>\n<td>Bruto te\u017ea (kg)<\/td>\n<td>40<\/td>\n<\/tr>\n<tr>\n<td>Netto te\u017ea (kg)<\/td>\n<td>38<\/td>\n<\/tr>\n<tr>\n<th colspan=\"2\">Pakiranje<\/th>\n<\/tr>\n<tr>\n<td>Dol\u017eina pakiranja (mm)<\/td>\n<td>550<\/td>\n<\/tr>\n<tr>\n<td>\u0160irina pakiranja (mm)<\/td>\n<td>320<\/td>\n<\/tr>\n<tr>\n<td>Vi\u0161ina pakiranja (mm)<\/td>\n<td>240<\/td>\n<\/tr>\n<tr>\n<th colspan=\"2\">Splo\u0161ni podatki<\/th>\n<\/tr>\n<tr>\n<td>EAN koda<\/td>\n<td>9120039900612<\/td>\n<\/tr>\n<\/tbody>\n<\/table>\n","protected":false},"excerpt":{"rendered":"<h3>Poudarki izdelka<\/h3>\n<p>Stroj se pona\u0161a z zelo stabilno in natan\u010dno konstrukcijo, ki omogo\u010da u\u010dinkovito upogibanje hladnih in vro\u010dih kovin. Nastavljiv upogibni kon\u010dni zavoj zagotavlja visoko natan\u010dnost ponovitve, luknje v podno\u017eju pa omogo\u010dajo stabilno pritrditev na delovno mizo. Ekscentri\u010dni sistem omogo\u010da hitro pritrditev in natan\u010dno pozicioniranje kon\u010dnega dela obdelovanca.<\/p>\n<ul>\n<li>Zelo stabilna in natan\u010dna konstrukcija<\/li>\n<li>Primerno za upogibanje hladnih in vro\u010dih kovin<\/li>\n<li>Nastavljiv upogibni kon\u010dni zavoj za visoko natan\u010dnost ponovitve<\/li>\n<li>Luknje v podno\u017eju za pritrditev stroja na delovno mizo<\/li>\n<li>Ekscentri\u010dni sistem za hitro pritrditev in kon\u010dni del obdelovanca<\/li>\n<\/ul>\n","protected":false},"featured_media":3765,"template":"","meta":[],"product_brand":[],"product_cat":[1043,1051],"product_tag":[],"class_list":{"0":"post-3764","1":"product","2":"type-product","3":"status-publish","4":"has-post-thumbnail","6":"product_cat-stroji-za-kovine","7":"product_cat-upogibni-krivilni-stroji","9":"first","10":"instock","11":"shipping-taxable","12":"purchasable","13":"product-type-simple"},"_links":{"self":[{"href":"https:\/\/www.depoles.com\/hr\/wp-json\/wp\/v2\/product\/3764","targetHints":{"allow":["GET"]}}],"collection":[{"href":"https:\/\/www.depoles.com\/hr\/wp-json\/wp\/v2\/product"}],"about":[{"href":"https:\/\/www.depoles.com\/hr\/wp-json\/wp\/v2\/types\/product"}],"wp:featuredmedia":[{"embeddable":true,"href":"https:\/\/www.depoles.com\/hr\/wp-json\/wp\/v2\/media\/3765"}],"wp:attachment":[{"href":"https:\/\/www.depoles.com\/hr\/wp-json\/wp\/v2\/media?parent=3764"}],"wp:term":[{"taxonomy":"product_brand","embeddable":true,"href":"https:\/\/www.depoles.com\/hr\/wp-json\/wp\/v2\/product_brand?post=3764"},{"taxonomy":"product_cat","embeddable":true,"href":"https:\/\/www.depoles.com\/hr\/wp-json\/wp\/v2\/product_cat?post=3764"},{"taxonomy":"product_tag","embeddable":true,"href":"https:\/\/www.depoles.com\/hr\/wp-json\/wp\/v2\/product_tag?post=3764"}],"curies":[{"name":"wp","href":"https:\/\/api.w.org\/{rel}","templated":true}]}}