{"id":3766,"date":"2020-04-08T09:55:06","date_gmt":"2020-04-08T07:55:06","guid":{"rendered":"https:\/\/nova.depoles.com\/trgovina\/univerzalni-upogibni-stroj-ub70\/"},"modified":"2026-02-12T13:47:25","modified_gmt":"2026-02-12T12:47:25","slug":"univerzalni-upogibni-stroj-ub70","status":"publish","type":"product","link":"https:\/\/www.depoles.com\/hr\/trgovina\/univerzalni-upogibni-stroj-ub70\/","title":{"rendered":"Univerzalni savijaju\u0107i stroj UB70"},"content":{"rendered":"<p><strong>Tehni\u010dne specifikacije<\/strong><\/p>\n<ul>\n<li><strong>Obdelava plo\u010devine:<\/strong><\/li>\n<ul>\n<li>Hlajeno upogibanje kvadratnega \u017eeleza: 16&#215;16 mm<\/li>\n<li>Toplo upogibanje okroglega \u017eeleza: \u00d830 mm<\/li>\n<li>Toplo upogibanje kvadratnega \u017eeleza: 30&#215;30 mm<\/li>\n<li>Toplo upogibanje ravnega \u017eeleza: 70&#215;15 mm<\/li>\n<li>Hlajeno upogibanje kotnega jekla: 8&#215;60 mm<\/li>\n<li>Toplo upogibanje kotnega jekla: 60&#215;8 mm<\/li>\n<li>Hlajeno upogibanje ravnega \u017eeleza: 6&#215;70 mm<\/li>\n<li>Hlajeno upogibanje okroglega \u017eeleza: 18 mm<\/li>\n<li>Maksimalni kot upogibanja: 120\u00b0<\/li>\n<\/ul>\n<li><strong>Te\u017ea:<\/strong><\/li>\n<ul>\n<li>Bruto te\u017ea: 28,50 kg<\/li>\n<li>Neto te\u017ea: 27 kg<\/li>\n<\/ul>\n<li><strong>Pakiranje:<\/strong><\/li>\n<ul>\n<li>Dol\u017eina pakiranja: 390 mm<\/li>\n<li>\u0160irina pakiranja: 290 mm<\/li>\n<li>Vi\u0161ina pakiranja: 280 mm<\/li>\n<\/ul>\n<li><strong>Splo\u0161ni podatki:<\/strong><\/li>\n<ul>\n<li>EAN koda: 9120039900537<\/li>\n<\/ul>\n<\/ul>\n","protected":false},"excerpt":{"rendered":"<h3>Poudarki<\/h3>\n<p>Primerno za hladno in toplo upogibanje kovin, z natan\u010dnim merjenjem kota in ve\u010d funkcionalnostmi:<\/p>\n<ul>\n<li>Merjenje kota z definiranimi zasko\u010dnimi to\u010dkami do 120\u00b0<\/li>\n<li>Nastavljiv omejevalnik upogiba za visoko ponovljivost<\/li>\n<li>Vrtine v litini za pritrditev na delovno mizo<\/li>\n<li>Hitro zaklepanje z ekscentri\u010dnim sistemom in omejevalnik za obdelovanec<\/li>\n<li>\u0160tevilni razli\u010dni vlo\u017eki<\/li>\n<\/ul>\n","protected":false},"featured_media":3767,"template":"","meta":[],"product_brand":[],"product_cat":[1043,1051],"product_tag":[],"class_list":{"0":"post-3766","1":"product","2":"type-product","3":"status-publish","4":"has-post-thumbnail","6":"product_cat-stroji-za-kovine","7":"product_cat-upogibni-krivilni-stroji","9":"first","10":"instock","11":"shipping-taxable","12":"purchasable","13":"product-type-simple"},"_links":{"self":[{"href":"https:\/\/www.depoles.com\/hr\/wp-json\/wp\/v2\/product\/3766","targetHints":{"allow":["GET"]}}],"collection":[{"href":"https:\/\/www.depoles.com\/hr\/wp-json\/wp\/v2\/product"}],"about":[{"href":"https:\/\/www.depoles.com\/hr\/wp-json\/wp\/v2\/types\/product"}],"wp:featuredmedia":[{"embeddable":true,"href":"https:\/\/www.depoles.com\/hr\/wp-json\/wp\/v2\/media\/3767"}],"wp:attachment":[{"href":"https:\/\/www.depoles.com\/hr\/wp-json\/wp\/v2\/media?parent=3766"}],"wp:term":[{"taxonomy":"product_brand","embeddable":true,"href":"https:\/\/www.depoles.com\/hr\/wp-json\/wp\/v2\/product_brand?post=3766"},{"taxonomy":"product_cat","embeddable":true,"href":"https:\/\/www.depoles.com\/hr\/wp-json\/wp\/v2\/product_cat?post=3766"},{"taxonomy":"product_tag","embeddable":true,"href":"https:\/\/www.depoles.com\/hr\/wp-json\/wp\/v2\/product_tag?post=3766"}],"curies":[{"name":"wp","href":"https:\/\/api.w.org\/{rel}","templated":true}]}}