{"id":3768,"date":"2020-04-08T09:55:04","date_gmt":"2020-04-08T07:55:04","guid":{"rendered":"https:\/\/nova.depoles.com\/trgovina\/univerzalni-upogibni-stroj-ub100\/"},"modified":"2026-02-12T13:41:31","modified_gmt":"2026-02-12T12:41:31","slug":"univerzalni-upogibni-stroj-ub100","status":"publish","type":"product","link":"https:\/\/www.depoles.com\/hr\/trgovina\/univerzalni-upogibni-stroj-ub100\/","title":{"rendered":"Univerzalni savijaju\u0107i stroj UB100"},"content":{"rendered":"<p><strong>Tehni\u010dni podatki<\/strong><\/p>\n<table>\n<tbody>\n<tr>\n<th colspan=\"2\">Obdelava plo\u010devine<\/th>\n<\/tr>\n<tr>\n<td>Hladno upogibanje kvadratnega \u017eeleza (mm)<\/td>\n<td>16&#215;16<\/td>\n<\/tr>\n<tr>\n<td>Toplo upogibanje kvadratnega \u017eeleza (mm)<\/td>\n<td>30&#215;30<\/td>\n<\/tr>\n<tr>\n<td>Toplo upogibanje ravnega \u017eeleza (mm)<\/td>\n<td>15&#215;100<\/td>\n<\/tr>\n<tr>\n<td>Hladno upogibanje kotnega jekla (mm)<\/td>\n<td>8&#215;60<\/td>\n<\/tr>\n<tr>\n<td>Hladno upogibanje okroglega \u017eeleza (mm)<\/td>\n<td>18<\/td>\n<\/tr>\n<tr>\n<td>Toplo upogibanje kotnega jekla (mm)<\/td>\n<td>12&#215;100<\/td>\n<\/tr>\n<tr>\n<td>Hladno upogibanje ravnega \u017eeleza (mm)<\/td>\n<td>5&#215;100<\/td>\n<\/tr>\n<tr>\n<td>Toplo upogibanje okroglega \u017eeleza (mm)<\/td>\n<td>\u00d830<\/td>\n<\/tr>\n<tr>\n<td>Maksimalni upogibni kot<\/td>\n<td>120\u00b0<\/td>\n<\/tr>\n<tr>\n<th colspan=\"2\">Te\u017ea<\/th>\n<\/tr>\n<tr>\n<td>Bruto te\u017ea (kg)<\/td>\n<td>35,50<\/td>\n<\/tr>\n<tr>\n<td>Netto te\u017ea (kg)<\/td>\n<td>34<\/td>\n<\/tr>\n<tr>\n<th colspan=\"2\">Pakiranje<\/th>\n<\/tr>\n<tr>\n<td>Dol\u017eina pakiranja (mm)<\/td>\n<td>390<\/td>\n<\/tr>\n<tr>\n<td>\u0160irina pakiranja (mm)<\/td>\n<td>290<\/td>\n<\/tr>\n<tr>\n<td>Vi\u0161ina pakiranja (mm)<\/td>\n<td>280<\/td>\n<\/tr>\n<tr>\n<th colspan=\"2\">Splo\u0161ni podatki<\/th>\n<\/tr>\n<tr>\n<td>EAN koda<\/td>\n<td>9120039900544<\/td>\n<\/tr>\n<\/tbody>\n<\/table>\n","protected":false},"excerpt":{"rendered":"<h3>Poudarki izdelka<\/h3>\n<p>Stroj je primeren za upogibanje hladnih in vro\u010dih kovin ter omogo\u010da natan\u010dno delo z naslednjimi lastnostmi:<\/p>\n<ul>\n<li>Kotna lestvica z dolo\u010denimi kon\u010dnimi zaporami do 120\u00b0<\/li>\n<li>Nastavljiv upogibni kon\u010dni zavoj za visoko natan\u010dnost ponovitve<\/li>\n<li>Luknje v podno\u017eju za pritrditev stroja na delovno mizo<\/li>\n<li>Ekscentri\u010dni sistem za hitro pritrditev in kon\u010dni del obdelovanca<\/li>\n<li>Veliko razli\u010dnih dovodov<\/li>\n<\/ul>\n","protected":false},"featured_media":3769,"template":"","meta":[],"product_brand":[],"product_cat":[1043,1051],"product_tag":[],"class_list":{"0":"post-3768","1":"product","2":"type-product","3":"status-publish","4":"has-post-thumbnail","6":"product_cat-stroji-za-kovine","7":"product_cat-upogibni-krivilni-stroji","9":"first","10":"instock","11":"shipping-taxable","12":"purchasable","13":"product-type-simple"},"_links":{"self":[{"href":"https:\/\/www.depoles.com\/hr\/wp-json\/wp\/v2\/product\/3768","targetHints":{"allow":["GET"]}}],"collection":[{"href":"https:\/\/www.depoles.com\/hr\/wp-json\/wp\/v2\/product"}],"about":[{"href":"https:\/\/www.depoles.com\/hr\/wp-json\/wp\/v2\/types\/product"}],"wp:featuredmedia":[{"embeddable":true,"href":"https:\/\/www.depoles.com\/hr\/wp-json\/wp\/v2\/media\/3769"}],"wp:attachment":[{"href":"https:\/\/www.depoles.com\/hr\/wp-json\/wp\/v2\/media?parent=3768"}],"wp:term":[{"taxonomy":"product_brand","embeddable":true,"href":"https:\/\/www.depoles.com\/hr\/wp-json\/wp\/v2\/product_brand?post=3768"},{"taxonomy":"product_cat","embeddable":true,"href":"https:\/\/www.depoles.com\/hr\/wp-json\/wp\/v2\/product_cat?post=3768"},{"taxonomy":"product_tag","embeddable":true,"href":"https:\/\/www.depoles.com\/hr\/wp-json\/wp\/v2\/product_tag?post=3768"}],"curies":[{"name":"wp","href":"https:\/\/api.w.org\/{rel}","templated":true}]}}