{"id":3770,"date":"2020-04-08T09:55:01","date_gmt":"2020-04-08T07:55:01","guid":{"rendered":"https:\/\/nova.depoles.com\/trgovina\/stroj-za-okroglo-upogibanje-rbm1300m\/"},"modified":"2025-12-17T23:48:46","modified_gmt":"2025-12-17T22:48:46","slug":"stroj-za-okroglo-upogibanje-rbm1300m","status":"publish","type":"product","link":"https:\/\/www.depoles.com\/hr\/trgovina\/stroj-za-okroglo-upogibanje-rbm1300m\/","title":{"rendered":"Stroj za okruglo savijanje RBM1300M"},"content":{"rendered":"<p><strong>Tehni\u010dna specifikacija<\/strong><\/p>\n<table>\n<tbody>\n<tr>\n<th colspan=\"2\">Podatki o motorju<\/th>\n<\/tr>\n<tr>\n<td>Hitrost (min\u207b\u00b9)<\/td>\n<td>22<\/td>\n<\/tr>\n<tr>\n<td>Mo\u010d motorja S1 (W)<\/td>\n<td>750<\/td>\n<\/tr>\n<tr>\n<td>Mo\u010d motorja S6 (W)<\/td>\n<td>1100<\/td>\n<\/tr>\n<tr>\n<td>Napon<\/td>\n<td>400 V<\/td>\n<\/tr>\n<tr>\n<th colspan=\"2\">Dimenzije<\/th>\n<\/tr>\n<tr>\n<td>Premer valja (mm)<\/td>\n<td>75<\/td>\n<\/tr>\n<tr>\n<td>Delovna \u0161irina (mm)<\/td>\n<td>1300<\/td>\n<\/tr>\n<tr>\n<th colspan=\"2\">Obdelava plo\u010devine<\/th>\n<\/tr>\n<tr>\n<td>Najve\u010dja hitrost upogibanja (cm\/s)<\/td>\n<td>8,6<\/td>\n<\/tr>\n<tr>\n<td>Najve\u010dja debelina plo\u010devine (mm)<\/td>\n<td>1,5<\/td>\n<\/tr>\n<tr>\n<th colspan=\"2\">Te\u017ea<\/th>\n<\/tr>\n<tr>\n<td>Bruto te\u017ea (kg)<\/td>\n<td>340<\/td>\n<\/tr>\n<tr>\n<td>Netto te\u017ea (kg)<\/td>\n<td>280<\/td>\n<\/tr>\n<tr>\n<th colspan=\"2\">Embala\u017ea<\/th>\n<\/tr>\n<tr>\n<td>Dol\u017eina embala\u017ee (mm)<\/td>\n<td>1800<\/td>\n<\/tr>\n<tr>\n<td>\u0160irina embala\u017ee (mm)<\/td>\n<td>650<\/td>\n<\/tr>\n<tr>\n<td>Vi\u0161ina embala\u017ee (mm)<\/td>\n<td>1100<\/td>\n<\/tr>\n<tr>\n<th colspan=\"2\">Splo\u0161ni podatki<\/th>\n<\/tr>\n<tr>\n<td>EAN koda<\/td>\n<td>9120039900872<\/td>\n<\/tr>\n<\/tbody>\n<\/table>\n","protected":false},"excerpt":{"rendered":"<h3> Poudarki <\/h3>\n<ul>\n<li> natan\u010dni jekleni valjarji z visoko natan\u010dnostjo in tlemi, dr\u017eala valjev iz sivo litega \u017eeleza, odpornega proti torziji <\/li>\n<li> zgornji valj lahko enostavno zare\u017eemo in zavrtimo naprej za priro\u010dno odstranjevanje obdelovanca <\/li>\n<li> zadnji in spodnji valji, vsak neodvisno nastavljiv <\/li>\n<li> primeren za asimetri\u010dne koni\u010dne postopke upogiba <\/li>\n<li> prihaja z mobilno krmilno napravo z desnim in levim no\u017enim stikalom in gumbom za izklop v sili <\/li>\n<\/ul>\n","protected":false},"featured_media":754,"template":"","meta":[],"product_brand":[],"product_cat":[1043,1051],"product_tag":[],"class_list":{"0":"post-3770","1":"product","2":"type-product","3":"status-publish","4":"has-post-thumbnail","6":"product_cat-stroji-za-kovine","7":"product_cat-upogibni-krivilni-stroji","9":"first","10":"instock","11":"shipping-taxable","12":"purchasable","13":"product-type-simple"},"_links":{"self":[{"href":"https:\/\/www.depoles.com\/hr\/wp-json\/wp\/v2\/product\/3770","targetHints":{"allow":["GET"]}}],"collection":[{"href":"https:\/\/www.depoles.com\/hr\/wp-json\/wp\/v2\/product"}],"about":[{"href":"https:\/\/www.depoles.com\/hr\/wp-json\/wp\/v2\/types\/product"}],"wp:featuredmedia":[{"embeddable":true,"href":"https:\/\/www.depoles.com\/hr\/wp-json\/wp\/v2\/media\/754"}],"wp:attachment":[{"href":"https:\/\/www.depoles.com\/hr\/wp-json\/wp\/v2\/media?parent=3770"}],"wp:term":[{"taxonomy":"product_brand","embeddable":true,"href":"https:\/\/www.depoles.com\/hr\/wp-json\/wp\/v2\/product_brand?post=3770"},{"taxonomy":"product_cat","embeddable":true,"href":"https:\/\/www.depoles.com\/hr\/wp-json\/wp\/v2\/product_cat?post=3770"},{"taxonomy":"product_tag","embeddable":true,"href":"https:\/\/www.depoles.com\/hr\/wp-json\/wp\/v2\/product_tag?post=3770"}],"curies":[{"name":"wp","href":"https:\/\/api.w.org\/{rel}","templated":true}]}}