{"id":3773,"date":"2020-04-08T09:54:57","date_gmt":"2020-04-08T07:54:57","guid":{"rendered":"https:\/\/nova.depoles.com\/trgovina\/profesionalni-stroj-za-okroglo-upogibanje-rbm50_400v\/"},"modified":"2025-12-17T15:39:38","modified_gmt":"2025-12-17T14:39:38","slug":"profesionalni-stroj-za-okroglo-upogibanje-rbm50_400v","status":"publish","type":"product","link":"https:\/\/www.depoles.com\/hr\/trgovina\/profesionalni-stroj-za-okroglo-upogibanje-rbm50_400v\/","title":{"rendered":"Profesionalni stroj za savijanje i savijanje profila, cijevi RBM50_400V"},"content":{"rendered":"<p><strong>Tehni\u010dni podatki:<\/strong><\/p>\n<ul>\n<li><strong>Motor:<\/strong>\n<ul>\n<li>Mo\u010d motorja S1: 2200 W<\/li>\n<li>Mo\u010d motorja S6: 3100 W<\/li>\n<li>Napetost: 400 V<\/li>\n<\/ul>\n<\/li>\n<li><strong>Obdelava plo\u010devine:<\/strong>\n<ul>\n<li>Maksimalni premer okroglega jekla: 35 mm<\/li>\n<li>Maksimalni dimenziji kvadratnega jekla (l x \u0161): 35 x 35 mm<\/li>\n<li>Maksimalna debelina stene: 2 \/ 3 mm<\/li>\n<li>Premer gredi: 50 mm<\/li>\n<\/ul>\n<\/li>\n<li><strong>Te\u017ea:<\/strong>\n<ul>\n<li>Bruto te\u017ea: 520 kg<\/li>\n<li>Netto te\u017ea: 450 kg<\/li>\n<\/ul>\n<\/li>\n<li><strong>Embal\u017ea\u017ea:<\/strong>\n<ul>\n<li>Dol\u017eina embala\u017ee: 950 mm<\/li>\n<li>\u0160irina embala\u017ee: 800 mm<\/li>\n<li>Vi\u0161ina embala\u017ee: 1500 mm<\/li>\n<\/ul>\n<\/li>\n<li><strong>Splo\u0161ni podatki:<\/strong>\n<ul>\n<li>EAN koda: 9120039901275<\/li>\n<\/ul>\n<\/li>\n<\/ul>\n","protected":false},"excerpt":{"rendered":"<h3>Poudarki izdelka<\/h3>\n<p>Upogibni polmer je nastavljiv preko zgornje ro\u010dice z nonius lestvico, kar omogo\u010da natan\u010dno delo. Primerno je za upogibanje razli\u010dnih cevi in profilov, saj univerzalni valji omogo\u010dajo prilagodljivost \u0161tevilnim oblikam. Izdelek zagotavlja odli\u010dno stabilnost zaradi velike lastne te\u017ee. Valji so kaljeni in ozemljeni ter izdelani iz HQ jekla, kar zagotavlja dolgo \u017eivljenjsko dobo. Delovanje je mo\u017eno pe\u0161, v levo in desno smer.<\/p>\n","protected":false},"featured_media":3774,"template":"","meta":[],"product_brand":[],"product_cat":[1043,1051],"product_tag":[],"class_list":{"0":"post-3773","1":"product","2":"type-product","3":"status-publish","4":"has-post-thumbnail","6":"product_cat-stroji-za-kovine","7":"product_cat-upogibni-krivilni-stroji","9":"first","10":"instock","11":"shipping-taxable","12":"purchasable","13":"product-type-simple"},"_links":{"self":[{"href":"https:\/\/www.depoles.com\/hr\/wp-json\/wp\/v2\/product\/3773","targetHints":{"allow":["GET"]}}],"collection":[{"href":"https:\/\/www.depoles.com\/hr\/wp-json\/wp\/v2\/product"}],"about":[{"href":"https:\/\/www.depoles.com\/hr\/wp-json\/wp\/v2\/types\/product"}],"wp:featuredmedia":[{"embeddable":true,"href":"https:\/\/www.depoles.com\/hr\/wp-json\/wp\/v2\/media\/3774"}],"wp:attachment":[{"href":"https:\/\/www.depoles.com\/hr\/wp-json\/wp\/v2\/media?parent=3773"}],"wp:term":[{"taxonomy":"product_brand","embeddable":true,"href":"https:\/\/www.depoles.com\/hr\/wp-json\/wp\/v2\/product_brand?post=3773"},{"taxonomy":"product_cat","embeddable":true,"href":"https:\/\/www.depoles.com\/hr\/wp-json\/wp\/v2\/product_cat?post=3773"},{"taxonomy":"product_tag","embeddable":true,"href":"https:\/\/www.depoles.com\/hr\/wp-json\/wp\/v2\/product_tag?post=3773"}],"curies":[{"name":"wp","href":"https:\/\/api.w.org\/{rel}","templated":true}]}}