{"id":3775,"date":"2020-04-08T09:54:54","date_gmt":"2020-04-08T07:54:54","guid":{"rendered":"https:\/\/nova.depoles.com\/trgovina\/valjcni-stroj-bbm1000\/"},"modified":"2026-02-12T13:52:51","modified_gmt":"2026-02-12T12:52:51","slug":"valjcni-stroj-bbm1000","status":"publish","type":"product","link":"https:\/\/www.depoles.com\/hr\/trgovina\/valjcni-stroj-bbm1000\/","title":{"rendered":"Valj\u010dni stroj BBM1000"},"content":{"rendered":"<p><strong>Tehni\u010dni podatki<\/strong><\/p>\n<ul>\n<li><strong>Dimenzije<\/strong>\n<ul>\n<li>Delovno obmo\u010dje: 100 mm<\/li>\n<li>Premer koluta: 50 mm<\/li>\n<\/ul>\n<\/li>\n<li><strong>Obdelava plo\u010devine<\/strong>\n<ul>\n<li>Maksimalna debelina plo\u010devine: 1 mm<\/li>\n<\/ul>\n<\/li>\n<li><strong>Te\u017ea<\/strong>\n<ul>\n<li>Bruto te\u017ea: 106 kg<\/li>\n<li>Netto te\u017ea: 86 kg<\/li>\n<\/ul>\n<\/li>\n<li><strong>Embala\u017ea<\/strong>\n<ul>\n<li>Dol\u017eina embala\u017ee: 1.330 mm<\/li>\n<li>\u0160irina embala\u017ee: 320 mm<\/li>\n<li>Vi\u0161ina embala\u017ee: 450 mm<\/li>\n<\/ul>\n<\/li>\n<li><strong>Splo\u0161ni podatki<\/strong>\n<ul>\n<li>EAN koda: 9120039905082<\/li>\n<\/ul>\n<\/li>\n<\/ul>\n","protected":false},"excerpt":{"rendered":"<p>Stroj se pona\u0161a s kaljenimi zobniki za dolgo obstojnost in udobnim ekscentri\u010dnim sistemom vpenjanja, ki omogo\u010da enostavno upravljanje. Opremljen je s tremi HQ upogibnimi valji ter ekscentri\u010dno nastavitvijo zadnjega valja za sto\u017e\u010dasto zaokro\u017eevanje. Stojalo je na voljo kot neobvezna dodatna oprema.<\/p>\n","protected":false},"featured_media":3776,"template":"","meta":[],"product_brand":[],"product_cat":[1043,1051],"product_tag":[],"class_list":{"0":"post-3775","1":"product","2":"type-product","3":"status-publish","4":"has-post-thumbnail","6":"product_cat-stroji-za-kovine","7":"product_cat-upogibni-krivilni-stroji","9":"first","10":"instock","11":"shipping-taxable","12":"purchasable","13":"product-type-simple"},"_links":{"self":[{"href":"https:\/\/www.depoles.com\/hr\/wp-json\/wp\/v2\/product\/3775","targetHints":{"allow":["GET"]}}],"collection":[{"href":"https:\/\/www.depoles.com\/hr\/wp-json\/wp\/v2\/product"}],"about":[{"href":"https:\/\/www.depoles.com\/hr\/wp-json\/wp\/v2\/types\/product"}],"wp:featuredmedia":[{"embeddable":true,"href":"https:\/\/www.depoles.com\/hr\/wp-json\/wp\/v2\/media\/3776"}],"wp:attachment":[{"href":"https:\/\/www.depoles.com\/hr\/wp-json\/wp\/v2\/media?parent=3775"}],"wp:term":[{"taxonomy":"product_brand","embeddable":true,"href":"https:\/\/www.depoles.com\/hr\/wp-json\/wp\/v2\/product_brand?post=3775"},{"taxonomy":"product_cat","embeddable":true,"href":"https:\/\/www.depoles.com\/hr\/wp-json\/wp\/v2\/product_cat?post=3775"},{"taxonomy":"product_tag","embeddable":true,"href":"https:\/\/www.depoles.com\/hr\/wp-json\/wp\/v2\/product_tag?post=3775"}],"curies":[{"name":"wp","href":"https:\/\/api.w.org\/{rel}","templated":true}]}}