{"id":3781,"date":"2020-04-08T09:54:49","date_gmt":"2020-04-08T07:54:49","guid":{"rendered":"https:\/\/nova.depoles.com\/trgovina\/profilni-upogibni-stroj-rbm28m\/"},"modified":"2025-12-17T15:40:13","modified_gmt":"2025-12-17T14:40:13","slug":"profilni-upogibni-stroj-rbm28m","status":"publish","type":"product","link":"https:\/\/www.depoles.com\/hr\/trgovina\/profilni-upogibni-stroj-rbm28m\/","title":{"rendered":"Stroj za savijanje i savijanje profila, cijevi RBM28M"},"content":{"rendered":"<p><strong>Specifikacije izdelka:<\/strong><\/p>\n<table>\n<tbody>\n<tr>\n<th colspan=\"2\">Te\u017ea<\/th>\n<\/tr>\n<tr>\n<td>Bruto te\u017ea (kg)<\/td>\n<td>165<\/td>\n<\/tr>\n<tr>\n<td>Netto te\u017ea (kg)<\/td>\n<td>150<\/td>\n<\/tr>\n<tr>\n<th colspan=\"2\">Embalaza<\/th>\n<\/tr>\n<tr>\n<td>\u0160irina embala\u017ee (mm)<\/td>\n<td>480<\/td>\n<\/tr>\n<tr>\n<td>Vi\u0161ina embala\u017ee (mm)<\/td>\n<td>680<\/td>\n<\/tr>\n<tr>\n<td>Dol\u017eina embala\u017ee (mm)<\/td>\n<td>500<\/td>\n<\/tr>\n<tr>\n<th colspan=\"2\">Splo\u0161ni podatki<\/th>\n<\/tr>\n<tr>\n<td>EAN koda<\/td>\n<td>9120058373305<\/td>\n<\/tr>\n<\/tbody>\n<\/table>\n","protected":false},"excerpt":{"rendered":"<p>Ro\u010dna razli\u010dica orodja za upogibanje trdnega materiala in okroglih profilov. Opremljeno je z zvitki iz kaljenega posebnega jekla, masivnimi litimi plati\u0161\u010di, gredjo premera 30 mm ter valj\u010dnim vrhom premera 98 mm in valjem pod premera 118 mm.<\/p>\n","protected":false},"featured_media":3782,"template":"","meta":[],"product_brand":[],"product_cat":[1043,1051],"product_tag":[],"class_list":{"0":"post-3781","1":"product","2":"type-product","3":"status-publish","4":"has-post-thumbnail","6":"product_cat-stroji-za-kovine","7":"product_cat-upogibni-krivilni-stroji","9":"first","10":"instock","11":"shipping-taxable","12":"purchasable","13":"product-type-simple"},"_links":{"self":[{"href":"https:\/\/www.depoles.com\/hr\/wp-json\/wp\/v2\/product\/3781","targetHints":{"allow":["GET"]}}],"collection":[{"href":"https:\/\/www.depoles.com\/hr\/wp-json\/wp\/v2\/product"}],"about":[{"href":"https:\/\/www.depoles.com\/hr\/wp-json\/wp\/v2\/types\/product"}],"wp:featuredmedia":[{"embeddable":true,"href":"https:\/\/www.depoles.com\/hr\/wp-json\/wp\/v2\/media\/3782"}],"wp:attachment":[{"href":"https:\/\/www.depoles.com\/hr\/wp-json\/wp\/v2\/media?parent=3781"}],"wp:term":[{"taxonomy":"product_brand","embeddable":true,"href":"https:\/\/www.depoles.com\/hr\/wp-json\/wp\/v2\/product_brand?post=3781"},{"taxonomy":"product_cat","embeddable":true,"href":"https:\/\/www.depoles.com\/hr\/wp-json\/wp\/v2\/product_cat?post=3781"},{"taxonomy":"product_tag","embeddable":true,"href":"https:\/\/www.depoles.com\/hr\/wp-json\/wp\/v2\/product_tag?post=3781"}],"curies":[{"name":"wp","href":"https:\/\/api.w.org\/{rel}","templated":true}]}}