{"id":3783,"date":"2020-04-08T09:54:46","date_gmt":"2020-04-08T07:54:46","guid":{"rendered":"https:\/\/nova.depoles.com\/trgovina\/rocni-upogibni-stroj-rbm1250m\/"},"modified":"2026-02-12T13:44:54","modified_gmt":"2026-02-12T12:44:54","slug":"rocni-upogibni-stroj-rbm1250m","status":"publish","type":"product","link":"https:\/\/www.depoles.com\/hr\/trgovina\/rocni-upogibni-stroj-rbm1250m\/","title":{"rendered":"Stroj za savijanje i savijanje profila, cijevi RBM1250M"},"content":{"rendered":"<p><strong>Tehni\u010dni podatki:<\/strong><\/p>\n<ul>\n<li><strong>Obdelava plo\u010devine<\/strong>\n<ul>\n<li>Maksimalna debelina plo\u010devine: 2 mm<\/li>\n<li>Premer zvijalnih valjev: 60 mm<\/li>\n<li>Maksimalna \u0161irina materiala: 1250 mm<\/li>\n<\/ul>\n<\/li>\n<li><strong>Te\u017ea<\/strong>\n<ul>\n<li>Bruto te\u017ea: 255 kg<\/li>\n<li>Neto te\u017ea: 225 kg<\/li>\n<\/ul>\n<\/li>\n<li><strong>Embala\u017ea<\/strong>\n<ul>\n<li>\u0160irina embala\u017ee: 600 mm<\/li>\n<li>Vi\u0161ina embala\u017ee: 580 mm<\/li>\n<li>Dol\u017eina embala\u017ee: 1710 mm<\/li>\n<\/ul>\n<\/li>\n<li><strong>Splo\u0161ni podatki<\/strong>\n<ul>\n<li>EAN koda: 9120058372070<\/li>\n<\/ul>\n<\/li>\n<\/ul>\n","protected":false},"excerpt":{"rendered":"<h3>Poudarki izdelka<\/h3>\n<p>Izdelek izstopa po trdni in te\u017eki konstrukciji iz litega \u017eeleza ter vrhunskih tehni\u010dnih re\u0161itvah:<\/p>\n<ul>\n<li>Te\u017eka in trdna konstrukcija iz litega \u017eeleza<\/li>\n<li>Zvitki iz visokotla\u010dnega jekla<\/li>\n<li>Udoben ekscentri\u010dni sistem vpenjanja z enostavnim upravljanjem<\/li>\n<li>Sto\u017e\u010dasti krog<\/li>\n<li>\u017dlebovi za vstavljanje \u017eic<\/li>\n<li>Utrjena prestava za visoko vzdr\u017eljivost<\/li>\n<li>Asimetri\u010dni 3-valj\u010dni sistem<\/li>\n<li>Zgornji valj se lahko nagne z ekscentri\u010dnim zapiranjem<\/li>\n<\/ul>\n","protected":false},"featured_media":3784,"template":"","meta":[],"product_brand":[],"product_cat":[1043,1051],"product_tag":[],"class_list":{"0":"post-3783","1":"product","2":"type-product","3":"status-publish","4":"has-post-thumbnail","6":"product_cat-stroji-za-kovine","7":"product_cat-upogibni-krivilni-stroji","9":"first","10":"instock","11":"shipping-taxable","12":"purchasable","13":"product-type-simple"},"_links":{"self":[{"href":"https:\/\/www.depoles.com\/hr\/wp-json\/wp\/v2\/product\/3783","targetHints":{"allow":["GET"]}}],"collection":[{"href":"https:\/\/www.depoles.com\/hr\/wp-json\/wp\/v2\/product"}],"about":[{"href":"https:\/\/www.depoles.com\/hr\/wp-json\/wp\/v2\/types\/product"}],"wp:featuredmedia":[{"embeddable":true,"href":"https:\/\/www.depoles.com\/hr\/wp-json\/wp\/v2\/media\/3784"}],"wp:attachment":[{"href":"https:\/\/www.depoles.com\/hr\/wp-json\/wp\/v2\/media?parent=3783"}],"wp:term":[{"taxonomy":"product_brand","embeddable":true,"href":"https:\/\/www.depoles.com\/hr\/wp-json\/wp\/v2\/product_brand?post=3783"},{"taxonomy":"product_cat","embeddable":true,"href":"https:\/\/www.depoles.com\/hr\/wp-json\/wp\/v2\/product_cat?post=3783"},{"taxonomy":"product_tag","embeddable":true,"href":"https:\/\/www.depoles.com\/hr\/wp-json\/wp\/v2\/product_tag?post=3783"}],"curies":[{"name":"wp","href":"https:\/\/api.w.org\/{rel}","templated":true}]}}