{"id":3787,"date":"2020-04-08T09:54:39","date_gmt":"2020-04-08T07:54:39","guid":{"rendered":"https:\/\/nova.depoles.com\/trgovina\/profesionalni-stroj-za-okroglo-upogibanje-rbm10\/"},"modified":"2026-02-12T13:50:37","modified_gmt":"2026-02-12T12:50:37","slug":"profesionalni-stroj-za-okroglo-upogibanje-rbm10","status":"publish","type":"product","link":"https:\/\/www.depoles.com\/hr\/trgovina\/profesionalni-stroj-za-okroglo-upogibanje-rbm10\/","title":{"rendered":"Profesionalni stroj za savijanje i savijanje profila, cijevi RBM10"},"content":{"rendered":"<p><strong>Tehni\u010dni podatki<\/strong><\/p>\n<ul>\n<li><strong>Obdelava plo\u010devine<\/strong><\/li>\n<ul>\n<li>Delovni pritisk: 10 t<\/li>\n<\/ul>\n<li><strong>Te\u017ea<\/strong><\/li>\n<ul>\n<li>Bruto te\u017ea: 48 kg<\/li>\n<li>Netto te\u017ea: 45 kg<\/li>\n<\/ul>\n<li><strong>Pakiranje<\/strong><\/li>\n<ul>\n<li>Dol\u017eina pakiranja: 710 mm<\/li>\n<li>\u0160irina pakiranja: 590 mm<\/li>\n<li>Vi\u0161ina pakiranja: 220 mm<\/li>\n<\/ul>\n<li><strong>Splo\u0161ni podatki<\/strong><\/li>\n<ul>\n<li>EAN koda: 9120039901404<\/li>\n<\/ul>\n<\/ul>\n","protected":false},"excerpt":{"rendered":"<h3>Poudarki izdelka<\/h3>\n<p>Izdelek ponuja ve\u010d razli\u010dnih dovodov in je primeren za cevi iz razli\u010dnih materialov, kot so voda, plin ali druge vrste cevi. Njegove glavne zna\u010dilnosti so:<\/p>\n<ul>\n<li>Ve\u010d razli\u010dnih dovodov: 1\/2&#8243;, 3\/4&#8243;, 1&#8243;, 1 1\/4&#8243;, 1 1\/2&#8243;, 2&#8243;<\/li>\n<li>Samo\u010distilni in malo vzdr\u017eevalni cilinder<\/li>\n<li>Samodejni povrat bata<\/li>\n<li>Stabilno stojalo s tremi nogami<\/li>\n<li>Zlo\u017eljivi upogibni okvir za hitro in priro\u010dno menjavo delovnega dela<\/li>\n<li>Maksimalni hod rama: 155 mm<\/li>\n<\/ul>\n","protected":false},"featured_media":3788,"template":"","meta":[],"product_brand":[],"product_cat":[1043,1051],"product_tag":[],"class_list":{"0":"post-3787","1":"product","2":"type-product","3":"status-publish","4":"has-post-thumbnail","6":"product_cat-stroji-za-kovine","7":"product_cat-upogibni-krivilni-stroji","9":"first","10":"instock","11":"shipping-taxable","12":"purchasable","13":"product-type-simple"},"_links":{"self":[{"href":"https:\/\/www.depoles.com\/hr\/wp-json\/wp\/v2\/product\/3787","targetHints":{"allow":["GET"]}}],"collection":[{"href":"https:\/\/www.depoles.com\/hr\/wp-json\/wp\/v2\/product"}],"about":[{"href":"https:\/\/www.depoles.com\/hr\/wp-json\/wp\/v2\/types\/product"}],"wp:featuredmedia":[{"embeddable":true,"href":"https:\/\/www.depoles.com\/hr\/wp-json\/wp\/v2\/media\/3788"}],"wp:attachment":[{"href":"https:\/\/www.depoles.com\/hr\/wp-json\/wp\/v2\/media?parent=3787"}],"wp:term":[{"taxonomy":"product_brand","embeddable":true,"href":"https:\/\/www.depoles.com\/hr\/wp-json\/wp\/v2\/product_brand?post=3787"},{"taxonomy":"product_cat","embeddable":true,"href":"https:\/\/www.depoles.com\/hr\/wp-json\/wp\/v2\/product_cat?post=3787"},{"taxonomy":"product_tag","embeddable":true,"href":"https:\/\/www.depoles.com\/hr\/wp-json\/wp\/v2\/product_tag?post=3787"}],"curies":[{"name":"wp","href":"https:\/\/api.w.org\/{rel}","templated":true}]}}