{"id":3797,"date":"2020-04-08T09:54:26","date_gmt":"2020-04-08T07:54:26","guid":{"rendered":"https:\/\/nova.depoles.com\/trgovina\/rotacijski-stroj-vklj-vsi-menjalni-vlozki-skm200\/"},"modified":"2026-02-12T13:52:00","modified_gmt":"2026-02-12T12:52:00","slug":"rotacijski-stroj-vklj-vsi-menjalni-vlozki-skm200","status":"publish","type":"product","link":"https:\/\/www.depoles.com\/hr\/trgovina\/rotacijski-stroj-vklj-vsi-menjalni-vlozki-skm200\/","title":{"rendered":"Rotacijski stroj uklj. svi izmjenjivi ulo\u0161ci SKM200"},"content":{"rendered":"<p><strong>Tehni\u010dni podatki<\/strong><\/p>\n<ul>\n<li><strong>Obdelava plo\u010devine<\/strong>\n<ul>\n<li>Globina grla: 200 mm<\/li>\n<li>Maksimalna debelina stene: 0,8 mm<\/li>\n<li>Razdalja med valji: 50 mm<\/li>\n<\/ul>\n<\/li>\n<li><strong>Te\u017ea<\/strong>\n<ul>\n<li>Bruto te\u017ea: 24 kg<\/li>\n<li>Netto te\u017ea: 22 kg<\/li>\n<\/ul>\n<\/li>\n<li><strong>Pakiranje<\/strong>\n<ul>\n<li>Dol\u017eina pakiranja: 500 mm<\/li>\n<li>\u0160irina pakiranja: 450 mm<\/li>\n<li>Vi\u0161ina pakiranja: 160 mm<\/li>\n<\/ul>\n<\/li>\n<li><strong>Splo\u0161ni podatki<\/strong>\n<ul>\n<li>EAN koda: 9120039909004<\/li>\n<\/ul>\n<\/li>\n<\/ul>\n","protected":false},"excerpt":{"rendered":"<h3>Poudarki<\/h3>\n<ul>\n<li>Primerno za izdelavo razli\u010dnih cevnih povezav<\/li>\n<li>Vklju\u010duje 6 razli\u010dnih dovodov, prilo\u017eenih v dostavi<\/li>\n<li>Vrtljiv sistem telesa in objemka mize<\/li>\n<li>Maksimalna delovna \u0161irina 200 mm<\/li>\n<li>Razdalja med valji (sredina in sredina) 50 mm<\/li>\n<\/ul>\n","protected":false},"featured_media":3798,"template":"","meta":[],"product_brand":[],"product_cat":[1043,1048],"product_tag":[],"class_list":{"0":"post-3797","1":"product","2":"type-product","3":"status-publish","4":"has-post-thumbnail","6":"product_cat-stroji-za-kovine","7":"product_cat-stroji-za-obdelavo-robov","9":"first","10":"instock","11":"shipping-taxable","12":"purchasable","13":"product-type-simple"},"_links":{"self":[{"href":"https:\/\/www.depoles.com\/hr\/wp-json\/wp\/v2\/product\/3797","targetHints":{"allow":["GET"]}}],"collection":[{"href":"https:\/\/www.depoles.com\/hr\/wp-json\/wp\/v2\/product"}],"about":[{"href":"https:\/\/www.depoles.com\/hr\/wp-json\/wp\/v2\/types\/product"}],"wp:featuredmedia":[{"embeddable":true,"href":"https:\/\/www.depoles.com\/hr\/wp-json\/wp\/v2\/media\/3798"}],"wp:attachment":[{"href":"https:\/\/www.depoles.com\/hr\/wp-json\/wp\/v2\/media?parent=3797"}],"wp:term":[{"taxonomy":"product_brand","embeddable":true,"href":"https:\/\/www.depoles.com\/hr\/wp-json\/wp\/v2\/product_brand?post=3797"},{"taxonomy":"product_cat","embeddable":true,"href":"https:\/\/www.depoles.com\/hr\/wp-json\/wp\/v2\/product_cat?post=3797"},{"taxonomy":"product_tag","embeddable":true,"href":"https:\/\/www.depoles.com\/hr\/wp-json\/wp\/v2\/product_tag?post=3797"}],"curies":[{"name":"wp","href":"https:\/\/api.w.org\/{rel}","templated":true}]}}