{"id":3799,"date":"2020-04-08T09:54:24","date_gmt":"2020-04-08T07:54:24","guid":{"rendered":"https:\/\/nova.depoles.com\/trgovina\/rocni-rotacijski-stroj-skm470s\/"},"modified":"2026-02-12T13:43:30","modified_gmt":"2026-02-12T12:43:30","slug":"rocni-rotacijski-stroj-skm470s","status":"publish","type":"product","link":"https:\/\/www.depoles.com\/hr\/trgovina\/rocni-rotacijski-stroj-skm470s\/","title":{"rendered":"Ru\u010dni rotacijski stroj SKM470S"},"content":{"rendered":"<p><strong>Tehni\u010dni podatki<\/strong><\/p>\n<ul>\n<li><strong>Dimenzije (mm):<\/strong> 760 x 410 x 1120<\/li>\n<li><strong>Obdelava plo\u010devine:<\/strong>\n<ul>\n<li>Globina grla (mm): 470<\/li>\n<li>Razdalja valjev (mm): 50<\/li>\n<\/ul>\n<\/li>\n<li><strong>Te\u017ea (kg):<\/strong>\n<ul>\n<li>Bruto te\u017ea: 39,50<\/li>\n<li>Netto te\u017ea: 37,10<\/li>\n<\/ul>\n<\/li>\n<li><strong>Pakiranje (mm):<\/strong>\n<ul>\n<li>\u0160irina: 270<\/li>\n<li>Dol\u017eina: 730<\/li>\n<li>Vi\u0161ina: 130<\/li>\n<\/ul>\n<\/li>\n<li><strong>Splo\u0161ni podatki:<\/strong>\n<ul>\n<li>EAN koda: 9120058376337<\/li>\n<\/ul>\n<\/li>\n<\/ul>\n","protected":false},"excerpt":{"rendered":"<h3>Poudarki izdelka<\/h3>\n<p>Izdelek ima stabilno konstrukcijo in je primeren za izdelavo razli\u010dnih cevnih povezav. V kompletu je vklju\u010denih \u0161est razli\u010dnih kroglic. Najve\u010dje dovoljene debeline materialov so naslednje:<\/p>\n<ul>\n<li>Mehko jeklo: 0,8 mm<\/li>\n<li>Nerjave\u010de jeklo: 0,5 mm<\/li>\n<li>Hladno valjano jeklo: 0,6 mm<\/li>\n<li>Aluminij: 1,3 mm<\/li>\n<li>Mehka medenina: 1,1 mm<\/li>\n<li>Medenina 1\/2 trda: 0,7 mm<\/li>\n<li>Brona: 0,8 mm<\/li>\n<li>Mehek baker: 1,1 mm<\/li>\n<li>Trd baker: 0,8 mm<\/li>\n<\/ul>\n","protected":false},"featured_media":3800,"template":"","meta":[],"product_brand":[],"product_cat":[1043],"product_tag":[],"class_list":{"0":"post-3799","1":"product","2":"type-product","3":"status-publish","4":"has-post-thumbnail","6":"product_cat-stroji-za-kovine","8":"first","9":"instock","10":"shipping-taxable","11":"purchasable","12":"product-type-simple"},"_links":{"self":[{"href":"https:\/\/www.depoles.com\/hr\/wp-json\/wp\/v2\/product\/3799","targetHints":{"allow":["GET"]}}],"collection":[{"href":"https:\/\/www.depoles.com\/hr\/wp-json\/wp\/v2\/product"}],"about":[{"href":"https:\/\/www.depoles.com\/hr\/wp-json\/wp\/v2\/types\/product"}],"wp:featuredmedia":[{"embeddable":true,"href":"https:\/\/www.depoles.com\/hr\/wp-json\/wp\/v2\/media\/3800"}],"wp:attachment":[{"href":"https:\/\/www.depoles.com\/hr\/wp-json\/wp\/v2\/media?parent=3799"}],"wp:term":[{"taxonomy":"product_brand","embeddable":true,"href":"https:\/\/www.depoles.com\/hr\/wp-json\/wp\/v2\/product_brand?post=3799"},{"taxonomy":"product_cat","embeddable":true,"href":"https:\/\/www.depoles.com\/hr\/wp-json\/wp\/v2\/product_cat?post=3799"},{"taxonomy":"product_tag","embeddable":true,"href":"https:\/\/www.depoles.com\/hr\/wp-json\/wp\/v2\/product_tag?post=3799"}],"curies":[{"name":"wp","href":"https:\/\/api.w.org\/{rel}","templated":true}]}}