{"id":3805,"date":"2020-04-08T09:54:13","date_gmt":"2020-04-08T07:54:13","guid":{"rendered":"https:\/\/nova.depoles.com\/trgovina\/zarez-cevi-in-cevi-ram61\/"},"modified":"2026-02-12T13:39:12","modified_gmt":"2026-02-12T12:39:12","slug":"zarez-cevi-in-cevi-ram61","status":"publish","type":"product","link":"https:\/\/www.depoles.com\/hr\/trgovina\/zarez-cevi-in-cevi-ram61\/","title":{"rendered":"Rezovi cijevi i cijevi RAM61"},"content":{"rendered":"<p><strong>Tehni\u010dni podatki<\/strong><\/p>\n<ul>\n<li><strong>Obdelava plo\u010devine<\/strong>\n<ul>\n<li>Premer (mm): 50 \/ 61<\/li>\n<li>Maksimalna debelina stene (mm): 3<\/li>\n<\/ul>\n<\/li>\n<li><strong>Te\u017ea<\/strong>\n<ul>\n<li>Bruto te\u017ea (kg): 19<\/li>\n<li>Netto te\u017ea (kg): 18<\/li>\n<\/ul>\n<\/li>\n<li><strong>Pakiranje<\/strong>\n<ul>\n<li>Dol\u017eina pakiranja (mm): 580<\/li>\n<li>\u0160irina pakiranja (mm): 300<\/li>\n<li>Vi\u0161ina pakiranja (mm): 180<\/li>\n<\/ul>\n<\/li>\n<li><strong>Splo\u0161ni podatki<\/strong>\n<ul>\n<li>EAN koda: 9120039905556<\/li>\n<\/ul>\n<\/li>\n<\/ul>\n","protected":false},"excerpt":{"rendered":"<h3>Poudarki<\/h3>\n<ul>\n<li>Dolga ro\u010dica in ekscentri\u010dna sila omogo\u010data rezanje do 3 mm debeline stene.<\/li>\n<li>Primerno za rezanje cevi iz plina, jekla, barvnih kovin in par.<\/li>\n<li>Primeren za odrezovanje varilnih cevi za T-priklju\u010dke.<\/li>\n<li>Dva razli\u010dna premera: 50 mm in 61 mm.<\/li>\n<li>Uporaba je mo\u017ena vodoravno in navpi\u010dno.<\/li>\n<\/ul>\n","protected":false},"featured_media":3806,"template":"","meta":[],"product_brand":[],"product_cat":[1043,1049],"product_tag":[],"class_list":{"0":"post-3805","1":"product","2":"type-product","3":"status-publish","4":"has-post-thumbnail","6":"product_cat-stroji-za-kovine","7":"product_cat-stroji-za-prebijanje-in-izsekavanje","9":"first","10":"instock","11":"shipping-taxable","12":"purchasable","13":"product-type-simple"},"_links":{"self":[{"href":"https:\/\/www.depoles.com\/hr\/wp-json\/wp\/v2\/product\/3805","targetHints":{"allow":["GET"]}}],"collection":[{"href":"https:\/\/www.depoles.com\/hr\/wp-json\/wp\/v2\/product"}],"about":[{"href":"https:\/\/www.depoles.com\/hr\/wp-json\/wp\/v2\/types\/product"}],"wp:featuredmedia":[{"embeddable":true,"href":"https:\/\/www.depoles.com\/hr\/wp-json\/wp\/v2\/media\/3806"}],"wp:attachment":[{"href":"https:\/\/www.depoles.com\/hr\/wp-json\/wp\/v2\/media?parent=3805"}],"wp:term":[{"taxonomy":"product_brand","embeddable":true,"href":"https:\/\/www.depoles.com\/hr\/wp-json\/wp\/v2\/product_brand?post=3805"},{"taxonomy":"product_cat","embeddable":true,"href":"https:\/\/www.depoles.com\/hr\/wp-json\/wp\/v2\/product_cat?post=3805"},{"taxonomy":"product_tag","embeddable":true,"href":"https:\/\/www.depoles.com\/hr\/wp-json\/wp\/v2\/product_tag?post=3805"}],"curies":[{"name":"wp","href":"https:\/\/api.w.org\/{rel}","templated":true}]}}