{"id":3811,"date":"2020-04-08T09:54:06","date_gmt":"2020-04-08T07:54:06","guid":{"rendered":"https:\/\/nova.depoles.com\/trgovina\/upogibna-zavora-akb730fo\/"},"modified":"2026-02-12T13:56:04","modified_gmt":"2026-02-12T12:56:04","slug":"upogibna-zavora-akb730fo","status":"publish","type":"product","link":"https:\/\/www.depoles.com\/hr\/trgovina\/upogibna-zavora-akb730fo\/","title":{"rendered":"Savijaju\u0107a ko\u010dnica AKB730FO"},"content":{"rendered":"<p><strong>Tehni\u010dne specifikacije<\/strong><\/p>\n<ul>\n<li><strong>Obdelava plo\u010devine<\/strong>\n<ul>\n<li>Maksimalni kot pregiba: 0-90\u00b0<\/li>\n<li>Maksimalna \u0161irina materiala: 730 mm<\/li>\n<li>Maksimalna debelina plo\u010devine: 1,2 mm<\/li>\n<\/ul>\n<\/li>\n<li><strong>Te\u017ea<\/strong>\n<ul>\n<li>Bruto te\u017ea: 20 kg<\/li>\n<li>Netto te\u017ea: 18 kg<\/li>\n<\/ul>\n<\/li>\n<li><strong>Pakiranje<\/strong>\n<ul>\n<li>\u0160irina pakiranja: 240 mm<\/li>\n<li>Dol\u017eina pakiranja: 960 mm<\/li>\n<li>Vi\u0161ina pakiranja: 200 mm<\/li>\n<\/ul>\n<\/li>\n<li><strong>Splo\u0161ni podatki<\/strong>\n<ul>\n<li>EAN koda: 9120058375583<\/li>\n<\/ul>\n<\/li>\n<\/ul>\n","protected":false},"excerpt":{"rendered":"<p>Izdelek ima naslednje glavne zna\u010dilnosti:<\/p>\n<ul>\n<li>maksimalna \u0161irina 730 mm<\/li>\n<li>maksimalna debelina 1,2 mm<\/li>\n<li>upogibni kot od 0 do 90 \u00b0<\/li>\n<li>te\u017ea 18 kg<\/li>\n<\/ul>\n","protected":false},"featured_media":3812,"template":"","meta":[],"product_brand":[],"product_cat":[1043,1052],"product_tag":[],"class_list":{"0":"post-3811","1":"product","2":"type-product","3":"status-publish","4":"has-post-thumbnail","6":"product_cat-stroji-za-kovine","7":"product_cat-upogibni-stroji","9":"first","10":"instock","11":"shipping-taxable","12":"purchasable","13":"product-type-simple"},"_links":{"self":[{"href":"https:\/\/www.depoles.com\/hr\/wp-json\/wp\/v2\/product\/3811","targetHints":{"allow":["GET"]}}],"collection":[{"href":"https:\/\/www.depoles.com\/hr\/wp-json\/wp\/v2\/product"}],"about":[{"href":"https:\/\/www.depoles.com\/hr\/wp-json\/wp\/v2\/types\/product"}],"wp:featuredmedia":[{"embeddable":true,"href":"https:\/\/www.depoles.com\/hr\/wp-json\/wp\/v2\/media\/3812"}],"wp:attachment":[{"href":"https:\/\/www.depoles.com\/hr\/wp-json\/wp\/v2\/media?parent=3811"}],"wp:term":[{"taxonomy":"product_brand","embeddable":true,"href":"https:\/\/www.depoles.com\/hr\/wp-json\/wp\/v2\/product_brand?post=3811"},{"taxonomy":"product_cat","embeddable":true,"href":"https:\/\/www.depoles.com\/hr\/wp-json\/wp\/v2\/product_cat?post=3811"},{"taxonomy":"product_tag","embeddable":true,"href":"https:\/\/www.depoles.com\/hr\/wp-json\/wp\/v2\/product_tag?post=3811"}],"curies":[{"name":"wp","href":"https:\/\/api.w.org\/{rel}","templated":true}]}}