{"id":3815,"date":"2020-04-08T09:54:02","date_gmt":"2020-04-08T07:54:02","guid":{"rendered":"https:\/\/nova.depoles.com\/trgovina\/magnetni-upogibni-abkant-stroj-za-plocevino-akm1250mag_230v\/"},"modified":"2025-12-17T15:42:13","modified_gmt":"2025-12-17T14:42:13","slug":"magnetni-upogibni-abkant-stroj-za-plocevino-akm1250mag_230v","status":"publish","type":"product","link":"https:\/\/www.depoles.com\/hr\/trgovina\/magnetni-upogibni-abkant-stroj-za-plocevino-akm1250mag_230v\/","title":{"rendered":"Magnetni savijaju\u0107i abkant stroj za lim AKM1250MAG_230V"},"content":{"rendered":"<p><strong>Tehni\u010dni podatki<\/strong><\/p>\n<ul>\n<li><strong>Podatki o motorju:<\/strong>\n<ul>\n<li>Napetost: 230V \/ 50Hz<\/li>\n<\/ul>\n<\/li>\n<li><strong>Dimenzije:<\/strong>\n<ul>\n<li>Delovna \u0161irina: 1250 mm<\/li>\n<\/ul>\n<\/li>\n<li><strong>Obdelava plo\u010devine:<\/strong>\n<ul>\n<li>Maksimalna debelina plo\u010devine: 1,6 mm<\/li>\n<li>Delovni tlak: 6 t<\/li>\n<\/ul>\n<\/li>\n<li><strong>Te\u017ea:<\/strong>\n<ul>\n<li>Bruto te\u017ea: 210 kg<\/li>\n<li>Netto te\u017ea: 175 kg<\/li>\n<\/ul>\n<\/li>\n<li><strong>Pakiranje:<\/strong>\n<ul>\n<li>\u0160irina pakiranja: 1120 mm<\/li>\n<li>Vi\u0161ina pakiranja: 380 mm<\/li>\n<li>Dol\u017eina pakiranja: 1450 mm<\/li>\n<\/ul>\n<\/li>\n<li><strong>Splo\u0161ni podatki:<\/strong>\n<ul>\n<li>EAN koda: 9120058373732<\/li>\n<\/ul>\n<\/li>\n<\/ul>\n","protected":false},"excerpt":{"rendered":"<h3>Poudarki izdelka<\/h3>\n<ul>\n<li>Mo\u010dan magnetni zlo\u017eljivi stroj s prilo\u017eeno stopalko<\/li>\n<li>Udoben, hiter in izjemno enostaven za uporabo<\/li>\n<li>Visoka pro\u017enost in natan\u010den prenos mo\u010di<\/li>\n<li>Primeren za upogibanje jekla, aluminija, nerjave\u010dega jekla, bakra in drugih materialov<\/li>\n<\/ul>\n","protected":false},"featured_media":3816,"template":"","meta":[],"product_brand":[],"product_cat":[1043,1052],"product_tag":[],"class_list":{"0":"post-3815","1":"product","2":"type-product","3":"status-publish","4":"has-post-thumbnail","6":"product_cat-stroji-za-kovine","7":"product_cat-upogibni-stroji","9":"first","10":"instock","11":"shipping-taxable","12":"purchasable","13":"product-type-simple"},"_links":{"self":[{"href":"https:\/\/www.depoles.com\/hr\/wp-json\/wp\/v2\/product\/3815","targetHints":{"allow":["GET"]}}],"collection":[{"href":"https:\/\/www.depoles.com\/hr\/wp-json\/wp\/v2\/product"}],"about":[{"href":"https:\/\/www.depoles.com\/hr\/wp-json\/wp\/v2\/types\/product"}],"wp:featuredmedia":[{"embeddable":true,"href":"https:\/\/www.depoles.com\/hr\/wp-json\/wp\/v2\/media\/3816"}],"wp:attachment":[{"href":"https:\/\/www.depoles.com\/hr\/wp-json\/wp\/v2\/media?parent=3815"}],"wp:term":[{"taxonomy":"product_brand","embeddable":true,"href":"https:\/\/www.depoles.com\/hr\/wp-json\/wp\/v2\/product_brand?post=3815"},{"taxonomy":"product_cat","embeddable":true,"href":"https:\/\/www.depoles.com\/hr\/wp-json\/wp\/v2\/product_cat?post=3815"},{"taxonomy":"product_tag","embeddable":true,"href":"https:\/\/www.depoles.com\/hr\/wp-json\/wp\/v2\/product_tag?post=3815"}],"curies":[{"name":"wp","href":"https:\/\/api.w.org\/{rel}","templated":true}]}}