{"id":3817,"date":"2020-04-08T09:53:59","date_gmt":"2020-04-08T07:53:59","guid":{"rendered":"https:\/\/nova.depoles.com\/trgovina\/upogibni-abkant-stroj-za-plocevino-akm1220\/"},"modified":"2026-04-08T11:07:59","modified_gmt":"2026-04-08T09:07:59","slug":"upogibni-abkant-stroj-za-plocevino-akm1220","status":"publish","type":"product","link":"https:\/\/www.depoles.com\/hr\/trgovina\/upogibni-abkant-stroj-za-plocevino-akm1220\/","title":{"rendered":"Savijaju\u0107i abkant stroj za lim AKM1220"},"content":{"rendered":"<p>Tehni\u010dne zna\u010dilnosti:<\/p>\n<p>Delovna dol\u017eina: 1220 mm<\/p>\n<p>Najve\u010dja debelina plo\u010devine: 1,5 mm<\/p>\n<p>Najve\u010dja \u0161irina odprtine: 30 mm<\/p>\n<p>Kot upogibanja: 0 do 135 \u00b0C<\/p>\n<p>\u0160irina: 1500 mm<\/p>\n<p>Globina: 350 mm<\/p>\n<p>Vi\u0161ina: 530 mm<\/p>\n<p>Pribli\u017ena te\u017ea: 140 kg<\/p>\n<p>Segment: 5 x 50 mm \/ 5 x 76 mm \/ 5 x 102 mm<\/p>\n<p>Velikost: 660 x 1630 x 490 mm<\/p>\n<p>Te\u017ea: 140 kg<\/p>\n<h3><\/h3>\n<div class=\"row groupRow\">\n<div class=\"zusatzInfo\">\n<div class=\"col-sm-6 col-xs-6\">\n<div class=\"border-bottom-dotted\"><strong>general data<\/strong><\/div>\n<\/div>\n<div class=\"clearfix\"><\/div>\n<\/div>\n<\/div>\n<div class=\"row\">\n<div class=\"zusatzInfo\">\n<div class=\"col-sm-6 col-xs-6\">\n<div class=\"border-bottom-dotted\">EAN code<\/div>\n<\/div>\n<div class=\"col-sm-6 col-xs-6\">\n<div class=\"border-bottom-dotted\">9120039904351<\/div>\n<\/div>\n<div class=\"clearfix\"><\/div>\n<\/div>\n<\/div>\n","protected":false},"excerpt":{"rendered":"<h5>AKM 1220<\/h5>\n<ul>\n<li>\n<h5>\u00a0stroj z HQ jeklenimi krivinami za visoko natan\u010dnost<\/h5>\n<\/li>\n<li>\n<h5>priro\u010den ekscentri\u010dni sistem vpenjanja<\/h5>\n<\/li>\n<li>\n<h5>veliko razli\u010dnih velikosti upogibnih segmentov za razli\u010dne delovne kose<\/h5>\n<\/li>\n<li>\n<h5>premi\u010dni upogibni segmenti<\/h5>\n<\/li>\n<li>\n<h5>luknje v podno\u017eju za pritrditev stroja za delovno mizo<\/h5>\n<\/li>\n<li>\n<h5>stojalo neobvezno<\/h5>\n<\/li>\n<li>\n<h5>Tehni\u010dne zna\u010dilnosti:<br \/>\nDelovna dol\u017eina: 1220 mm<br \/>\nNajve\u010dja debelina plo\u010devine: 1,5 mm<br \/>\nNajve\u010dja \u0161irina odprtine: 30 mm<br \/>\nKot upogibanja: 0 do 135 \u00b0C<br \/>\n\u0160irina: 1500 mm<br \/>\nGlobina: 350 mm<br \/>\nVi\u0161ina: 530 mm<br \/>\nPribli\u017ena te\u017ea: 140 kg<br \/>\nSegment: 5 x 50 mm \/ 5 x 76 mm \/ 5 x 102 mm<br \/>\nVelikost: 660 x 1630 x 490 mm<br \/>\nTe\u017ea: 140 kg<\/h5>\n<\/li>\n<\/ul>\n<h5>DOPLA\u010cILO STOJALO: AKM 1220 MS =219\u20ac<\/h5>\n","protected":false},"featured_media":3818,"template":"","meta":[],"product_brand":[],"product_cat":[1043,1052],"product_tag":[],"class_list":{"0":"post-3817","1":"product","2":"type-product","3":"status-publish","4":"has-post-thumbnail","6":"product_cat-stroji-za-kovine","7":"product_cat-upogibni-stroji","9":"first","10":"instock","11":"shipping-taxable","12":"purchasable","13":"product-type-simple"},"_links":{"self":[{"href":"https:\/\/www.depoles.com\/hr\/wp-json\/wp\/v2\/product\/3817","targetHints":{"allow":["GET"]}}],"collection":[{"href":"https:\/\/www.depoles.com\/hr\/wp-json\/wp\/v2\/product"}],"about":[{"href":"https:\/\/www.depoles.com\/hr\/wp-json\/wp\/v2\/types\/product"}],"wp:featuredmedia":[{"embeddable":true,"href":"https:\/\/www.depoles.com\/hr\/wp-json\/wp\/v2\/media\/3818"}],"wp:attachment":[{"href":"https:\/\/www.depoles.com\/hr\/wp-json\/wp\/v2\/media?parent=3817"}],"wp:term":[{"taxonomy":"product_brand","embeddable":true,"href":"https:\/\/www.depoles.com\/hr\/wp-json\/wp\/v2\/product_brand?post=3817"},{"taxonomy":"product_cat","embeddable":true,"href":"https:\/\/www.depoles.com\/hr\/wp-json\/wp\/v2\/product_cat?post=3817"},{"taxonomy":"product_tag","embeddable":true,"href":"https:\/\/www.depoles.com\/hr\/wp-json\/wp\/v2\/product_tag?post=3817"}],"curies":[{"name":"wp","href":"https:\/\/api.w.org\/{rel}","templated":true}]}}