{"id":3831,"date":"2020-04-08T09:53:34","date_gmt":"2020-04-08T07:53:34","guid":{"rendered":"https:\/\/nova.depoles.com\/trgovina\/spodnje-celjusti-z-nagnjenimi-stroji-akm1020ps\/"},"modified":"2026-02-12T13:40:24","modified_gmt":"2026-02-12T12:40:24","slug":"spodnje-celjusti-z-nagnjenimi-stroji-akm1020ps","status":"publish","type":"product","link":"https:\/\/www.depoles.com\/hr\/trgovina\/spodnje-celjusti-z-nagnjenimi-stroji-akm1020ps\/","title":{"rendered":"Savijaju\u0107i abkant stroj za lim AKM1020PS"},"content":{"rendered":"<p><strong>Tehni\u010dne specifikacije<\/strong><\/p>\n<ul>\n<li><strong>Dimenzije<\/strong>\n<ul>\n<li>Delovna dol\u017eina: 1020 mm<\/li>\n<\/ul>\n<\/li>\n<li><strong>Obdelava plo\u010devine<\/strong>\n<ul>\n<li>Maksimalna debelina ravnega materiala: 2 mm<\/li>\n<li>Maksimalni kot upogibanja: 135\u00b0<\/li>\n<li>Maksimalna \u0161irina odprtine: 50 mm<\/li>\n<\/ul>\n<\/li>\n<li><strong>Te\u017ea<\/strong>\n<ul>\n<li>Bruto te\u017ea: 365 kg<\/li>\n<li>Netto te\u017ea: 320 kg<\/li>\n<\/ul>\n<\/li>\n<li><strong>Embala\u017ea<\/strong>\n<ul>\n<li>Dol\u017eina embala\u017ee: 1420 mm<\/li>\n<li>\u0160irina embala\u017ee: 660 mm<\/li>\n<li>Vi\u0161ina embala\u017ee: 1280 mm<\/li>\n<\/ul>\n<\/li>\n<li><strong>Splo\u0161ni podatki<\/strong>\n<ul>\n<li>EAN koda: 9120039904009<\/li>\n<\/ul>\n<\/li>\n<\/ul>\n","protected":false},"excerpt":{"rendered":"<h3>Poudarki<\/h3>\n<p>AKM 1020PS je trden stroj z segmentirano zgornjo in spodnjo \u010deljustjo, ki omogo\u010da \u0161iroko paleto mo\u017enosti upogibanja. Njegove glavne prednosti so:<\/p>\n<ul>\n<li>visoka natan\u010dnost zaradi HQ jeklenih krivin<\/li>\n<li>enostavno odpiranje zgornje \u010deljusti s stopalko<\/li>\n<li>razli\u010dne velikosti upogibnih segmentov za raznovrstne delovne kose<\/li>\n<li>premi\u010dni upogibni segmenti<\/li>\n<li>enostavno nastavljivo odpiranje \u010deljusti s pomo\u010djo velikih nastavitvenih gumbov<\/li>\n<li>lestvica za merjenje upogibnega kota<\/li>\n<\/ul>\n","protected":false},"featured_media":3832,"template":"","meta":[],"product_brand":[],"product_cat":[1043,1052],"product_tag":[],"class_list":{"0":"post-3831","1":"product","2":"type-product","3":"status-publish","4":"has-post-thumbnail","6":"product_cat-stroji-za-kovine","7":"product_cat-upogibni-stroji","9":"first","10":"instock","11":"shipping-taxable","12":"purchasable","13":"product-type-simple"},"_links":{"self":[{"href":"https:\/\/www.depoles.com\/hr\/wp-json\/wp\/v2\/product\/3831","targetHints":{"allow":["GET"]}}],"collection":[{"href":"https:\/\/www.depoles.com\/hr\/wp-json\/wp\/v2\/product"}],"about":[{"href":"https:\/\/www.depoles.com\/hr\/wp-json\/wp\/v2\/types\/product"}],"wp:featuredmedia":[{"embeddable":true,"href":"https:\/\/www.depoles.com\/hr\/wp-json\/wp\/v2\/media\/3832"}],"wp:attachment":[{"href":"https:\/\/www.depoles.com\/hr\/wp-json\/wp\/v2\/media?parent=3831"}],"wp:term":[{"taxonomy":"product_brand","embeddable":true,"href":"https:\/\/www.depoles.com\/hr\/wp-json\/wp\/v2\/product_brand?post=3831"},{"taxonomy":"product_cat","embeddable":true,"href":"https:\/\/www.depoles.com\/hr\/wp-json\/wp\/v2\/product_cat?post=3831"},{"taxonomy":"product_tag","embeddable":true,"href":"https:\/\/www.depoles.com\/hr\/wp-json\/wp\/v2\/product_tag?post=3831"}],"curies":[{"name":"wp","href":"https:\/\/api.w.org\/{rel}","templated":true}]}}