{"id":3833,"date":"2020-04-08T09:53:32","date_gmt":"2020-04-08T07:53:32","guid":{"rendered":"https:\/\/nova.depoles.com\/trgovina\/spodnje-celjusti-z-nagnjenimi-stroji-akm1270ps\/"},"modified":"2025-12-17T15:43:28","modified_gmt":"2025-12-17T14:43:28","slug":"spodnje-celjusti-z-nagnjenimi-stroji-akm1270ps","status":"publish","type":"product","link":"https:\/\/www.depoles.com\/hr\/trgovina\/spodnje-celjusti-z-nagnjenimi-stroji-akm1270ps\/","title":{"rendered":"Savijaju\u0107i abkant stroj za lim AKM1270PS"},"content":{"rendered":"<p><strong>Tehni\u010dni podatki:<\/strong><\/p>\n<ul>\n<li><strong>Dimenzije:<\/strong>\n<ul>\n<li>Delovna dol\u017eina: 1270 mm<\/li>\n<\/ul>\n<\/li>\n<li><strong>Obdelava plo\u010devine:<\/strong>\n<ul>\n<li>Maksimalna debelina ravnega materiala: 2 mm<\/li>\n<li>Maksimalni kot upogibanja: 135\u00b0<\/li>\n<li>Maksimalna \u0161irina odprtine: 47 mm<\/li>\n<\/ul>\n<\/li>\n<li><strong>Te\u017ea:<\/strong>\n<ul>\n<li>Bruto te\u017ea: 400 kg<\/li>\n<li>Netto te\u017ea: 360 kg<\/li>\n<\/ul>\n<\/li>\n<li><strong>Pakiranje:<\/strong>\n<ul>\n<li>Dol\u017eina pakiranja: 1620 mm<\/li>\n<li>\u0160irina pakiranja: 700 mm<\/li>\n<li>Vi\u0161ina pakiranja: 1280 mm<\/li>\n<\/ul>\n<\/li>\n<li><strong>Splo\u0161ni podatki:<\/strong>\n<ul>\n<li>EAN koda: 9120039904016<\/li>\n<\/ul>\n<\/li>\n<\/ul>\n","protected":false},"excerpt":{"rendered":"<h3>Poudarki<\/h3>\n<p>AKM 1020PS z segmentirano zgornjo in spodnjo \u010deljustjo omogo\u010da \u0161irok nabor mo\u017enosti upogibanja. Stroj je robusten, opremljen z visokokakovostnimi jeklenimi krivinami za natan\u010dno delo. Zgornjo \u010deljust lahko enostavno odprete s stopalko, na voljo pa je veliko razli\u010dnih velikosti upogibnih segmentov za razli\u010dne delovne kose. Premi\u010dni segmenti in nastavljivo odpiranje \u010deljusti z velikimi gumbi omogo\u010dajo enostavno uporabo. Prav tako je na voljo lestvica upogibnega kota.<\/p>\n","protected":false},"featured_media":3834,"template":"","meta":[],"product_brand":[],"product_cat":[1043],"product_tag":[],"class_list":{"0":"post-3833","1":"product","2":"type-product","3":"status-publish","4":"has-post-thumbnail","6":"product_cat-stroji-za-kovine","8":"first","9":"instock","10":"shipping-taxable","11":"purchasable","12":"product-type-simple"},"_links":{"self":[{"href":"https:\/\/www.depoles.com\/hr\/wp-json\/wp\/v2\/product\/3833","targetHints":{"allow":["GET"]}}],"collection":[{"href":"https:\/\/www.depoles.com\/hr\/wp-json\/wp\/v2\/product"}],"about":[{"href":"https:\/\/www.depoles.com\/hr\/wp-json\/wp\/v2\/types\/product"}],"wp:featuredmedia":[{"embeddable":true,"href":"https:\/\/www.depoles.com\/hr\/wp-json\/wp\/v2\/media\/3834"}],"wp:attachment":[{"href":"https:\/\/www.depoles.com\/hr\/wp-json\/wp\/v2\/media?parent=3833"}],"wp:term":[{"taxonomy":"product_brand","embeddable":true,"href":"https:\/\/www.depoles.com\/hr\/wp-json\/wp\/v2\/product_brand?post=3833"},{"taxonomy":"product_cat","embeddable":true,"href":"https:\/\/www.depoles.com\/hr\/wp-json\/wp\/v2\/product_cat?post=3833"},{"taxonomy":"product_tag","embeddable":true,"href":"https:\/\/www.depoles.com\/hr\/wp-json\/wp\/v2\/product_tag?post=3833"}],"curies":[{"name":"wp","href":"https:\/\/api.w.org\/{rel}","templated":true}]}}