{"id":3835,"date":"2020-04-08T09:53:31","date_gmt":"2020-04-08T07:53:31","guid":{"rendered":"https:\/\/nova.depoles.com\/trgovina\/strojno-stojalo-ubm1400ms\/"},"modified":"2025-12-17T23:49:15","modified_gmt":"2025-12-17T22:49:15","slug":"strojno-stojalo-ubm1400ms","status":"publish","type":"product","link":"https:\/\/www.depoles.com\/hr\/trgovina\/strojno-stojalo-ubm1400ms\/","title":{"rendered":"Strojni stalak UBM1400MS"},"content":{"rendered":"<p><strong>Tehni\u010dni podatki<\/strong><\/p>\n<ul>\n<li><strong>Te\u017ea<\/strong>\n<ul>\n<li>Bruto te\u017ea: 30 kg<\/li>\n<li>Netto te\u017ea: 28 kg<\/li>\n<\/ul>\n<\/li>\n<li><strong>Pakiranje<\/strong>\n<ul>\n<li>Dol\u017eina pakiranja: 1.350 mm<\/li>\n<li>\u0160irina pakiranja: 650 mm<\/li>\n<li>Vi\u0161ina pakiranja: 100 mm<\/li>\n<\/ul>\n<\/li>\n<li><strong>Splo\u0161ni podatki<\/strong>\n<ul>\n<li>EAN koda: 9120039906485<\/li>\n<\/ul>\n<\/li>\n<\/ul>\n","protected":false},"excerpt":{"rendered":"<p>Tehni\u010dni podatki Te\u017ea Bruto te\u017ea: 30 kg Netto te\u017ea: 28 kg Pakiranje Dol\u017eina pakiranja: 1.350 mm \u0160irina pakiranja: 650 mm Vi\u0161ina pakiranja: 100 mm Splo\u0161ni podatki EAN koda: 9120039906485<\/p>\n","protected":false},"featured_media":3836,"template":"","meta":[],"product_brand":[],"product_cat":[1043,1050],"product_tag":[],"class_list":{"0":"post-3835","1":"product","2":"type-product","3":"status-publish","4":"has-post-thumbnail","6":"product_cat-stroji-za-kovine","7":"product_cat-univerzalni-stroji-3v1","9":"first","10":"instock","11":"shipping-taxable","12":"purchasable","13":"product-type-simple"},"_links":{"self":[{"href":"https:\/\/www.depoles.com\/hr\/wp-json\/wp\/v2\/product\/3835","targetHints":{"allow":["GET"]}}],"collection":[{"href":"https:\/\/www.depoles.com\/hr\/wp-json\/wp\/v2\/product"}],"about":[{"href":"https:\/\/www.depoles.com\/hr\/wp-json\/wp\/v2\/types\/product"}],"wp:featuredmedia":[{"embeddable":true,"href":"https:\/\/www.depoles.com\/hr\/wp-json\/wp\/v2\/media\/3836"}],"wp:attachment":[{"href":"https:\/\/www.depoles.com\/hr\/wp-json\/wp\/v2\/media?parent=3835"}],"wp:term":[{"taxonomy":"product_brand","embeddable":true,"href":"https:\/\/www.depoles.com\/hr\/wp-json\/wp\/v2\/product_brand?post=3835"},{"taxonomy":"product_cat","embeddable":true,"href":"https:\/\/www.depoles.com\/hr\/wp-json\/wp\/v2\/product_cat?post=3835"},{"taxonomy":"product_tag","embeddable":true,"href":"https:\/\/www.depoles.com\/hr\/wp-json\/wp\/v2\/product_tag?post=3835"}],"curies":[{"name":"wp","href":"https:\/\/api.w.org\/{rel}","templated":true}]}}