{"id":3851,"date":"2020-04-08T09:53:12","date_gmt":"2020-04-08T07:53:12","guid":{"rendered":"https:\/\/nova.depoles.com\/trgovina\/skarje-za-plocevino-hs100flex\/"},"modified":"2026-02-12T13:51:04","modified_gmt":"2026-02-12T12:51:04","slug":"skarje-za-plocevino-hs100flex","status":"publish","type":"product","link":"https:\/\/www.depoles.com\/hr\/trgovina\/skarje-za-plocevino-hs100flex\/","title":{"rendered":"\u0161kare za lim HS100FLEX"},"content":{"rendered":"<p><strong>Tehni\u010dni podatki<\/strong><\/p>\n<table>\n<tbody>\n<tr>\n<th colspan=\"2\">Obdelava plo\u010devine<\/th>\n<\/tr>\n<tr>\n<td>Najve\u010dja debelina plo\u010devine (mm)<\/td>\n<td>1,5<\/td>\n<\/tr>\n<tr>\n<td>Najve\u010dja \u0161irina materiala (mm)<\/td>\n<td>70<\/td>\n<\/tr>\n<tr>\n<th colspan=\"2\">Te\u017ea<\/th>\n<\/tr>\n<tr>\n<td>Bruto te\u017ea (kg)<\/td>\n<td>8<\/td>\n<\/tr>\n<tr>\n<td>Netto te\u017ea (kg)<\/td>\n<td>7<\/td>\n<\/tr>\n<tr>\n<th colspan=\"2\">Pakiranje<\/th>\n<\/tr>\n<tr>\n<td>\u0160irina pakiranja (mm)<\/td>\n<td>320<\/td>\n<\/tr>\n<tr>\n<td>Dol\u017eina pakiranja (mm)<\/td>\n<td>500<\/td>\n<\/tr>\n<tr>\n<td>Vi\u0161ina pakiranja (mm)<\/td>\n<td>210<\/td>\n<\/tr>\n<tr>\n<th colspan=\"2\">Splo\u0161ni podatki<\/th>\n<\/tr>\n<tr>\n<td>EAN koda<\/td>\n<td>9120058375606<\/td>\n<\/tr>\n<\/tbody>\n<\/table>\n","protected":false},"excerpt":{"rendered":"<h3>Poudarki<\/h3>\n<p>Ta orodje omogo\u010da u\u010dinkovito in fleksibilno rezanje plo\u010devine do 1,5 mm debeline. Zasnovano je za enostavno uporabo in trdno pritrditev.<\/p>\n<ul>\n<li>460 mm dolga ro\u010dica za prenos velike mo\u010di<\/li>\n<li>Zasnova z odprtim grlom za posebej fleksibilno rezanje<\/li>\n<li>Re\u017ee plo\u010devino do 1,5 mm debeline<\/li>\n<li>70 mm \u0161irina reza<\/li>\n<li>3 luknje na spodnji plo\u0161\u010di za fiksno namestitev<\/li>\n<li>Te\u017ea: 7 kg<\/li>\n<\/ul>\n","protected":false},"featured_media":3852,"template":"","meta":[],"product_brand":[],"product_cat":[1047,1043],"product_tag":[637,751],"class_list":{"0":"post-3851","1":"product","2":"type-product","3":"status-publish","4":"has-post-thumbnail","6":"product_cat-skarje-za-plocevino","7":"product_cat-stroji-za-kovine","8":"product_tag-plocevino","9":"product_tag-skarje","11":"first","12":"instock","13":"shipping-taxable","14":"purchasable","15":"product-type-simple"},"_links":{"self":[{"href":"https:\/\/www.depoles.com\/hr\/wp-json\/wp\/v2\/product\/3851","targetHints":{"allow":["GET"]}}],"collection":[{"href":"https:\/\/www.depoles.com\/hr\/wp-json\/wp\/v2\/product"}],"about":[{"href":"https:\/\/www.depoles.com\/hr\/wp-json\/wp\/v2\/types\/product"}],"wp:featuredmedia":[{"embeddable":true,"href":"https:\/\/www.depoles.com\/hr\/wp-json\/wp\/v2\/media\/3852"}],"wp:attachment":[{"href":"https:\/\/www.depoles.com\/hr\/wp-json\/wp\/v2\/media?parent=3851"}],"wp:term":[{"taxonomy":"product_brand","embeddable":true,"href":"https:\/\/www.depoles.com\/hr\/wp-json\/wp\/v2\/product_brand?post=3851"},{"taxonomy":"product_cat","embeddable":true,"href":"https:\/\/www.depoles.com\/hr\/wp-json\/wp\/v2\/product_cat?post=3851"},{"taxonomy":"product_tag","embeddable":true,"href":"https:\/\/www.depoles.com\/hr\/wp-json\/wp\/v2\/product_tag?post=3851"}],"curies":[{"name":"wp","href":"https:\/\/api.w.org\/{rel}","templated":true}]}}