{"id":3854,"date":"2020-04-08T09:53:06","date_gmt":"2020-04-08T07:53:06","guid":{"rendered":"https:\/\/nova.depoles.com\/trgovina\/elektricne-skarje-za-plocevino-tbs2050e3_400v\/"},"modified":"2025-12-17T15:44:33","modified_gmt":"2025-12-17T14:44:33","slug":"elektricne-skarje-za-plocevino-tbs2050e3_400v","status":"publish","type":"product","link":"https:\/\/www.depoles.com\/hr\/trgovina\/elektricne-skarje-za-plocevino-tbs2050e3_400v\/","title":{"rendered":"Elektri\u010dne \u0161kare za lim TBS2050E3_400V"},"content":{"rendered":"<p><strong>Tehni\u010dne specifikacije<\/strong><\/p>\n<ul>\n<li><strong>Podatki o motorju<\/strong>\n<ul>\n<li>Mo\u010d motorja S1: 4000 W<\/li>\n<li>Hitrost: 70 min\u207b\u00b9<\/li>\n<li>Napetost: 400 V<\/li>\n<\/ul>\n<\/li>\n<li><strong>Dimenzije<\/strong>\n<ul>\n<li>Vi\u0161ina mize: 830 mm<\/li>\n<\/ul>\n<\/li>\n<li><strong>Obdelava plo\u010devine<\/strong>\n<ul>\n<li>Maksimalna debelina plo\u010devine: 3 mm<\/li>\n<li>Obseg zadnjega merilnika: 0-600 mm<\/li>\n<li>\u0160tevilo gibov na minuto: 30<\/li>\n<li>Kot rezanja: 2\u00b0<\/li>\n<li>Maksimalna \u0161irina materiala: 2050 mm<\/li>\n<\/ul>\n<\/li>\n<li><strong>Te\u017ea<\/strong>\n<ul>\n<li>Net te\u017ea: 1.550 kg<\/li>\n<li>Bruto te\u017ea: 1.780 kg<\/li>\n<\/ul>\n<\/li>\n<li><strong>Pakiranje<\/strong>\n<ul>\n<li>Vi\u0161ina pakiranja: 1.480 mm<\/li>\n<li>\u0160irina pakiranja: 1.160 mm<\/li>\n<li>Dol\u017eina pakiranja: 2.260 mm<\/li>\n<\/ul>\n<\/li>\n<li><strong>Splo\u0161ni podatki<\/strong>\n<ul>\n<li>EAN koda: 9120058372155<\/li>\n<\/ul>\n<\/li>\n<\/ul>\n","protected":false},"excerpt":{"rendered":"<ul>\n<li>Elektri\u010dno giljotinsko REZANJE s stopalko<\/li>\n<li>Rezilo iz jeklenega kroma iz visokega ogljika<\/li>\n<li>Dol\u017eina podalj\u0161ka spredaj 600 mm<\/li>\n<li>Standardni ro\u010dni zadnji merilnik (600 mm) z merilnikom<\/li>\n<li>\u0160\u010ditnik za zadnjo varnostno za\u0161\u010dito<\/li>\n<li>Dvojni ekscentri\u010dni pogon na rezalnem drogu<\/li>\n<li>Dr\u017ealo za plo\u010devine, prevle\u010deno z gumo<\/li>\n<li>30 udarcev na minuto<\/li>\n<li>Strok \u0161tevec<\/li>\n<li>Lahko re\u017ee plo\u010devine do debeline 3 mm<\/li>\n<\/ul>\n","protected":false},"featured_media":3855,"template":"","meta":[],"product_brand":[],"product_cat":[1047,1043],"product_tag":[314,353,441,637,751,822],"class_list":{"0":"post-3854","1":"product","2":"type-product","3":"status-publish","4":"has-post-thumbnail","6":"product_cat-skarje-za-plocevino","7":"product_cat-stroji-za-kovine","8":"product_tag-depoles","9":"product_tag-elektro","10":"product_tag-holzmann","11":"product_tag-plocevino","12":"product_tag-skarje","13":"product_tag-tbs","15":"first","16":"instock","17":"shipping-taxable","18":"purchasable","19":"product-type-simple"},"_links":{"self":[{"href":"https:\/\/www.depoles.com\/hr\/wp-json\/wp\/v2\/product\/3854","targetHints":{"allow":["GET"]}}],"collection":[{"href":"https:\/\/www.depoles.com\/hr\/wp-json\/wp\/v2\/product"}],"about":[{"href":"https:\/\/www.depoles.com\/hr\/wp-json\/wp\/v2\/types\/product"}],"wp:featuredmedia":[{"embeddable":true,"href":"https:\/\/www.depoles.com\/hr\/wp-json\/wp\/v2\/media\/3855"}],"wp:attachment":[{"href":"https:\/\/www.depoles.com\/hr\/wp-json\/wp\/v2\/media?parent=3854"}],"wp:term":[{"taxonomy":"product_brand","embeddable":true,"href":"https:\/\/www.depoles.com\/hr\/wp-json\/wp\/v2\/product_brand?post=3854"},{"taxonomy":"product_cat","embeddable":true,"href":"https:\/\/www.depoles.com\/hr\/wp-json\/wp\/v2\/product_cat?post=3854"},{"taxonomy":"product_tag","embeddable":true,"href":"https:\/\/www.depoles.com\/hr\/wp-json\/wp\/v2\/product_tag?post=3854"}],"curies":[{"name":"wp","href":"https:\/\/api.w.org\/{rel}","templated":true}]}}