{"id":3857,"date":"2020-04-08T09:53:04","date_gmt":"2020-04-08T07:53:04","guid":{"rendered":"https:\/\/nova.depoles.com\/trgovina\/elektricne-skarje-za-plocevino-tbs1250e3_400v\/"},"modified":"2025-12-17T15:44:42","modified_gmt":"2025-12-17T14:44:42","slug":"elektricne-skarje-za-plocevino-tbs1250e3_400v","status":"publish","type":"product","link":"https:\/\/www.depoles.com\/hr\/trgovina\/elektricne-skarje-za-plocevino-tbs1250e3_400v\/","title":{"rendered":"Elektri\u010dne \u0161kare za lim TBS1250E3_400V"},"content":{"rendered":"<p><strong>Tehni\u010dni podatki<\/strong><\/p>\n<table>\n<tbody>\n<tr>\n<th colspan=\"2\">Podatki o motorju<\/th>\n<\/tr>\n<tr>\n<td>Mo\u010d motorja S1 (W)<\/td>\n<td>3000<\/td>\n<\/tr>\n<tr>\n<td>Hitrost (min\u207b\u00b9)<\/td>\n<td>70<\/td>\n<\/tr>\n<tr>\n<td>Napetost<\/td>\n<td>400V<\/td>\n<\/tr>\n<tr>\n<th colspan=\"2\">Dimenzije<\/th>\n<\/tr>\n<tr>\n<td>Vi\u0161ina mize (mm)<\/td>\n<td>830<\/td>\n<\/tr>\n<tr>\n<th colspan=\"2\">Obdelava plo\u010devine<\/th>\n<\/tr>\n<tr>\n<td>Najve\u010dja debelina plo\u010devine (mm)<\/td>\n<td>3<\/td>\n<\/tr>\n<tr>\n<td>Obmo\u010dje zadnjega merilnika (mm)<\/td>\n<td>0-600<\/td>\n<\/tr>\n<tr>\n<td>\u0160tevilo gibov na minuto<\/td>\n<td>30<\/td>\n<\/tr>\n<tr>\n<td>Kotni rez<\/td>\n<td>2\u00b0<\/td>\n<\/tr>\n<tr>\n<td>Najve\u010dja \u0161irina materiala (mm)<\/td>\n<td>1250<\/td>\n<\/tr>\n<tr>\n<th colspan=\"2\">Te\u017ea<\/th>\n<\/tr>\n<tr>\n<td>Netto te\u017ea (kg)<\/td>\n<td>990<\/td>\n<\/tr>\n<tr>\n<td>Bruto te\u017ea (kg)<\/td>\n<td>1.150<\/td>\n<\/tr>\n<tr>\n<th colspan=\"2\">Pakiranje<\/th>\n<\/tr>\n<tr>\n<td>Vi\u0161ina pakiranja (mm)<\/td>\n<td>1.350<\/td>\n<\/tr>\n<tr>\n<td>\u0160irina pakiranja (mm)<\/td>\n<td>1.050<\/td>\n<\/tr>\n<tr>\n<td>Dol\u017eina pakiranja (mm)<\/td>\n<td>1.840<\/td>\n<\/tr>\n<tr>\n<th colspan=\"2\">Splo\u0161ni podatki<\/th>\n<\/tr>\n<tr>\n<td>EAN koda<\/td>\n<td>9120058372148<\/td>\n<\/tr>\n<\/tbody>\n<\/table>\n","protected":false},"excerpt":{"rendered":"<h6>pla\u010dilo tudi na obroke<\/h6>\n<ul>\n<li>Elektri\u010dne \u0161karje za plo\u010devino s stopalko<\/li>\n<li>Visokokvalitetno rezilo\/no\u017e iz jeklenega kroma in visokega ogljika<\/li>\n<li>Dol\u017eina podalj\u0161ka spredaj 600 mm<\/li>\n<li>Standardni ro\u010dni zadnji merilnik (600 mm) z merilnikom<\/li>\n<li>\u0160\u010ditnik za zadnjo varnostno za\u0161\u010dito<\/li>\n<li>Dvojni ekscentri\u010dni pogon na rezalnem drogu<\/li>\n<li>Dr\u017ealo za plo\u010devine, prevle\u010deno z gumo<\/li>\n<li>30 udarcev na minuto<\/li>\n<li>Strok \u0161tevec<\/li>\n<li>Lahko re\u017ee plo\u010devine do debeline 3 mm<\/li>\n<\/ul>\n","protected":false},"featured_media":3858,"template":"","meta":[],"product_brand":[],"product_cat":[1047,1043],"product_tag":[103,314,441,637,751,822],"class_list":{"0":"post-3857","1":"product","2":"type-product","3":"status-publish","4":"has-post-thumbnail","6":"product_cat-skarje-za-plocevino","7":"product_cat-stroji-za-kovine","8":"product_tag-103","9":"product_tag-depoles","10":"product_tag-holzmann","11":"product_tag-plocevino","12":"product_tag-skarje","13":"product_tag-tbs","15":"first","16":"instock","17":"shipping-taxable","18":"purchasable","19":"product-type-simple"},"_links":{"self":[{"href":"https:\/\/www.depoles.com\/hr\/wp-json\/wp\/v2\/product\/3857","targetHints":{"allow":["GET"]}}],"collection":[{"href":"https:\/\/www.depoles.com\/hr\/wp-json\/wp\/v2\/product"}],"about":[{"href":"https:\/\/www.depoles.com\/hr\/wp-json\/wp\/v2\/types\/product"}],"wp:featuredmedia":[{"embeddable":true,"href":"https:\/\/www.depoles.com\/hr\/wp-json\/wp\/v2\/media\/3858"}],"wp:attachment":[{"href":"https:\/\/www.depoles.com\/hr\/wp-json\/wp\/v2\/media?parent=3857"}],"wp:term":[{"taxonomy":"product_brand","embeddable":true,"href":"https:\/\/www.depoles.com\/hr\/wp-json\/wp\/v2\/product_brand?post=3857"},{"taxonomy":"product_cat","embeddable":true,"href":"https:\/\/www.depoles.com\/hr\/wp-json\/wp\/v2\/product_cat?post=3857"},{"taxonomy":"product_tag","embeddable":true,"href":"https:\/\/www.depoles.com\/hr\/wp-json\/wp\/v2\/product_tag?post=3857"}],"curies":[{"name":"wp","href":"https:\/\/api.w.org\/{rel}","templated":true}]}}