{"id":3861,"date":"2020-04-08T09:52:58","date_gmt":"2020-04-08T07:52:58","guid":{"rendered":"https:\/\/nova.depoles.com\/trgovina\/rocno-strizenje-z-valjami-rbs15\/"},"modified":"2026-03-06T14:01:35","modified_gmt":"2026-03-06T13:01:35","slug":"rocno-strizenje-z-valjami-rbs15","status":"publish","type":"product","link":"https:\/\/www.depoles.com\/hr\/trgovina\/rocno-strizenje-z-valjami-rbs15\/","title":{"rendered":"\u0160kare za lim RBS15"},"content":{"rendered":"<p><strong>Tehni\u010dni podatki:<\/strong><\/p>\n<ul>\n<li><strong>Obdelava plo\u010devine:<\/strong>\n<ul>\n<li>Najve\u010dja debelina plo\u010devine: 1,5 mm<\/li>\n<\/ul>\n<\/li>\n<li><strong>Te\u017ea:<\/strong>\n<ul>\n<li>Bruto te\u017ea: 2,50 kg<\/li>\n<li>Netto te\u017ea: 2 kg<\/li>\n<\/ul>\n<\/li>\n<li><strong>Embala\u017ea:<\/strong>\n<ul>\n<li>Vi\u0161ina embala\u017ee: 160 mm<\/li>\n<li>\u0160irina embala\u017ee: 150 mm<\/li>\n<li>Dol\u017eina embala\u017ee: 400 mm<\/li>\n<\/ul>\n<\/li>\n<li><strong>Splo\u0161ni podatki:<\/strong>\n<ul>\n<li>EAN koda: 9120058372131<\/li>\n<\/ul>\n<\/li>\n<\/ul>\n","protected":false},"excerpt":{"rendered":"<p>Ro\u010dna stri\u017enica omogo\u010da hitro, varno in natan\u010dno rezanje vseh vrst plo\u0161\u010d, tako ravnih kot ukrivljenih. Izdelek je opremljen z rezalnimi valji z ro\u010dajem za stalno krmiljenje listov ter reverzibilnim transportom plo\u010devine za \u010diste izrezke iz notranjih vogalov. Za za\u0161\u010dito pred preobremenitvijo skrbi stri\u017eni zati\u010d na spodnjem vodilnem valju. Stri\u017enica je lahko trdno pritrjena na delovno mizo ali z vijaki.<\/p>\n","protected":false},"featured_media":3862,"template":"","meta":[],"product_brand":[],"product_cat":[1047,1043],"product_tag":[],"class_list":{"0":"post-3861","1":"product","2":"type-product","3":"status-publish","4":"has-post-thumbnail","6":"product_cat-skarje-za-plocevino","7":"product_cat-stroji-za-kovine","9":"first","10":"instock","11":"shipping-taxable","12":"purchasable","13":"product-type-simple"},"_links":{"self":[{"href":"https:\/\/www.depoles.com\/hr\/wp-json\/wp\/v2\/product\/3861","targetHints":{"allow":["GET"]}}],"collection":[{"href":"https:\/\/www.depoles.com\/hr\/wp-json\/wp\/v2\/product"}],"about":[{"href":"https:\/\/www.depoles.com\/hr\/wp-json\/wp\/v2\/types\/product"}],"wp:featuredmedia":[{"embeddable":true,"href":"https:\/\/www.depoles.com\/hr\/wp-json\/wp\/v2\/media\/3862"}],"wp:attachment":[{"href":"https:\/\/www.depoles.com\/hr\/wp-json\/wp\/v2\/media?parent=3861"}],"wp:term":[{"taxonomy":"product_brand","embeddable":true,"href":"https:\/\/www.depoles.com\/hr\/wp-json\/wp\/v2\/product_brand?post=3861"},{"taxonomy":"product_cat","embeddable":true,"href":"https:\/\/www.depoles.com\/hr\/wp-json\/wp\/v2\/product_cat?post=3861"},{"taxonomy":"product_tag","embeddable":true,"href":"https:\/\/www.depoles.com\/hr\/wp-json\/wp\/v2\/product_tag?post=3861"}],"curies":[{"name":"wp","href":"https:\/\/api.w.org\/{rel}","templated":true}]}}