{"id":3863,"date":"2020-04-08T09:52:56","date_gmt":"2020-04-08T07:52:56","guid":{"rendered":"https:\/\/nova.depoles.com\/trgovina\/skarje-za-plocevino-hs200\/"},"modified":"2026-03-26T10:47:59","modified_gmt":"2026-03-26T09:47:59","slug":"skarje-za-plocevino-hs200","status":"publish","type":"product","link":"https:\/\/www.depoles.com\/hr\/trgovina\/skarje-za-plocevino-hs200\/","title":{"rendered":"\u0160kare za lim HS200"},"content":{"rendered":"<p><strong>Tehni\u010dni podatki<\/strong><\/p>\n<ul>\n<li><strong>Obdelava plo\u010devine<\/strong>\n<ul>\n<li>Najve\u010dja debelina ravnega materiala: 3-4 mm<\/li>\n<li>Najve\u010dji premer okroglega jekla: 13 mm<\/li>\n<li>Dol\u017eina no\u017ea: 200 mm<\/li>\n<\/ul>\n<\/li>\n<li><strong>Te\u017ea<\/strong>\n<ul>\n<li>Bruto te\u017ea: 19 kg<\/li>\n<li>Netto te\u017ea: 17 kg<\/li>\n<\/ul>\n<\/li>\n<li><strong>Pakiranje<\/strong>\n<ul>\n<li>Dol\u017eina pakiranja: 500 mm<\/li>\n<li>\u0160irina pakiranja: 160 mm<\/li>\n<li>Vi\u0161ina pakiranja: 450 mm<\/li>\n<\/ul>\n<\/li>\n<li><strong>Splo\u0161ni podatki<\/strong>\n<ul>\n<li>EAN koda: 9120039901374<\/li>\n<\/ul>\n<\/li>\n<\/ul>\n","protected":false},"excerpt":{"rendered":"<h3>Opis izdelka<\/h3>\n<p>Ta rezalnik je namenjen rezanju kovinskih plo\u0161\u010d, okroglih in ravnih jekel. Visokooglji\u010dne jeklene plo\u0161\u010de zagotavljajo dolgo obstojnost in zanesljivo delovanje. Opremljen je z avtomatskim potegom ro\u010dice nazaj do vzmeti, kar omogo\u010da udobno upravljanje z eno roko ter visoko zmogljivost rezanja. Samodejno dr\u017ealo prepre\u010duje torzijo med rezanjem, trdno litino pa omogo\u010da pritrditev stroja na tla za ve\u010djo stabilnost.<\/p>\n","protected":false},"featured_media":3864,"template":"","meta":[],"product_brand":[],"product_cat":[1047,1043],"product_tag":[314,637,751],"class_list":{"0":"post-3863","1":"product","2":"type-product","3":"status-publish","4":"has-post-thumbnail","6":"product_cat-skarje-za-plocevino","7":"product_cat-stroji-za-kovine","8":"product_tag-depoles","9":"product_tag-plocevino","10":"product_tag-skarje","12":"first","13":"instock","14":"shipping-taxable","15":"purchasable","16":"product-type-simple"},"_links":{"self":[{"href":"https:\/\/www.depoles.com\/hr\/wp-json\/wp\/v2\/product\/3863","targetHints":{"allow":["GET"]}}],"collection":[{"href":"https:\/\/www.depoles.com\/hr\/wp-json\/wp\/v2\/product"}],"about":[{"href":"https:\/\/www.depoles.com\/hr\/wp-json\/wp\/v2\/types\/product"}],"wp:featuredmedia":[{"embeddable":true,"href":"https:\/\/www.depoles.com\/hr\/wp-json\/wp\/v2\/media\/3864"}],"wp:attachment":[{"href":"https:\/\/www.depoles.com\/hr\/wp-json\/wp\/v2\/media?parent=3863"}],"wp:term":[{"taxonomy":"product_brand","embeddable":true,"href":"https:\/\/www.depoles.com\/hr\/wp-json\/wp\/v2\/product_brand?post=3863"},{"taxonomy":"product_cat","embeddable":true,"href":"https:\/\/www.depoles.com\/hr\/wp-json\/wp\/v2\/product_cat?post=3863"},{"taxonomy":"product_tag","embeddable":true,"href":"https:\/\/www.depoles.com\/hr\/wp-json\/wp\/v2\/product_tag?post=3863"}],"curies":[{"name":"wp","href":"https:\/\/api.w.org\/{rel}","templated":true}]}}