{"id":3865,"date":"2020-04-08T09:52:53","date_gmt":"2020-04-08T07:52:53","guid":{"rendered":"https:\/\/nova.depoles.com\/trgovina\/skarje-za-plocevino-hs300\/"},"modified":"2026-02-12T13:54:55","modified_gmt":"2026-02-12T12:54:55","slug":"skarje-za-plocevino-hs300","status":"publish","type":"product","link":"https:\/\/www.depoles.com\/hr\/trgovina\/skarje-za-plocevino-hs300\/","title":{"rendered":"\u0160kare za lim HS300"},"content":{"rendered":"<p><strong>Tehni\u010dni podatki<\/strong><\/p>\n<ul>\n<li><strong>Obdelava plo\u010devine<\/strong>\n<ul>\n<li>Maksimalna debelina ravnega materiala: 6 mm<\/li>\n<li>Maksimalni premer okroglega jekla: 13 mm<\/li>\n<li>Dol\u017eina no\u017ea: 300 mm<\/li>\n<\/ul>\n<\/li>\n<li><strong>Te\u017ea<\/strong>\n<ul>\n<li>Bruto te\u017ea: 28 kg<\/li>\n<li>Netto te\u017ea: 26 kg<\/li>\n<\/ul>\n<\/li>\n<li><strong>Pakiranje<\/strong>\n<ul>\n<li>Dol\u017eina pakiranja: 740 mm<\/li>\n<li>\u0160irina pakiranja: 160 mm<\/li>\n<li>Vi\u0161ina pakiranja: 440 mm<\/li>\n<\/ul>\n<\/li>\n<li><strong>Splo\u0161ni podatki<\/strong>\n<ul>\n<li>EAN koda: 9120039901398<\/li>\n<\/ul>\n<\/li>\n<\/ul>\n","protected":false},"excerpt":{"rendered":"<h3>Opis izdelka<\/h3>\n<p>Ta rezalnik je zasnovan za u\u010dinkovito rezanje kovinskih plo\u0161\u010d ter okroglih in ravnih jekel. Izdelan je iz visoko kakovostnih ogljikovih jeklenih plo\u0161\u010d, ki zagotavljajo dolgo obstojnost in zanesljivost. Naprava omogo\u010da udobno upravljanje z eno roko, hkrati pa ponuja visoko zmogljivost rezanja.<\/p>\n<ul>\n<li>Primeren za rezanje kovinskih plo\u0161\u010d, okroglih in ravnih jekel<\/li>\n<li>Visoko ogljikove jeklene plo\u0161\u010de za dolgo obstojnost<\/li>\n<li>Avtomatski poteg nazaj ro\u010dice do vzmeti<\/li>\n<li>Udobno upravljanje z eno roko in velika zmogljivost rezanja<\/li>\n<li>Samodejno dr\u017ealo prepre\u010duje torzijo med rezanjem<\/li>\n<li>Ohi\u0161je iz trdnega litega \u017eeleza z luknjami za pritrditev, na primer na tla<\/li>\n<\/ul>\n","protected":false},"featured_media":3866,"template":"","meta":[],"product_brand":[],"product_cat":[1047,1043],"product_tag":[],"class_list":{"0":"post-3865","1":"product","2":"type-product","3":"status-publish","4":"has-post-thumbnail","6":"product_cat-skarje-za-plocevino","7":"product_cat-stroji-za-kovine","9":"first","10":"instock","11":"shipping-taxable","12":"purchasable","13":"product-type-simple"},"_links":{"self":[{"href":"https:\/\/www.depoles.com\/hr\/wp-json\/wp\/v2\/product\/3865","targetHints":{"allow":["GET"]}}],"collection":[{"href":"https:\/\/www.depoles.com\/hr\/wp-json\/wp\/v2\/product"}],"about":[{"href":"https:\/\/www.depoles.com\/hr\/wp-json\/wp\/v2\/types\/product"}],"wp:featuredmedia":[{"embeddable":true,"href":"https:\/\/www.depoles.com\/hr\/wp-json\/wp\/v2\/media\/3866"}],"wp:attachment":[{"href":"https:\/\/www.depoles.com\/hr\/wp-json\/wp\/v2\/media?parent=3865"}],"wp:term":[{"taxonomy":"product_brand","embeddable":true,"href":"https:\/\/www.depoles.com\/hr\/wp-json\/wp\/v2\/product_brand?post=3865"},{"taxonomy":"product_cat","embeddable":true,"href":"https:\/\/www.depoles.com\/hr\/wp-json\/wp\/v2\/product_cat?post=3865"},{"taxonomy":"product_tag","embeddable":true,"href":"https:\/\/www.depoles.com\/hr\/wp-json\/wp\/v2\/product_tag?post=3865"}],"curies":[{"name":"wp","href":"https:\/\/api.w.org\/{rel}","templated":true}]}}